{"id":140112,"date":"2024-06-03T07:37:45","date_gmt":"2024-06-03T05:37:46","guid":{"rendered":"https:\/\/metal-badge.ch\/?post_type=product&#038;p=140112"},"modified":"2024-06-03T07:47:35","modified_gmt":"2024-06-03T05:47:35","slug":"lampe-de-signalisation-glo-toob-version-aaa-a-3-modes-declairage-verte","status":"publish","type":"product","link":"https:\/\/metal-badge.ch\/fr\/product\/140112\/lampe-de-signalisation-glo-toob-version-aaa-a-3-modes-declairage-verte\/","title":{"rendered":"Lampe de signalisation GLO-TOOB version AAA \u00e0 3 modes d&rsquo;\u00e9clairage &#8211; verte"},"content":{"rendered":"<p><span style=\"font-weight: 400;\">La s\u00e9rie GLO-TOOB est le compagnon id\u00e9al pour les conditions environnementales extr\u00eames. Gr\u00e2ce \u00e0 leur \u00e9tanch\u00e9it\u00e9 jusqu&rsquo;\u00e0 60 m et \u00e0 leur robustesse, elles sont id\u00e9ales pour une utilisation en ext\u00e9rieur par les pompiers, les services de secours, les forces arm\u00e9es et bien d&rsquo;autres. Comme elles sont disponibles dans diff\u00e9rentes couleurs, elles sont id\u00e9ales pour rendre visibles des objets, des animaux, des groupes ou des fonctions dans la nuit. Nombreuses possibilit\u00e9s d&rsquo;utilisation (par exemple mont\u00e9es sur un casque ou un sac \u00e0 dos) et disponibles dans diff\u00e9rentes couleurs.&nbsp;<\/span><\/p>\n<p><b>Informations sur le produit :&nbsp;<\/b><\/p>\n<ul>\n<li><span style=\"font-weight: 400;\">D\u00e9signation : GLO-TOOB AAA vert&nbsp;<\/span><\/li>\n<li><span style=\"font-weight: 400;\">Marque : Nextorch&nbsp;<\/span><\/li>\n<li><span style=\"font-weight: 400;\">Lampe de signalisation&nbsp;<\/span><\/li>\n<li><span style=\"font-weight: 400;\">\u00c9tanche jusqu\u2019\u00e0 60 m<\/span><\/li>\n<li><span style=\"font-weight: 400;\">3 modes (\u00e9lev\u00e9 \/ faible \/ clignotant) et lumi\u00e8re continue&nbsp;<\/span><\/li>\n<li><span style=\"font-weight: 400;\">Angle d\u2019\u00e9clairage \/ visibilit\u00e9 360\u00ba&nbsp;<\/span><\/li>\n<li><span style=\"font-weight: 400;\">Pile AAA (comprise)<\/span><\/li>\n<li><span style=\"font-weight: 400;\">Pile de 34 g incluse<\/span><\/li>\n<li><span style=\"font-weight: 400;\">R\u00e9sistant \u00e0 des temp\u00e9ratures de -15\u00ba C \u00e0 +55\u00ba C<\/span><\/li>\n<li><span style=\"font-weight: 400;\">Avec cordon noir en nylon&nbsp;<\/span><\/li>\n<li><span style=\"font-weight: 400;\">Poids : 34 g batterie comprise&nbsp;<\/span><\/li>\n<li><span style=\"font-weight: 400;\">D\u00e9tail&nbsp;: lumi\u00e8re \u00e9lev\u00e9e, 4 heures ; lumi\u00e8re faible : 15 heures&nbsp;<\/span><\/li>\n<li><span style=\"font-weight: 400;\">Dimensions : longueur 77,4 mm \/ Diam\u00e8tre : 19 cm<\/span><\/li>\n<li><span style=\"font-weight: 400;\">Disponible dans les couleurs suivantes : Lumi\u00e8re blanche \/ verte \/ rouge \/ bleu \/ jaune<\/span><\/li>\n<\/ul>\n","protected":false},"excerpt":{"rendered":"<p><span style=\"font-weight: 400;\">La s\u00e9rie GLO-TOOB est le compagnon id\u00e9al pour les conditions environnementales extr\u00eames. Gr\u00e2ce \u00e0 leur \u00e9tanch\u00e9it\u00e9 jusqu&rsquo;\u00e0 60 m et \u00e0 leur robustesse, elles sont id\u00e9ales pour une utilisation en ext\u00e9rieur par les pompiers, les services de secours, les forces arm\u00e9es et bien d&rsquo;autres. Comme elles sont disponibles dans diff\u00e9rentes couleurs, elles sont id\u00e9ales pour rendre visibles des objets, des animaux, des groupes ou des fonctions dans la nuit. Nombreuses possibilit\u00e9s d&rsquo;utilisation (par exemple mont\u00e9es sur un casque ou un sac \u00e0 dos) et disponibles dans diff\u00e9rentes couleurs.&nbsp;<\/span><\/p>\n","protected":false},"featured_media":140128,"comment_status":"closed","ping_status":"closed","template":"","meta":{"inline_featured_image":false},"product_brand":[],"product_cat":[1343,887,1347,1946],"product_tag":[1769,1781],"class_list":{"0":"post-140112","1":"product","2":"type-product","3":"status-publish","4":"has-post-thumbnail","6":"product_cat-lampes-lampes-de-poche","7":"product_cat-accessoires","8":"product_cat-accessoires-militaires-de-chasse","9":"product_cat-organisations-lumiere-bleue-securite","10":"product_tag-army-survival-fr","11":"product_tag-police-securite","13":"first","14":"instock","15":"taxable","16":"shipping-taxable","17":"purchasable","18":"product-type-simple"},"_links":{"self":[{"href":"https:\/\/metal-badge.ch\/fr\/wp-json\/wp\/v2\/product\/140112","targetHints":{"allow":["GET"]}}],"collection":[{"href":"https:\/\/metal-badge.ch\/fr\/wp-json\/wp\/v2\/product"}],"about":[{"href":"https:\/\/metal-badge.ch\/fr\/wp-json\/wp\/v2\/types\/product"}],"replies":[{"embeddable":true,"href":"https:\/\/metal-badge.ch\/fr\/wp-json\/wp\/v2\/comments?post=140112"}],"wp:featuredmedia":[{"embeddable":true,"href":"https:\/\/metal-badge.ch\/fr\/wp-json\/wp\/v2\/media\/140128"}],"wp:attachment":[{"href":"https:\/\/metal-badge.ch\/fr\/wp-json\/wp\/v2\/media?parent=140112"}],"wp:term":[{"taxonomy":"product_brand","embeddable":true,"href":"https:\/\/metal-badge.ch\/fr\/wp-json\/wp\/v2\/product_brand?post=140112"},{"taxonomy":"product_cat","embeddable":true,"href":"https:\/\/metal-badge.ch\/fr\/wp-json\/wp\/v2\/product_cat?post=140112"},{"taxonomy":"product_tag","embeddable":true,"href":"https:\/\/metal-badge.ch\/fr\/wp-json\/wp\/v2\/product_tag?post=140112"}],"curies":[{"name":"wp","href":"https:\/\/api.w.org\/{rel}","templated":true}]}}