{"id":140052,"date":"2024-06-03T06:54:45","date_gmt":"2024-06-03T04:54:46","guid":{"rendered":"https:\/\/metal-badge.ch\/?post_type=product&#038;p=140052"},"modified":"2024-06-03T07:13:45","modified_gmt":"2024-06-03T05:13:45","slug":"nextorch-ut31-lampe-a-pince-led-multifonctionnelle-a-5-modes","status":"publish","type":"product","link":"https:\/\/metal-badge.ch\/fr\/product\/140052\/nextorch-ut31-lampe-a-pince-led-multifonctionnelle-a-5-modes\/","title":{"rendered":"NEXTORCH UT31 Lampe \u00e0 pince LED multifonctionnelle \u00e0 5 modes"},"content":{"rendered":"<p><span style=\"font-weight: 400;\">La lampe LED pince universelle de g\u00e9nie. Parfaitement adapt\u00e9e \u00e0 toutes les utilisations. Batterie rechargeable incluse. Cette lampe \u00e0 pince robuste et r\u00e9sistante aux intemp\u00e9ries est assur\u00e9ment pr\u00eate \u00e0 tout et, malgr\u00e9 ses nombreuses fonctions, son utilisation est un jeu d&rsquo;enfant. La lampe NEXTORCH UT31, qui ne p\u00e8se que 41 g, peut \u00eatre fix\u00e9e partout o\u00f9 vous le souhaitez : sa pince de fixation robuste et de haute qualit\u00e9 est bien s\u00fbr incluse dans la livraison. L&rsquo;angle d&rsquo;inclinaison de l&rsquo;UT31 peut \u00eatre r\u00e9gl\u00e9 individuellement \u00e0 180\u00b0. Gr\u00e2ce \u00e0 la batterie extra puissante, ce petit appareil polyvalent dure \u00e9tonnamment longtemps et est pr\u00eat \u00e0 l&#8217;emploi tr\u00e8s rapidement gr\u00e2ce au port de charge USB-C avanc\u00e9. Pendant la charge, une LED changeant de couleur en fonction de l&rsquo;\u00e9tat de la batterie vous informe de l&rsquo;\u00e9tat actuel de celle-ci. Gr\u00e2ce \u00e0 une commande gestuelle innovante, la lampe clip LED NEXTORCH UT31 peut m\u00eame \u00eatre utilis\u00e9e en mode mains libres ! La lampe peut \u00eatre recharg\u00e9e partout o\u00f9 se trouve un port USB : sur le chargeur de t\u00e9l\u00e9phone portable, dans la voiture, ou avec n&rsquo;importe quelle batterie de recharge portable disponible dans le commerce.<\/span><\/p>\n<p><b>Informations sur le produit :<\/b><\/p>\n<ul>\n<li><span style=\"font-weight: 400;\">Marque : Nextorch UT31<\/span><\/li>\n<li><span style=\"font-weight: 400;\">Lampe LED \u00e0 pince polyvalente avec 5 modes<\/span><\/li>\n<\/ul>\n<p><b>Les modes suivants peuvent \u00eatre r\u00e9gl\u00e9s sur la lampe UT31 :&nbsp;<\/b><\/p>\n<ol>\n<li><span style=\"font-weight: 400;\"> &nbsp; Lumi\u00e8re \u00e0 longue port\u00e9e avec 220 lumens et 53 m\u00e8tres d&rsquo;\u00e9clairage&nbsp;<\/span><\/li>\n<li><span style=\"font-weight: 400;\"> &nbsp; Lumi\u00e8re de lecture avec 28 lumens&nbsp;<\/span><\/li>\n<li><span style=\"font-weight: 400;\"> &nbsp; Lumi\u00e8re rouge avec 4 lumens&nbsp;<\/span><\/li>\n<li><span style=\"font-weight: 400;\"> &nbsp; Lumi\u00e8re rouge clignotante &#8211; Avertissement&nbsp;<\/span><\/li>\n<li><span style=\"font-weight: 400;\"> &nbsp; Lumi\u00e8re clignotante rouge-bleu &#8211; Avertissement&nbsp;<\/span><\/li>\n<\/ol>\n<ul>\n<li><span style=\"font-weight: 400;\">Commande par gestes facultative&nbsp;<\/span><\/li>\n<li><span style=\"font-weight: 400;\">LED&nbsp;: LED rouge \/ LED blanche&nbsp;<\/span><\/li>\n<li><span style=\"font-weight: 400;\">r\u00e9sistant aux chocs jusqu&rsquo;\u00e0 une hauteur de chute de 1 m\u00e8tre<\/span><\/li>\n<li><span style=\"font-weight: 400;\">r\u00e9sistant aux \u00e9claboussures (IPX4)<\/span><\/li>\n<li><span style=\"font-weight: 400;\">Poids : 41 g&nbsp;<\/span><\/li>\n<li><span style=\"font-weight: 400;\">Port\u00e9e d\u2019\u00e9clairage max&nbsp;: 55 m\u00e8tres<\/span><\/li>\n<li><span style=\"font-weight: 400;\">Dimensions : 61 x 47 x 19 mm<\/span><\/li>\n<li><span style=\"font-weight: 400;\">Dur\u00e9e de fonctionnement : environ 8 heures en mode spot et projection&nbsp;<\/span><\/li>\n<li><span style=\"font-weight: 400;\">Dur\u00e9e de fonctionnement : environ 21 heures avec lumi\u00e8re rouge&nbsp;<\/span><\/li>\n<li><span style=\"font-weight: 400;\">Utilisation simple <\/span><\/li>\n<\/ul>\n","protected":false},"excerpt":{"rendered":"<p><span style=\"font-weight: 400;\">La lampe LED pince universelle de g\u00e9nie. Parfaitement adapt\u00e9e \u00e0 toutes les utilisations. Batterie rechargeable incluse. Cette lampe \u00e0 pince robuste et r\u00e9sistante aux intemp\u00e9ries est assur\u00e9ment pr\u00eate \u00e0 tout et, malgr\u00e9 ses nombreuses fonctions, son utilisation est un jeu d&rsquo;enfant. La lampe NEXTORCH UT31, qui ne p\u00e8se que 41 g, peut \u00eatre fix\u00e9e partout o\u00f9 vous le souhaitez : sa pince de fixation robuste et de haute qualit\u00e9 est bien s\u00fbr incluse dans la livraison. L&rsquo;angle d&rsquo;inclinaison de l&rsquo;UT31 peut \u00eatre r\u00e9gl\u00e9 individuellement \u00e0 180\u00b0. Gr\u00e2ce \u00e0 la batterie extra puissante, ce petit appareil polyvalent dure \u00e9tonnamment longtemps et est pr\u00eat \u00e0 l&#8217;emploi tr\u00e8s rapidement gr\u00e2ce au port de charge USB-C avanc\u00e9. Pendant la charge, une LED changeant de couleur en fonction de l&rsquo;\u00e9tat de la batterie vous informe de l&rsquo;\u00e9tat actuel de celle-ci. Gr\u00e2ce \u00e0 une commande gestuelle innovante, la lampe clip LED NEXTORCH UT31 peut m\u00eame \u00eatre utilis\u00e9e en mode mains libres ! La lampe peut \u00eatre recharg\u00e9e partout o\u00f9 se trouve un port USB : sur le chargeur de t\u00e9l\u00e9phone portable, dans la voiture, ou avec n&rsquo;importe quelle batterie de recharge portable disponible dans le commerce.<\/span><\/p>\n","protected":false},"featured_media":140056,"comment_status":"closed","ping_status":"closed","template":"","meta":{"inline_featured_image":false},"product_brand":[],"product_cat":[1343,887,1347,1946],"product_tag":[1769,1781],"class_list":{"0":"post-140052","1":"product","2":"type-product","3":"status-publish","4":"has-post-thumbnail","6":"product_cat-lampes-lampes-de-poche","7":"product_cat-accessoires","8":"product_cat-accessoires-militaires-de-chasse","9":"product_cat-organisations-lumiere-bleue-securite","10":"product_tag-army-survival-fr","11":"product_tag-police-securite","13":"first","14":"instock","15":"taxable","16":"shipping-taxable","17":"purchasable","18":"product-type-simple"},"_links":{"self":[{"href":"https:\/\/metal-badge.ch\/fr\/wp-json\/wp\/v2\/product\/140052","targetHints":{"allow":["GET"]}}],"collection":[{"href":"https:\/\/metal-badge.ch\/fr\/wp-json\/wp\/v2\/product"}],"about":[{"href":"https:\/\/metal-badge.ch\/fr\/wp-json\/wp\/v2\/types\/product"}],"replies":[{"embeddable":true,"href":"https:\/\/metal-badge.ch\/fr\/wp-json\/wp\/v2\/comments?post=140052"}],"wp:featuredmedia":[{"embeddable":true,"href":"https:\/\/metal-badge.ch\/fr\/wp-json\/wp\/v2\/media\/140056"}],"wp:attachment":[{"href":"https:\/\/metal-badge.ch\/fr\/wp-json\/wp\/v2\/media?parent=140052"}],"wp:term":[{"taxonomy":"product_brand","embeddable":true,"href":"https:\/\/metal-badge.ch\/fr\/wp-json\/wp\/v2\/product_brand?post=140052"},{"taxonomy":"product_cat","embeddable":true,"href":"https:\/\/metal-badge.ch\/fr\/wp-json\/wp\/v2\/product_cat?post=140052"},{"taxonomy":"product_tag","embeddable":true,"href":"https:\/\/metal-badge.ch\/fr\/wp-json\/wp\/v2\/product_tag?post=140052"}],"curies":[{"name":"wp","href":"https:\/\/api.w.org\/{rel}","templated":true}]}}