{"id":139984,"date":"2024-06-02T19:04:50","date_gmt":"2024-06-02T17:04:51","guid":{"rendered":"https:\/\/metal-badge.ch\/?post_type=product&#038;p=139984"},"modified":"2024-06-02T19:17:58","modified_gmt":"2024-06-02T17:17:58","slug":"nextorch-ut10c-lampe-led-a-pince-avec-accessoires-lampe-frontale-lampe-de-secours-lampe-molle","status":"publish","type":"product","link":"https:\/\/metal-badge.ch\/fr\/product\/139984\/nextorch-ut10c-lampe-led-a-pince-avec-accessoires-lampe-frontale-lampe-de-secours-lampe-molle\/","title":{"rendered":"NEXTORCH UT10C &#8211; Lampe LED \u00e0 pince avec accessoires : Lampe frontale, lampe de secours, lampe MOLLE"},"content":{"rendered":"<p><span style=\"font-weight: 400;\">Cette lampe LED peut \u00eatre utilis\u00e9e comme lampe frontale compl\u00e8te, lampe pour casque, lampe de chevet, lampe universelle, lampe de poche, lampe \u00e0 pince et tellement d&rsquo;autres choses.&nbsp;Elle fournit toutes les fonctions dont vous avez besoin peu importe ce que vous voulez faire, la UT10C est pr\u00eate \u00e0 tout !&nbsp;<\/span><\/p>\n<p><span style=\"font-weight: 400;\">Cette lampe est un nouveau produit d\u00e9velopp\u00e9 par NEXTORCH et elle est \u00e9quip\u00e9e de ce que l&rsquo;on appelle une LED COB. Cette nouvelle LED COB consomme beaucoup moins d&rsquo;\u00e9nergie pour une luminosit\u00e9 encore plus grande, et la lumi\u00e8re est incroyablement bien r\u00e9partie. La couleur de la lumi\u00e8re de l&rsquo;UT10C est tr\u00e8s semblable \u00e0 celle de la lumi\u00e8re du jour. Cette couleur de lumi\u00e8re naturelle permet de mieux distinguer les couleurs, les d\u00e9tails et les contrastes ; les yeux se fatiguent moins vite et cet \u00e9clairage augmente m\u00eame la s\u00e9curit\u00e9 au travail.&nbsp;<\/span><\/p>\n<p><span style=\"font-weight: 400;\">Les accessoires fournis r\u00e9pondent \u00e0 tous les besoins et l&rsquo;UT10C peut m\u00eame \u00eatre utilis\u00e9e comme outil de travail : Avec le support de casque \u00ab kit tactique \u00bb, la lampe UT10C peut \u00eatre mont\u00e9e rapidement et en toute s\u00e9curit\u00e9 sur tous les casques d&rsquo;intervention ou casquettes, etc. Le \u00ab tactical kit \u00bb de l&rsquo;UT10C est \u00e9galement parfaitement adapt\u00e9 aux gilets d&rsquo;intervention et aux surfaces en velcro.&nbsp;M\u00eame le support pour v\u00e9lo est inclus dans la livraison, ce qui permet d&rsquo;installer rapidement la lampe sur un v\u00e9lo et de la rendre op\u00e9rationnel.<\/span><\/p>\n<p><span style=\"font-weight: 400;\">En plus de l&rsquo;\u00e9clairage normal, la NEXTORCH UT10C peut \u00eatre commut\u00e9e en lumi\u00e8re rouge. La lumi\u00e8re rouge peut \u00eatre utilis\u00e9e par exemple comme feu arri\u00e8re (sur le sac \u00e0 dos ou le casque)* ou comme lampe d&rsquo;avertissement.&nbsp;<\/span><span style=\"font-weight: 400;\"><br \/>\n<\/span><span style=\"font-weight: 400;\">\u00c0 l&rsquo;ext\u00e9rieur, la lumi\u00e8re rouge permet le maintien de la vision nocturne, ce qui est indispensable pour la chasse et la p\u00eache !&nbsp;&nbsp;<\/span><\/p>\n<p><span style=\"font-weight: 400;\">Bien entendu, la lampe robuste NEXTORCH UT10C est totalement \u00e9tanche et extr\u00eamement r\u00e9sistante.&nbsp;<\/span><\/p>\n<p><b>Informations sur le produit :&nbsp;<\/b><\/p>\n<ul>\n<li><span style=\"font-weight: 400;\">Marque : Nextorch<\/span><\/li>\n<li><span style=\"font-weight: 400;\">D\u00e9signation : UT10C&nbsp;<\/span><\/li>\n<li><span style=\"font-weight: 400;\">Couleur : noir&nbsp;<\/span><\/li>\n<li><span style=\"font-weight: 400;\">R\u00e9sistance aux chocs : jusqu&rsquo;\u00e0 1 m<\/span><\/li>\n<li><span style=\"font-weight: 400;\">\u00c9tanche IPX 4<\/span><\/li>\n<li><span style=\"font-weight: 400;\">Poids : 37,8 g.&nbsp;<\/span><\/li>\n<li><span style=\"font-weight: 400;\">LED&nbsp;: COB&nbsp;<\/span><\/li>\n<li><span style=\"font-weight: 400;\">Alimentation : batterie Li-ion int\u00e9gr\u00e9e de 640 mAh&nbsp;<\/span><\/li>\n<li><span style=\"font-weight: 400;\">Puissance : lumi\u00e8re blanche 170 lumen \/ 20 lumen en lumi\u00e8re rouge : 5 LM \/ Lumi\u00e8re stroboscopique&nbsp;<\/span><\/li>\n<li><span style=\"font-weight: 400;\">Dur\u00e9e de fonctionnement : 2 heures \/ 11 heures \/ 18 heures&nbsp;<\/span><\/li>\n<li><span style=\"font-weight: 400;\">Dimensions : longueur 60 mm \/ largeur 46 mm \/ hauteur 17 mm<\/span><\/li>\n<li><span style=\"font-weight: 400;\">C\u00e2ble de charge USB inclus&nbsp;<\/span><\/li>\n<li><span style=\"font-weight: 400;\">Pince de maintien universelle et bandeau frontal avec support<\/span><\/li>\n<li><span style=\"font-weight: 400;\">Avec support pour v\u00e9lo&nbsp;<\/span><\/li>\n<li><span style=\"font-weight: 400;\">Utilisation simple <\/span><\/li>\n<\/ul>\n","protected":false},"excerpt":{"rendered":"<p><span style=\"font-weight: 400;\">Cette lampe LED peut \u00eatre utilis\u00e9e comme lampe frontale compl\u00e8te, lampe pour casque, lampe de chevet, lampe universelle, lampe de poche, lampe \u00e0 pince et tellement d&rsquo;autres choses.&nbsp;Elle fournit toutes les fonctions dont vous avez besoin peu importe ce que vous voulez faire, la UT10C est pr\u00eate \u00e0 tout !&nbsp;<\/span><\/p>\n<p><span style=\"font-weight: 400;\">Cette lampe est un nouveau produit d\u00e9velopp\u00e9 par NEXTORCH et elle est \u00e9quip\u00e9e de ce que l&rsquo;on appelle une LED COB. Cette nouvelle LED COB consomme beaucoup moins d&rsquo;\u00e9nergie pour une luminosit\u00e9 encore plus grande, et la lumi\u00e8re est incroyablement bien r\u00e9partie. La couleur de la lumi\u00e8re de l&rsquo;UT10C est tr\u00e8s semblable \u00e0 celle de la lumi\u00e8re du jour. Cette couleur de lumi\u00e8re naturelle permet de mieux distinguer les couleurs, les d\u00e9tails et les contrastes ; les yeux se fatiguent moins vite et cet \u00e9clairage augmente m\u00eame la s\u00e9curit\u00e9 au travail.&nbsp;<\/span><\/p>\n","protected":false},"featured_media":139988,"comment_status":"closed","ping_status":"closed","template":"","meta":{"inline_featured_image":false},"product_brand":[],"product_cat":[1343,887,1347,1946],"product_tag":[1769,1781],"class_list":{"0":"post-139984","1":"product","2":"type-product","3":"status-publish","4":"has-post-thumbnail","6":"product_cat-lampes-lampes-de-poche","7":"product_cat-accessoires","8":"product_cat-accessoires-militaires-de-chasse","9":"product_cat-organisations-lumiere-bleue-securite","10":"product_tag-army-survival-fr","11":"product_tag-police-securite","13":"first","14":"instock","15":"taxable","16":"shipping-taxable","17":"purchasable","18":"product-type-simple"},"_links":{"self":[{"href":"https:\/\/metal-badge.ch\/fr\/wp-json\/wp\/v2\/product\/139984","targetHints":{"allow":["GET"]}}],"collection":[{"href":"https:\/\/metal-badge.ch\/fr\/wp-json\/wp\/v2\/product"}],"about":[{"href":"https:\/\/metal-badge.ch\/fr\/wp-json\/wp\/v2\/types\/product"}],"replies":[{"embeddable":true,"href":"https:\/\/metal-badge.ch\/fr\/wp-json\/wp\/v2\/comments?post=139984"}],"wp:featuredmedia":[{"embeddable":true,"href":"https:\/\/metal-badge.ch\/fr\/wp-json\/wp\/v2\/media\/139988"}],"wp:attachment":[{"href":"https:\/\/metal-badge.ch\/fr\/wp-json\/wp\/v2\/media?parent=139984"}],"wp:term":[{"taxonomy":"product_brand","embeddable":true,"href":"https:\/\/metal-badge.ch\/fr\/wp-json\/wp\/v2\/product_brand?post=139984"},{"taxonomy":"product_cat","embeddable":true,"href":"https:\/\/metal-badge.ch\/fr\/wp-json\/wp\/v2\/product_cat?post=139984"},{"taxonomy":"product_tag","embeddable":true,"href":"https:\/\/metal-badge.ch\/fr\/wp-json\/wp\/v2\/product_tag?post=139984"}],"curies":[{"name":"wp","href":"https:\/\/api.w.org\/{rel}","templated":true}]}}