{"id":139873,"date":"2024-06-01T19:25:39","date_gmt":"2024-06-01T17:25:39","guid":{"rendered":"https:\/\/metal-badge.ch\/product\/139873\/support-glo-toob-montage-tactique-nextorch\/"},"modified":"2024-06-01T19:25:39","modified_gmt":"2024-06-01T17:25:39","slug":"support-glo-toob-montage-tactique-nextorch","status":"publish","type":"product","link":"https:\/\/metal-badge.ch\/fr\/product\/139873\/support-glo-toob-montage-tactique-nextorch\/","title":{"rendered":"Support GLO-TOOB \/ Montage Tactique Nextorch"},"content":{"rendered":"<p><span style=\"font-weight: 400;\">Support Molle kit tactique \/PAL + Velcro pour Glo Toob s\u00e9rie pro et AAA en noir ou sable. Ce support modulaire sert \u00e0 fixer les Glo Toobs \u00e0 l&rsquo;\u00e9quipement et s&rsquo;adapte aux rails ARC, MOLLE et PALS. Une fixation suppl\u00e9mentaire en velcro ainsi que le syst\u00e8me d&rsquo;extraction rapide int\u00e9gr\u00e9 rendent ce support extr\u00eamement pratique.&nbsp;&nbsp;<\/span><\/p>\n<p><b>Informations sur le produit :&nbsp;<\/b><\/p>\n<ul>\n<li><span style=\"font-weight: 400;\">Marque : Nextorch GTK<\/span><\/li>\n<li><span style=\"font-weight: 400;\">D\u00e9signation : Support kit tactique GLO-Toob&nbsp;&nbsp;<\/span><\/li>\n<li><span style=\"font-weight: 400;\">Dispositif de montage tactique pour toutes les lampes Glo-Toob&nbsp;<\/span><\/li>\n<li><span style=\"font-weight: 400;\">Compatible MOLLE<\/span><\/li>\n<li><span style=\"font-weight: 400;\">Avec velcro&nbsp;<\/span><\/li>\n<li><span style=\"font-weight: 400;\">Mat\u00e9riau plastique<\/span><\/li>\n<li><span style=\"font-weight: 400;\">Poids : 33 g&nbsp;<\/span><\/li>\n<li><span style=\"font-weight: 400;\">Dimensions : largeur env. 5 cm \/ hauteur env. 6 cm<\/span><\/li>\n<li><span style=\"font-weight: 400;\">Couleur : noir et kaki&nbsp;<\/span><\/li>\n<\/ul>\n","protected":false},"excerpt":{"rendered":"<p><span style=\"font-weight: 400;\">Support Molle kit tactique \/PAL + Velcro pour Glo Toob s\u00e9rie pro et AAA en noir ou sable. Ce support modulaire sert \u00e0 fixer les Glo Toobs \u00e0 l&rsquo;\u00e9quipement et s&rsquo;adapte aux rails ARC, MOLLE et PALS. Une fixation suppl\u00e9mentaire en velcro ainsi que le syst\u00e8me d&rsquo;extraction rapide int\u00e9gr\u00e9 rendent ce support extr\u00eamement pratique.&nbsp;&nbsp;<\/span><\/p>\n","protected":false},"featured_media":139854,"comment_status":"closed","ping_status":"closed","template":"","meta":{"inline_featured_image":false},"product_brand":[],"product_cat":[1343,887,1347,1946],"product_tag":[1769,1781],"class_list":{"0":"post-139873","1":"product","2":"type-product","3":"status-publish","4":"has-post-thumbnail","6":"product_cat-lampes-lampes-de-poche","7":"product_cat-accessoires","8":"product_cat-accessoires-militaires-de-chasse","9":"product_cat-organisations-lumiere-bleue-securite","10":"product_tag-army-survival-fr","11":"product_tag-police-securite","13":"first","14":"instock","15":"taxable","16":"shipping-taxable","17":"purchasable","18":"product-type-simple"},"_links":{"self":[{"href":"https:\/\/metal-badge.ch\/fr\/wp-json\/wp\/v2\/product\/139873","targetHints":{"allow":["GET"]}}],"collection":[{"href":"https:\/\/metal-badge.ch\/fr\/wp-json\/wp\/v2\/product"}],"about":[{"href":"https:\/\/metal-badge.ch\/fr\/wp-json\/wp\/v2\/types\/product"}],"replies":[{"embeddable":true,"href":"https:\/\/metal-badge.ch\/fr\/wp-json\/wp\/v2\/comments?post=139873"}],"wp:featuredmedia":[{"embeddable":true,"href":"https:\/\/metal-badge.ch\/fr\/wp-json\/wp\/v2\/media\/139854"}],"wp:attachment":[{"href":"https:\/\/metal-badge.ch\/fr\/wp-json\/wp\/v2\/media?parent=139873"}],"wp:term":[{"taxonomy":"product_brand","embeddable":true,"href":"https:\/\/metal-badge.ch\/fr\/wp-json\/wp\/v2\/product_brand?post=139873"},{"taxonomy":"product_cat","embeddable":true,"href":"https:\/\/metal-badge.ch\/fr\/wp-json\/wp\/v2\/product_cat?post=139873"},{"taxonomy":"product_tag","embeddable":true,"href":"https:\/\/metal-badge.ch\/fr\/wp-json\/wp\/v2\/product_tag?post=139873"}],"curies":[{"name":"wp","href":"https:\/\/api.w.org\/{rel}","templated":true}]}}