{"id":139766,"date":"2024-05-30T04:49:16","date_gmt":"2024-05-30T02:49:17","guid":{"rendered":"https:\/\/metal-badge.ch\/?post_type=product&#038;p=139766"},"modified":"2024-05-30T05:02:38","modified_gmt":"2024-05-30T03:02:38","slug":"couteau-pliable-de-survie-buck","status":"publish","type":"product","link":"https:\/\/metal-badge.ch\/fr\/product\/139766\/couteau-pliable-de-survie-buck\/","title":{"rendered":"Couteau pliable de survie Buck"},"content":{"rendered":"<p><span style=\"font-weight: 400;\">Beau couteau de poche robuste et maniable avec manche en bois, de Buck. Ce couteau de poche peut \u00eatre facilement fix\u00e9 \u00e0 la ceinture ou \u00e0 un sac \u00e0 dos gr\u00e2ce \u00e0 une pince. Le syst\u00e8me de blocage Frame Lock peut \u00eatre d\u00e9bloqu\u00e9 en appuyant sur un bouton situ\u00e9 sur la partie inf\u00e9rieure du manche.<\/span><\/p>\n<p><b>Informations sur le produit :<\/b><\/p>\n<ul>\n<li><span style=\"font-weight: 400;\">Marque : Buck<\/span><span style=\"font-weight: 400;\"><br \/>\n<\/span><\/li>\n<li><span style=\"font-weight: 400;\">Type&nbsp;: Couteau pliable X48<\/span><span style=\"font-weight: 400;\"><br \/>\n<\/span><\/li>\n<li><span style=\"font-weight: 400;\">avec manche en bois<\/span><span style=\"font-weight: 400;\"><br \/>\n<\/span><\/li>\n<li><span style=\"font-weight: 400;\">Longueur totale&nbsp;: 15 cm<\/span><span style=\"font-weight: 400;\"><br \/>\n<\/span><\/li>\n<li><span style=\"font-weight: 400;\">Longueur du manche: 8,5 cm<\/span><span style=\"font-weight: 400;\"><br \/>\n<\/span><\/li>\n<li><span style=\"font-weight: 400;\">Longueur de la lame&nbsp;: 6,5 cm<\/span><span style=\"font-weight: 400;\"><br \/>\n<\/span><\/li>\n<li><span style=\"font-weight: 400;\">\u00c9paisseur de la lame&nbsp;: 0,28 cm<\/span><span style=\"font-weight: 400;\"><br \/>\n<\/span><\/li>\n<li><span style=\"font-weight: 400;\">Largeur de la lame&nbsp;: 2,5 cm \u00e0 l&rsquo;endroit le plus large<\/span><span style=\"font-weight: 400;\"><br \/>\n<\/span><\/li>\n<li><span style=\"font-weight: 400;\">Poids&nbsp;: 100 g.<\/span><span style=\"font-weight: 400;\"><br \/>\n<\/span><\/li>\n<li><span style=\"font-weight: 400;\">Manche : acier inoxydable \/ bois<\/span><span style=\"font-weight: 400;\"><br \/>\n<\/span><\/li>\n<li><span style=\"font-weight: 400;\">Lame : acier inoxydable 3CR13<\/span><span style=\"font-weight: 400;\"><br \/>\n<\/span><\/li>\n<li><span style=\"font-weight: 400;\">\u00c9paisseur de la lame&nbsp;: 56 HRC<\/span><span style=\"font-weight: 400;\"><br \/>\n<\/span><\/li>\n<li><span style=\"font-weight: 400;\">Surface de la lame&nbsp;: noir titane<\/span><\/li>\n<li><span style=\"font-weight: 400;\">Avec pince pour ceinture ou sac \u00e0 dos<\/span><\/li>\n<\/ul>\n<p>&nbsp;<\/p>\n","protected":false},"excerpt":{"rendered":"<p><span style=\"font-weight: 400;\">Beau couteau de poche robuste et maniable avec manche en bois, de Buck. Ce couteau de poche peut \u00eatre facilement fix\u00e9 \u00e0 la ceinture ou \u00e0 un sac \u00e0 dos gr\u00e2ce \u00e0 une pince. Le syst\u00e8me de blocage Frame Lock peut \u00eatre d\u00e9bloqu\u00e9 en appuyant sur un bouton situ\u00e9 sur la partie inf\u00e9rieure du manche.<\/span><\/p>\n","protected":false},"featured_media":139770,"comment_status":"closed","ping_status":"closed","template":"","meta":{"inline_featured_image":false},"product_brand":[],"product_cat":[1347,887,1035],"product_tag":[1769,1773],"class_list":{"0":"post-139766","1":"product","2":"type-product","3":"status-publish","4":"has-post-thumbnail","6":"product_cat-accessoires-militaires-de-chasse","7":"product_cat-accessoires","8":"product_cat-couteaux-machettes","9":"product_tag-army-survival-fr","10":"product_tag-chasse-peche","12":"first","13":"instock","14":"taxable","15":"shipping-taxable","16":"purchasable","17":"product-type-simple"},"_links":{"self":[{"href":"https:\/\/metal-badge.ch\/fr\/wp-json\/wp\/v2\/product\/139766","targetHints":{"allow":["GET"]}}],"collection":[{"href":"https:\/\/metal-badge.ch\/fr\/wp-json\/wp\/v2\/product"}],"about":[{"href":"https:\/\/metal-badge.ch\/fr\/wp-json\/wp\/v2\/types\/product"}],"replies":[{"embeddable":true,"href":"https:\/\/metal-badge.ch\/fr\/wp-json\/wp\/v2\/comments?post=139766"}],"wp:featuredmedia":[{"embeddable":true,"href":"https:\/\/metal-badge.ch\/fr\/wp-json\/wp\/v2\/media\/139770"}],"wp:attachment":[{"href":"https:\/\/metal-badge.ch\/fr\/wp-json\/wp\/v2\/media?parent=139766"}],"wp:term":[{"taxonomy":"product_brand","embeddable":true,"href":"https:\/\/metal-badge.ch\/fr\/wp-json\/wp\/v2\/product_brand?post=139766"},{"taxonomy":"product_cat","embeddable":true,"href":"https:\/\/metal-badge.ch\/fr\/wp-json\/wp\/v2\/product_cat?post=139766"},{"taxonomy":"product_tag","embeddable":true,"href":"https:\/\/metal-badge.ch\/fr\/wp-json\/wp\/v2\/product_tag?post=139766"}],"curies":[{"name":"wp","href":"https:\/\/api.w.org\/{rel}","templated":true}]}}