{"id":139762,"date":"2024-05-30T04:33:22","date_gmt":"2024-05-30T02:33:22","guid":{"rendered":"https:\/\/metal-badge.ch\/product\/139762\/buck-couteau-de-chasse-dexterieur-avec-etui-en-plastique\/"},"modified":"2024-05-30T04:33:22","modified_gmt":"2024-05-30T02:33:22","slug":"buck-couteau-de-chasse-dexterieur-avec-etui-en-plastique","status":"publish","type":"product","link":"https:\/\/metal-badge.ch\/fr\/product\/139762\/buck-couteau-de-chasse-dexterieur-avec-etui-en-plastique\/","title":{"rendered":"Buck &#8211; Couteau de chasse \/ d&rsquo;ext\u00e9rieur avec \u00e9tui en plastique"},"content":{"rendered":"<p><span style=\"font-weight: 400;\">Beau couteau de chasse et d&rsquo;ext\u00e9rieur robuste et maniable avec manche en bois, de Buck. Le couteau tient parfaitement dans la main. Ce couteau \u00e0 lame fixe avec un beau manche en bois de noyer est id\u00e9al pour la chasse. Livr\u00e9 avec un \u00e9tui en nylon plastique avec passant pour la ceinture.<\/span><\/p>\n<p><b>Informations sur le produit :<\/b><\/p>\n<ul>\n<li><span style=\"font-weight: 400;\">D\u00e9signation : Couteau de chasse \/ ext\u00e9rieur&nbsp;<\/span><\/li>\n<li><span style=\"font-weight: 400;\">Marque : Buck<\/span><span style=\"font-weight: 400;\"><br \/>\n<\/span><\/li>\n<li><span style=\"font-weight: 400;\">Type&nbsp;: Couteau \u00e0 lame lisse<\/span><span style=\"font-weight: 400;\"><br \/>\n<\/span><\/li>\n<li><span style=\"font-weight: 400;\">Poign\u00e9e en bois de noyer brun<\/span><span style=\"font-weight: 400;\"><br \/>\n<\/span><\/li>\n<li><span style=\"font-weight: 400;\">Longueur totale&nbsp;: 23 cm<\/span><span style=\"font-weight: 400;\"><br \/>\n<\/span><\/li>\n<li><span style=\"font-weight: 400;\">Longueur du manche&nbsp;: 12 cm<\/span><span style=\"font-weight: 400;\"><br \/>\n<\/span><\/li>\n<li><span style=\"font-weight: 400;\">\u00c9paisseur du manche&nbsp;: 2,5 cm<\/span><span style=\"font-weight: 400;\"><br \/>\n<\/span><\/li>\n<li><span style=\"font-weight: 400;\">Longueur de la lame&nbsp;: 11 cm<\/span><span style=\"font-weight: 400;\"><br \/>\n<\/span><\/li>\n<li><span style=\"font-weight: 400;\">\u00c9paisseur de la lame&nbsp;: 3,5 mm<\/span><span style=\"font-weight: 400;\"><br \/>\n<\/span><\/li>\n<li><span style=\"font-weight: 400;\">Largeur de la lame&nbsp;: 3,3 cm<\/span><span style=\"font-weight: 400;\"><br \/>\n<\/span><\/li>\n<li><span style=\"font-weight: 400;\">Poids&nbsp;: 300 gr.<\/span><span style=\"font-weight: 400;\"><br \/>\n<\/span><\/li>\n<li><span style=\"font-weight: 400;\">Lame&nbsp;: acier inoxydable 7CR15MOV<\/span><span style=\"font-weight: 400;\"><br \/>\n<\/span><\/li>\n<li><span style=\"font-weight: 400;\">\u00c9paisseur de la lame&nbsp;: 58-59 HRC<\/span><\/li>\n<li><span style=\"font-weight: 400;\">\u00e9tui en nylon avec boucle de ceinture inclus<\/span><\/li>\n<\/ul>\n","protected":false},"excerpt":{"rendered":"<p><span style=\"font-weight: 400;\">Beau couteau de chasse et d&rsquo;ext\u00e9rieur robuste et maniable avec manche en bois, de Buck. Le couteau tient parfaitement dans la main. Ce couteau \u00e0 lame fixe avec un beau manche en bois de noyer est id\u00e9al pour la chasse. Livr\u00e9 avec un \u00e9tui en nylon plastique avec passant pour la ceinture.<\/span><\/p>\n","protected":false},"featured_media":139731,"comment_status":"closed","ping_status":"closed","template":"","meta":{"inline_featured_image":false},"product_brand":[],"product_cat":[1347,887,1035],"product_tag":[1769,1773],"class_list":{"0":"post-139762","1":"product","2":"type-product","3":"status-publish","4":"has-post-thumbnail","6":"product_cat-accessoires-militaires-de-chasse","7":"product_cat-accessoires","8":"product_cat-couteaux-machettes","9":"product_tag-army-survival-fr","10":"product_tag-chasse-peche","12":"first","13":"instock","14":"taxable","15":"shipping-taxable","16":"purchasable","17":"product-type-simple"},"_links":{"self":[{"href":"https:\/\/metal-badge.ch\/fr\/wp-json\/wp\/v2\/product\/139762","targetHints":{"allow":["GET"]}}],"collection":[{"href":"https:\/\/metal-badge.ch\/fr\/wp-json\/wp\/v2\/product"}],"about":[{"href":"https:\/\/metal-badge.ch\/fr\/wp-json\/wp\/v2\/types\/product"}],"replies":[{"embeddable":true,"href":"https:\/\/metal-badge.ch\/fr\/wp-json\/wp\/v2\/comments?post=139762"}],"wp:featuredmedia":[{"embeddable":true,"href":"https:\/\/metal-badge.ch\/fr\/wp-json\/wp\/v2\/media\/139731"}],"wp:attachment":[{"href":"https:\/\/metal-badge.ch\/fr\/wp-json\/wp\/v2\/media?parent=139762"}],"wp:term":[{"taxonomy":"product_brand","embeddable":true,"href":"https:\/\/metal-badge.ch\/fr\/wp-json\/wp\/v2\/product_brand?post=139762"},{"taxonomy":"product_cat","embeddable":true,"href":"https:\/\/metal-badge.ch\/fr\/wp-json\/wp\/v2\/product_cat?post=139762"},{"taxonomy":"product_tag","embeddable":true,"href":"https:\/\/metal-badge.ch\/fr\/wp-json\/wp\/v2\/product_tag?post=139762"}],"curies":[{"name":"wp","href":"https:\/\/api.w.org\/{rel}","templated":true}]}}