{"id":139695,"date":"2024-05-29T21:32:17","date_gmt":"2024-05-29T19:32:18","guid":{"rendered":"https:\/\/metal-badge.ch\/?post_type=product&#038;p=139695"},"modified":"2024-05-29T21:38:58","modified_gmt":"2024-05-29T19:38:58","slug":"briquet-noir-rechargeable-resistant-a-leau-avec-lampe-de-poche-led","status":"publish","type":"product","link":"https:\/\/metal-badge.ch\/fr\/product\/139695\/briquet-noir-rechargeable-resistant-a-leau-avec-lampe-de-poche-led\/","title":{"rendered":"Briquet noir rechargeable r\u00e9sistant \u00e0 l&rsquo;eau avec lampe de poche LED"},"content":{"rendered":"<p><span style=\"font-weight: 400;\">Briquet avec lampe de poche LED. La lampe de poche dispose de trois modes ; lumi\u00e8re faible, lumi\u00e8re forte, lumi\u00e8re flash. Briquet \u00e0 arc \u00e9lectrique rechargeable par USB, con\u00e7u pour r\u00e9sister aux temp\u00eates. C&rsquo;est un briquet d&rsquo;ext\u00e9rieur parfait comme allume-feu de camping, d&rsquo;urgence et d&rsquo;ext\u00e9rieur. Il est \u00e9tanche, car l&rsquo;anneau m\u00e9tallique est scell\u00e9 et le capuchon de protection est muni d&rsquo;un joint d&rsquo;\u00e9tanch\u00e9it\u00e9. Cela le rend particuli\u00e8rement adapt\u00e9 \u00e0 la randonn\u00e9e, aux voyages et au camping en plein air. Il est \u00e9tanche et peut \u00eatre utilis\u00e9 par tout temps. Le capuchon de protection peut \u00eatre fix\u00e9 \u00e0 l&rsquo;aide d&rsquo;un \u00e9trier. La batterie au lithium rechargeable int\u00e9gr\u00e9e est enti\u00e8rement recharg\u00e9e en 2 heures environ. Pas besoin de gaz ou de butane ; plus besoin de recharger. Vous faites des \u00e9conomies et il est propre, pratique, \u00e9conomique, \u00e9cologique et pratique.<\/span><\/p>\n<p><span style=\"font-weight: 400;\">Le briquet dispose bien entendu d&rsquo;un \u0153illet pour y attacher un cordon qui est \u00e9galement inclus.&nbsp;<\/span><\/p>\n<p><b>Informations sur le produit :<\/b><\/p>\n<ul>\n<li><span style=\"font-weight: 400;\">Type de briquet : Briquet \u00e0 double arc \u00e9lectrique FR-169<\/span><\/li>\n<li><span style=\"font-weight: 400;\">Mode de fonctionnement : \u00c9lectrique<\/span><\/li>\n<li><span style=\"font-weight: 400;\">Tension : 3,7 V<\/span><\/li>\n<li><span style=\"font-weight: 400;\">Tension de charge&nbsp;: DC 5,0 +\/- 0,25 V<\/span><\/li>\n<li><span style=\"font-weight: 400;\">Dur\u00e9e de charge : \u2264 1,5 heures<\/span><\/li>\n<li><span style=\"font-weight: 400;\">Dur\u00e9e de la lampe de poche&nbsp;: \u2265 2,5 heures<\/span><\/li>\n<li><span style=\"font-weight: 400;\">Batterie : 360 mA<\/span><\/li>\n<li><span style=\"font-weight: 400;\">Couleur : noir&nbsp;<\/span><\/li>\n<li><span style=\"font-weight: 400;\">Mati\u00e8re : ABS + alliage zinc<\/span><\/li>\n<li><span style=\"font-weight: 400;\">Dimensions : Longueur 9,5 cm<\/span><\/li>\n<li><span style=\"font-weight: 400;\">Diam\u00e8tre : 2,5 cm<\/span><\/li>\n<li><span style=\"font-weight: 400;\">Largeur : 3,5 cm<\/span><\/li>\n<li><span style=\"font-weight: 400;\">Poids : 55 g<\/span><\/li>\n<li><span style=\"font-weight: 400;\">C\u00e2ble de chargement : USB\/Micro USB<\/span><\/li>\n<li><span style=\"font-weight: 400;\">Sangle de suspension incluse<\/span><\/li>\n<\/ul>\n","protected":false},"excerpt":{"rendered":"<p><span style=\"font-weight: 400;\">Briquet avec lampe de poche LED. La lampe de poche dispose de trois modes ; lumi\u00e8re faible, lumi\u00e8re forte, lumi\u00e8re flash. Briquet \u00e0 arc \u00e9lectrique rechargeable par USB, con\u00e7u pour r\u00e9sister aux temp\u00eates. C&rsquo;est un briquet d&rsquo;ext\u00e9rieur parfait comme allume-feu de camping, d&rsquo;urgence et d&rsquo;ext\u00e9rieur. Il est \u00e9tanche, car l&rsquo;anneau m\u00e9tallique est scell\u00e9 et le capuchon de protection est muni d&rsquo;un joint d&rsquo;\u00e9tanch\u00e9it\u00e9. Cela le rend particuli\u00e8rement adapt\u00e9 \u00e0 la randonn\u00e9e, aux voyages et au camping en plein air.<\/span><\/p>\n","protected":false},"featured_media":139699,"comment_status":"closed","ping_status":"closed","template":"","meta":{"inline_featured_image":false},"product_brand":[],"product_cat":[1279,887,1435],"product_tag":[1773,1765],"class_list":{"0":"post-139695","1":"product","2":"type-product","3":"status-publish","4":"has-post-thumbnail","6":"product_cat-briquets-au-gaz","7":"product_cat-accessoires","8":"product_cat-camping-voyage","9":"product_tag-chasse-peche","10":"product_tag-sport-outdoor-fr","12":"first","13":"instock","14":"taxable","15":"shipping-taxable","16":"purchasable","17":"product-type-simple"},"_links":{"self":[{"href":"https:\/\/metal-badge.ch\/fr\/wp-json\/wp\/v2\/product\/139695","targetHints":{"allow":["GET"]}}],"collection":[{"href":"https:\/\/metal-badge.ch\/fr\/wp-json\/wp\/v2\/product"}],"about":[{"href":"https:\/\/metal-badge.ch\/fr\/wp-json\/wp\/v2\/types\/product"}],"replies":[{"embeddable":true,"href":"https:\/\/metal-badge.ch\/fr\/wp-json\/wp\/v2\/comments?post=139695"}],"wp:featuredmedia":[{"embeddable":true,"href":"https:\/\/metal-badge.ch\/fr\/wp-json\/wp\/v2\/media\/139699"}],"wp:attachment":[{"href":"https:\/\/metal-badge.ch\/fr\/wp-json\/wp\/v2\/media?parent=139695"}],"wp:term":[{"taxonomy":"product_brand","embeddable":true,"href":"https:\/\/metal-badge.ch\/fr\/wp-json\/wp\/v2\/product_brand?post=139695"},{"taxonomy":"product_cat","embeddable":true,"href":"https:\/\/metal-badge.ch\/fr\/wp-json\/wp\/v2\/product_cat?post=139695"},{"taxonomy":"product_tag","embeddable":true,"href":"https:\/\/metal-badge.ch\/fr\/wp-json\/wp\/v2\/product_tag?post=139695"}],"curies":[{"name":"wp","href":"https:\/\/api.w.org\/{rel}","templated":true}]}}