{"id":139411,"date":"2024-05-28T22:37:58","date_gmt":"2024-05-28T20:37:58","guid":{"rendered":"https:\/\/metal-badge.ch\/?post_type=product&#038;p=139411"},"modified":"2024-05-28T22:49:15","modified_gmt":"2024-05-28T20:49:15","slug":"mini-lampe-multifonctions-avec-lumiere-extremement-claire-3","status":"publish","type":"product","link":"https:\/\/metal-badge.ch\/fr\/product\/139411\/mini-lampe-multifonctions-avec-lumiere-extremement-claire-3\/","title":{"rendered":"Mini lampe multifonctions avec lumi\u00e8re extr\u00eamement claire"},"content":{"rendered":"<p><span style=\"font-weight: 400;\">La mini lampe multifonctions avec de nombreux extras. La lumi\u00e8re blanche LED extr\u00eamement claire avec 500 lumens et 6 modes est un assistant s\u00fbr pour votre prochain voyage ou votre randonn\u00e9e ; elle garantit jusqu&rsquo;\u00e0 4 heures d&rsquo;autonomie. La lampe peut \u00eatre rapidement recharg\u00e9e \u00e0 l&rsquo;aide du c\u00e2ble USB, via une banque d&rsquo;alimentation ou sur secteur.&nbsp;<\/span><\/p>\n<p><span style=\"font-weight: 400;\">Le porte-cl\u00e9 suppl\u00e9mentaire permet de fixer la lampe rapidement et facilement \u00e0 un sac \u00e0 dos ou \u00e0 une poche. Avec un poids d&rsquo;\u00e0 peine 40 g, c&rsquo;est un outil ultra-pratique \u00e0 ranger. Il ne manque rien \u00e0 cette lumi\u00e8re LED aux nombreuses fonctionnalit\u00e9s, comme l&rsquo;ouvre-bouteille et un aimant puissant \u00e0 l&rsquo;arri\u00e8re, ainsi qu&rsquo;un support de table extensible \u00e0 180 degr\u00e9s.&nbsp;<\/span><\/p>\n<p><b>Informations sur le produit :<\/b><\/p>\n<ul>\n<li><span style=\"font-weight: 400;\">D\u00e9signation : La mini lampe multifonctions avec de nombreux fonctions suppl\u00e9mentaires.<\/span><\/li>\n<li><span style=\"font-weight: 400;\">Mati\u00e8re : Plastique ABS \/ aluminium<\/span><\/li>\n<li><span style=\"font-weight: 400;\">\u00c9tanch\u00e9it\u00e9 : IP64&nbsp;&nbsp;<\/span><\/li>\n<li><span style=\"font-weight: 400;\">LED&nbsp;: lumi\u00e8re blanche tr\u00e8s claire<\/span><\/li>\n<li><span style=\"font-weight: 400;\">Lumen&nbsp;: 500 Lumen<\/span><\/li>\n<li><span style=\"font-weight: 400;\">Lampe \u00e0 6 modes \/ 100 % de luminosit\u00e9, 60 % de luminosit\u00e9, 40 %, faisceau blanc, lumi\u00e8re rouge, lumi\u00e8re rouge clignotante&nbsp;&nbsp;<\/span><\/li>\n<li><span style=\"font-weight: 400;\">Autonomie de la batterie : environ 4 heures&nbsp;<\/span><\/li>\n<li><span style=\"font-weight: 400;\">Avec support de table extensible \u00e0 180 degr\u00e9s \u00e0 poser sur le sol&nbsp;<\/span><\/li>\n<li><span style=\"font-weight: 400;\">Avec d\u00e9capsuleur et aimant \u00e0 l&rsquo;arri\u00e8re&nbsp;<\/span><\/li>\n<li><span style=\"font-weight: 400;\">Avec cha\u00eene \/ porte-cl\u00e9s suppl\u00e9mentaire<\/span><\/li>\n<li><span style=\"font-weight: 400;\">Batterie : Batterie int\u00e9gr\u00e9e 500 mah rechargeable au lithium<\/span><\/li>\n<li><span style=\"font-weight: 400;\">C\u00e2ble USB inclus&nbsp;<\/span><\/li>\n<li><span style=\"font-weight: 400;\">Indicateur de charge de la batterie \u00e0 l&rsquo;arri\u00e8re avec LED bleue<\/span><\/li>\n<li><span style=\"font-weight: 400;\">Poids : 40 g&nbsp;<\/span><\/li>\n<li><span style=\"font-weight: 400;\">Dimensions : 4,5 cm x 6,0 cm&nbsp;<\/span><\/li>\n<li><span style=\"font-weight: 400;\">Profondeur : 2,5 cm&nbsp;<\/span><\/li>\n<\/ul>\n","protected":false},"excerpt":{"rendered":"<p><span style=\"font-weight: 400;\">La mini lampe multifonctions avec de nombreux extras. La lumi\u00e8re blanche LED extr\u00eamement claire avec 500 lumens et 6 modes est un assistant s\u00fbr pour votre prochain voyage ou votre randonn\u00e9e ; elle garantit jusqu&rsquo;\u00e0 4 heures d&rsquo;autonomie. La lampe peut \u00eatre rapidement recharg\u00e9e \u00e0 l&rsquo;aide du c\u00e2ble USB, via une banque d&rsquo;alimentation ou sur secteur.&nbsp;<\/span><\/p>\n","protected":false},"featured_media":139415,"comment_status":"closed","ping_status":"closed","template":"","meta":{"inline_featured_image":false},"product_brand":[],"product_cat":[1343,887,1435],"product_tag":[1773,1765],"class_list":{"0":"post-139411","1":"product","2":"type-product","3":"status-publish","4":"has-post-thumbnail","6":"product_cat-lampes-lampes-de-poche","7":"product_cat-accessoires","8":"product_cat-camping-voyage","9":"product_tag-chasse-peche","10":"product_tag-sport-outdoor-fr","12":"first","13":"instock","14":"taxable","15":"shipping-taxable","16":"purchasable","17":"product-type-simple"},"_links":{"self":[{"href":"https:\/\/metal-badge.ch\/fr\/wp-json\/wp\/v2\/product\/139411","targetHints":{"allow":["GET"]}}],"collection":[{"href":"https:\/\/metal-badge.ch\/fr\/wp-json\/wp\/v2\/product"}],"about":[{"href":"https:\/\/metal-badge.ch\/fr\/wp-json\/wp\/v2\/types\/product"}],"replies":[{"embeddable":true,"href":"https:\/\/metal-badge.ch\/fr\/wp-json\/wp\/v2\/comments?post=139411"}],"wp:featuredmedia":[{"embeddable":true,"href":"https:\/\/metal-badge.ch\/fr\/wp-json\/wp\/v2\/media\/139415"}],"wp:attachment":[{"href":"https:\/\/metal-badge.ch\/fr\/wp-json\/wp\/v2\/media?parent=139411"}],"wp:term":[{"taxonomy":"product_brand","embeddable":true,"href":"https:\/\/metal-badge.ch\/fr\/wp-json\/wp\/v2\/product_brand?post=139411"},{"taxonomy":"product_cat","embeddable":true,"href":"https:\/\/metal-badge.ch\/fr\/wp-json\/wp\/v2\/product_cat?post=139411"},{"taxonomy":"product_tag","embeddable":true,"href":"https:\/\/metal-badge.ch\/fr\/wp-json\/wp\/v2\/product_tag?post=139411"}],"curies":[{"name":"wp","href":"https:\/\/api.w.org\/{rel}","templated":true}]}}