{"id":139078,"date":"2024-05-27T19:14:19","date_gmt":"2024-05-27T17:14:19","guid":{"rendered":"https:\/\/metal-badge.ch\/?post_type=product&#038;p=139078"},"modified":"2024-05-27T19:28:41","modified_gmt":"2024-05-27T17:28:41","slug":"pile-bouton-alcaline-sr-621-5-pieces","status":"publish","type":"product","link":"https:\/\/metal-badge.ch\/fr\/product\/139078\/pile-bouton-alcaline-sr-621-5-pieces\/","title":{"rendered":"Pile bouton alcaline SR 621 \/ 5 pi\u00e8ces"},"content":{"rendered":"<p><span style=\"font-weight: 400;\">Les piles boutons SR621 sont livr\u00e9es dans un emballage pratique de 5 piles boutons en tout. Chaque pile peut \u00eatre d\u00e9tach\u00e9e \u00e0 l&rsquo;aide du s\u00e9parateur perfor\u00e9.<\/span><\/p>\n<p><span style=\"font-weight: 400;\">Ces petites piles bouton se trouvent dans toute une s\u00e9rie de petits appareils \u00e9lectroniques, des appareils m\u00e9dicaux aux objets de tous les jours comme les porte-cl\u00e9s et les lampes de poche LED, les calculatrices, les montres, les mini-radios et bien d&rsquo;autres encore. Les piles boutons sont con\u00e7ues pour fournir une alimentation fiable et 100 % sans mercure. Veuillez vous d\u00e9barrasser des piles de mani\u00e8re responsable. Tenir hors de port\u00e9e des jeunes enfants.<\/span><\/p>\n<p><b>Informations sur le produit :&nbsp;<\/b><\/p>\n<ul>\n<li><span style=\"font-weight: 400;\">D\u00e9signation : Piles bouton SR621<\/span><\/li>\n<li><span style=\"font-weight: 400;\">\u00c9quivalent 364, AG1, SR 621SW, LR60&nbsp;<\/span><\/li>\n<li><span style=\"font-weight: 400;\">Type de pile : oxyde d&rsquo;argent<\/span><\/li>\n<li><span style=\"font-weight: 400;\">Tension : 1,55 V<\/span><\/li>\n<li><span style=\"font-weight: 400;\">Capacit\u00e9 : 20 mAh<\/span><\/li>\n<li><span style=\"font-weight: 400;\">Dimensions : 6,8 x 2,2 mm diam\u00e8tre x hauteur&nbsp;<\/span><\/li>\n<li><span style=\"font-weight: 400;\">Poids : 5 g \/ Blister de 5 pi\u00e8ces&nbsp;<\/span><\/li>\n<li><span style=\"font-weight: 400;\">Piles bouton puissantes en lot pratique de 10 piles<\/span><\/li>\n<li><span style=\"font-weight: 400;\">Convient pour l&rsquo;utilisation dans les jouets, calculatrices, mini-radios, montres, appareils de mesure, etc.&nbsp;<\/span><\/li>\n<li><span style=\"font-weight: 400;\">Unit\u00e9 d&#8217;emballage : blister de 5 pi\u00e8ces&nbsp;<\/span><\/li>\n<\/ul>\n","protected":false},"excerpt":{"rendered":"<p><span style=\"font-weight: 400;\">Les piles boutons SR621 sont livr\u00e9es dans un emballage pratique de 5 piles boutons en tout. Chaque pile peut \u00eatre d\u00e9tach\u00e9e \u00e0 l&rsquo;aide du s\u00e9parateur perfor\u00e9.<\/span><\/p>\n<p><span style=\"font-weight: 400;\">Ces petites piles bouton se trouvent dans toute une s\u00e9rie de petits appareils \u00e9lectroniques, des appareils m\u00e9dicaux aux objets de tous les jours comme les porte-cl\u00e9s et les lampes de poche LED, les calculatrices, les montres, les mini-radios et bien d&rsquo;autres encore. Les piles boutons sont con\u00e7ues pour fournir une alimentation fiable et 100 % sans mercure. Veuillez vous d\u00e9barrasser des piles de mani\u00e8re responsable. Tenir hors de port\u00e9e des jeunes enfants.<\/span><\/p>\n","protected":false},"featured_media":139082,"comment_status":"closed","ping_status":"closed","template":"","meta":{"inline_featured_image":false},"product_brand":[],"product_cat":[1673,887,1435,967],"product_tag":[1777],"class_list":{"0":"post-139078","1":"product","2":"type-product","3":"status-publish","4":"has-post-thumbnail","6":"product_cat-batteries-rechargeables-fr","7":"product_cat-accessoires","8":"product_cat-camping-voyage","9":"product_cat-montres","10":"product_tag-camping-voyage","12":"first","13":"instock","14":"taxable","15":"shipping-taxable","16":"purchasable","17":"product-type-simple"},"_links":{"self":[{"href":"https:\/\/metal-badge.ch\/fr\/wp-json\/wp\/v2\/product\/139078","targetHints":{"allow":["GET"]}}],"collection":[{"href":"https:\/\/metal-badge.ch\/fr\/wp-json\/wp\/v2\/product"}],"about":[{"href":"https:\/\/metal-badge.ch\/fr\/wp-json\/wp\/v2\/types\/product"}],"replies":[{"embeddable":true,"href":"https:\/\/metal-badge.ch\/fr\/wp-json\/wp\/v2\/comments?post=139078"}],"wp:featuredmedia":[{"embeddable":true,"href":"https:\/\/metal-badge.ch\/fr\/wp-json\/wp\/v2\/media\/139082"}],"wp:attachment":[{"href":"https:\/\/metal-badge.ch\/fr\/wp-json\/wp\/v2\/media?parent=139078"}],"wp:term":[{"taxonomy":"product_brand","embeddable":true,"href":"https:\/\/metal-badge.ch\/fr\/wp-json\/wp\/v2\/product_brand?post=139078"},{"taxonomy":"product_cat","embeddable":true,"href":"https:\/\/metal-badge.ch\/fr\/wp-json\/wp\/v2\/product_cat?post=139078"},{"taxonomy":"product_tag","embeddable":true,"href":"https:\/\/metal-badge.ch\/fr\/wp-json\/wp\/v2\/product_tag?post=139078"}],"curies":[{"name":"wp","href":"https:\/\/api.w.org\/{rel}","templated":true}]}}