{"id":139066,"date":"2024-05-27T18:57:19","date_gmt":"2024-05-27T16:57:19","guid":{"rendered":"https:\/\/metal-badge.ch\/?post_type=product&#038;p=139066"},"modified":"2024-05-27T19:05:27","modified_gmt":"2024-05-27T17:05:27","slug":"pile-bouton-alcaline-lr44-10-pieces","status":"publish","type":"product","link":"https:\/\/metal-badge.ch\/fr\/product\/139066\/pile-bouton-alcaline-lr44-10-pieces\/","title":{"rendered":"Pile bouton alcaline LR44 \/ 10 pi\u00e8ces"},"content":{"rendered":"<p><span style=\"font-weight: 400;\">Les piles boutons LR44 sont livr\u00e9es dans un emballage pratique de 5 x 2 piles, pour un total de 10 piles boutons. Les peuvent \u00eatre d\u00e9tach\u00e9es deux par deux \u00e0 l&rsquo;aide du s\u00e9parateur perfor\u00e9.<\/span><\/p>\n<p><span style=\"font-weight: 400;\">Ces petites piles bouton se trouvent dans toute une s\u00e9rie de petits appareils \u00e9lectroniques, des appareils m\u00e9dicaux aux objets de tous les jours comme les porte-cl\u00e9s et les lampes de poche LED, les calculatrices, les montres, les mini-radios et bien d&rsquo;autres encore. Les piles boutons sont con\u00e7ues pour fournir une alimentation fiable et 100 % sans mercure. Veuillez vous d\u00e9barrasser des piles de mani\u00e8re responsable. Tenir hors de port\u00e9e des jeunes enfants.<\/span><\/p>\n<p><b>Informations sur le produit :&nbsp;<\/b><\/p>\n<ul>\n<li><span style=\"font-weight: 400;\">D\u00e9signation : Piles bouton LR44<\/span><\/li>\n<li><span style=\"font-weight: 400;\">\u00c9quivalent A76, V13GA, A76, KA76, 303, 357, LR1154, AG13<\/span><\/li>\n<li><span style=\"font-weight: 400;\">Type de batterie : alcaline&nbsp;<\/span><\/li>\n<li><span style=\"font-weight: 400;\">Tension : 1,5 V<\/span><\/li>\n<li><span style=\"font-weight: 400;\">Capacit\u00e9 : 90 mAh<\/span><\/li>\n<li><span style=\"font-weight: 400;\">Poids : 22 g \/ Blister de 10 pi\u00e8ces&nbsp;<\/span><\/li>\n<li><span style=\"font-weight: 400;\">Dimensions : 11,6 x 5,4 mm diam\u00e8tre x hauteur&nbsp;<\/span><\/li>\n<li><span style=\"font-weight: 400;\">Piles bouton puissantes en lot pratique de 10 piles<\/span><\/li>\n<li><span style=\"font-weight: 400;\">Convient pour l&rsquo;utilisation dans les jouets, calculatrices, mini-radios, montres, appareils de mesure, etc.&nbsp;<\/span><\/li>\n<li><span style=\"font-weight: 400;\">Unit\u00e9 d&#8217;emballage : blister de 10 pi\u00e8ces&nbsp;<\/span><\/li>\n<\/ul>\n","protected":false},"excerpt":{"rendered":"<p><span style=\"font-weight: 400;\">Les piles boutons LR44 sont livr\u00e9es dans un emballage pratique de 5 x 2 piles, pour un total de 10 piles boutons. Les peuvent \u00eatre d\u00e9tach\u00e9es deux par deux \u00e0 l&rsquo;aide du s\u00e9parateur perfor\u00e9.<\/span><\/p>\n<p><span style=\"font-weight: 400;\">Ces petites piles bouton se trouvent dans toute une s\u00e9rie de petits appareils \u00e9lectroniques, des appareils m\u00e9dicaux aux objets de tous les jours comme les porte-cl\u00e9s et les lampes de poche LED, les calculatrices, les montres, les mini-radios et bien d&rsquo;autres encore. Les piles boutons sont con\u00e7ues pour fournir une alimentation fiable et 100 % sans mercure. Veuillez vous d\u00e9barrasser des piles de mani\u00e8re responsable. Tenir hors de port\u00e9e des jeunes enfants.<\/span><\/p>\n","protected":false},"featured_media":139070,"comment_status":"closed","ping_status":"closed","template":"","meta":{"inline_featured_image":false},"product_brand":[],"product_cat":[1673,887,1435,967],"product_tag":[1777],"class_list":{"0":"post-139066","1":"product","2":"type-product","3":"status-publish","4":"has-post-thumbnail","6":"product_cat-batteries-rechargeables-fr","7":"product_cat-accessoires","8":"product_cat-camping-voyage","9":"product_cat-montres","10":"product_tag-camping-voyage","12":"first","13":"instock","14":"taxable","15":"shipping-taxable","16":"purchasable","17":"product-type-simple"},"_links":{"self":[{"href":"https:\/\/metal-badge.ch\/fr\/wp-json\/wp\/v2\/product\/139066","targetHints":{"allow":["GET"]}}],"collection":[{"href":"https:\/\/metal-badge.ch\/fr\/wp-json\/wp\/v2\/product"}],"about":[{"href":"https:\/\/metal-badge.ch\/fr\/wp-json\/wp\/v2\/types\/product"}],"replies":[{"embeddable":true,"href":"https:\/\/metal-badge.ch\/fr\/wp-json\/wp\/v2\/comments?post=139066"}],"wp:featuredmedia":[{"embeddable":true,"href":"https:\/\/metal-badge.ch\/fr\/wp-json\/wp\/v2\/media\/139070"}],"wp:attachment":[{"href":"https:\/\/metal-badge.ch\/fr\/wp-json\/wp\/v2\/media?parent=139066"}],"wp:term":[{"taxonomy":"product_brand","embeddable":true,"href":"https:\/\/metal-badge.ch\/fr\/wp-json\/wp\/v2\/product_brand?post=139066"},{"taxonomy":"product_cat","embeddable":true,"href":"https:\/\/metal-badge.ch\/fr\/wp-json\/wp\/v2\/product_cat?post=139066"},{"taxonomy":"product_tag","embeddable":true,"href":"https:\/\/metal-badge.ch\/fr\/wp-json\/wp\/v2\/product_tag?post=139066"}],"curies":[{"name":"wp","href":"https:\/\/api.w.org\/{rel}","templated":true}]}}