{"id":138893,"date":"2024-05-22T07:44:01","date_gmt":"2024-05-22T05:44:01","guid":{"rendered":"https:\/\/metal-badge.ch\/product\/138893\/palette-darret-et-pars-stop-and-go\/"},"modified":"2024-05-22T07:44:01","modified_gmt":"2024-05-22T05:44:01","slug":"palette-darret-et-pars-stop-and-go","status":"publish","type":"product","link":"https:\/\/metal-badge.ch\/fr\/product\/138893\/palette-darret-et-pars-stop-and-go\/","title":{"rendered":"Palette d\u2019arr\u00eat et pars \u00ab Stop and GO \u00bb"},"content":{"rendered":"<p><span style=\"font-weight: 400;\">Palette d\u2019arr\u00eat avec inscription r\u00e9fl\u00e9chissante&nbsp;<\/span><b>Stop<\/b><span style=\"font-weight: 400;\">&nbsp;avec led-light rouge clignotan et <\/span><b>GO<\/b><span style=\"font-weight: 400;\"> avec le led-light vert. La partie arri\u00e8re poss\u00e8de une led-light vert clignotant et une fl\u00e8che. La palette est l\u00e9g\u00e8re et tient bien en main. La lumi\u00e8re peut \u00eatre allum\u00e9e et \u00e9teinte avec un interrupteur \u00e0 bascule. De plus, la palette est \u00e9quip\u00e9e d\u2019une dragonne.<\/span><\/p>\n<p><b>Description du produit:<\/b><\/p>\n<ul>\n<li><span style=\"font-weight: 400;\">D\u00e9signation&nbsp;: Palette <\/span><b>STOP<\/b><span style=\"font-weight: 400;\"> et <\/span><b>GO<\/b><\/li>\n<li><span style=\"font-weight: 400;\">Poids: 240 g&nbsp;&nbsp;&nbsp;&nbsp;&nbsp;&nbsp;&nbsp;&nbsp;&nbsp;&nbsp;&nbsp;&nbsp;&nbsp;&nbsp;&nbsp;&nbsp;&nbsp;&nbsp;&nbsp;&nbsp;&nbsp;&nbsp;&nbsp;&nbsp;&nbsp;&nbsp;&nbsp;&nbsp;&nbsp;&nbsp;&nbsp;&nbsp;<\/span><span style=\"font-weight: 400;\"><br \/>\n<\/span><\/li>\n<li><span style=\"font-weight: 400;\">Couleur r\u00e9fl\u00e9chissante: blanc\/rouge\/vert&nbsp;&nbsp;&nbsp;&nbsp;&nbsp;&nbsp;&nbsp;&nbsp;&nbsp;&nbsp;&nbsp;&nbsp;&nbsp;&nbsp;&nbsp;&nbsp;&nbsp;&nbsp;&nbsp;&nbsp;&nbsp;&nbsp;&nbsp;&nbsp;&nbsp;&nbsp;&nbsp;&nbsp;<\/span><span style=\"font-weight: 400;\"><br \/>\n<\/span><\/li>\n<li><span style=\"font-weight: 400;\">Dimensions: longueur 38 cm<\/span><span style=\"font-weight: 400;\"><br \/>\n<\/span><\/li>\n<li><span style=\"font-weight: 400;\">Longueur du manche: 13,5 cm&nbsp; &nbsp;&nbsp;<\/span><span style=\"font-weight: 400;\"><br \/>\n<\/span><\/li>\n<li><span style=\"font-weight: 400;\">Diam\u00e8tre Palette: 19 cm&nbsp;&nbsp;&nbsp;&nbsp;&nbsp;&nbsp;&nbsp;&nbsp;&nbsp;&nbsp;&nbsp;&nbsp;&nbsp;&nbsp;&nbsp;&nbsp;&nbsp;&nbsp;&nbsp;&nbsp;&nbsp;&nbsp;&nbsp;&nbsp;&nbsp;&nbsp;&nbsp;&nbsp;&nbsp;&nbsp;&nbsp;&nbsp;&nbsp;&nbsp;&nbsp;&nbsp;&nbsp;&nbsp;&nbsp;&nbsp;&nbsp;&nbsp;&nbsp;&nbsp;&nbsp; <\/span><\/li>\n<li><span style=\"font-weight: 400;\">Dragonne noire <\/span><\/li>\n<li><span style=\"font-weight: 400;\">Inscription r\u00e9fl\u00e9chissante: <\/span><b>Stop<\/b><span style=\"font-weight: 400;\"> inscription avec led-light rouge \/ et <\/span><b>GO<\/b><span style=\"font-weight: 400;\"> avec le feu vert <\/span><\/li>\n<li>Lumi\u00e8re: led-light rouge clignotant \/ led-light vert clignotant, peut \u00eatre allum\u00e9e et \u00e9teinte par un interrupteur \u00e0 bascule<\/li>\n<li><span>Piles: 3 pc. \/ 1,5 V<\/span>&nbsp; &nbsp;<\/li>\n<\/ul>\n<p><span style=\"font-weight: 400;\">&nbsp;<\/span><span style=\"font-weight: 400;\">Sur demande et \u00e0 partir de 10 pc, d\u2019autres inscriptions sont possibles.<\/span><\/p>\n","protected":false},"excerpt":{"rendered":"<p><span style=\"font-weight: 400;\">Palette d\u2019arr\u00eat avec inscription r\u00e9fl\u00e9chissante&nbsp;<\/span><b>Stop<\/b><span style=\"font-weight: 400;\">&nbsp;avec led-light rouge clignotan et <\/span><b>GO<\/b><span style=\"font-weight: 400;\"> avec le led-light vert. La partie arri\u00e8re poss\u00e8de une led-light vert clignotant et une fl\u00e8che. La palette est l\u00e9g\u00e8re et tient bien en main. La lumi\u00e8re peut \u00eatre allum\u00e9e et \u00e9teinte avec un interrupteur \u00e0 bascule. De plus, la palette est \u00e9quip\u00e9e d\u2019une dragonne.<\/span><\/p>\n","protected":false},"featured_media":138866,"comment_status":"closed","ping_status":"closed","template":"","meta":{"inline_featured_image":false},"product_brand":[],"product_cat":[1343,887,1946,1887],"product_tag":[1781],"class_list":{"0":"post-138893","1":"product","2":"type-product","3":"status-publish","4":"has-post-thumbnail","6":"product_cat-lampes-lampes-de-poche","7":"product_cat-accessoires","8":"product_cat-organisations-lumiere-bleue-securite","9":"product_cat-vehicule-route","10":"product_tag-police-securite","12":"first","13":"instock","14":"taxable","15":"shipping-taxable","16":"purchasable","17":"product-type-simple"},"_links":{"self":[{"href":"https:\/\/metal-badge.ch\/fr\/wp-json\/wp\/v2\/product\/138893","targetHints":{"allow":["GET"]}}],"collection":[{"href":"https:\/\/metal-badge.ch\/fr\/wp-json\/wp\/v2\/product"}],"about":[{"href":"https:\/\/metal-badge.ch\/fr\/wp-json\/wp\/v2\/types\/product"}],"replies":[{"embeddable":true,"href":"https:\/\/metal-badge.ch\/fr\/wp-json\/wp\/v2\/comments?post=138893"}],"wp:featuredmedia":[{"embeddable":true,"href":"https:\/\/metal-badge.ch\/fr\/wp-json\/wp\/v2\/media\/138866"}],"wp:attachment":[{"href":"https:\/\/metal-badge.ch\/fr\/wp-json\/wp\/v2\/media?parent=138893"}],"wp:term":[{"taxonomy":"product_brand","embeddable":true,"href":"https:\/\/metal-badge.ch\/fr\/wp-json\/wp\/v2\/product_brand?post=138893"},{"taxonomy":"product_cat","embeddable":true,"href":"https:\/\/metal-badge.ch\/fr\/wp-json\/wp\/v2\/product_cat?post=138893"},{"taxonomy":"product_tag","embeddable":true,"href":"https:\/\/metal-badge.ch\/fr\/wp-json\/wp\/v2\/product_tag?post=138893"}],"curies":[{"name":"wp","href":"https:\/\/api.w.org\/{rel}","templated":true}]}}