{"id":138772,"date":"2024-05-22T06:06:23","date_gmt":"2024-05-22T04:06:24","guid":{"rendered":"https:\/\/metal-badge.ch\/?post_type=product&#038;p=138772"},"modified":"2024-05-22T06:16:48","modified_gmt":"2024-05-22T04:16:48","slug":"holster-pour-epaule-en-nylon-pour-pistolet","status":"publish","type":"product","link":"https:\/\/metal-badge.ch\/fr\/product\/138772\/holster-pour-epaule-en-nylon-pour-pistolet\/","title":{"rendered":"Holster pour \u00e9paule en nylon pour pistolet"},"content":{"rendered":"<p><span style=\"font-weight: 400;\">Le holster d&rsquo;\u00e9paule pour pistolet en nylon avec double \u00e9tui pour chargeur. Le holster peut \u00eatre port\u00e9 et mont\u00e9 \u00e0 droite ou \u00e0 gauche et \u00eatre rapidement chang\u00e9 d&rsquo;un c\u00f4t\u00e9 \u00e0 l&rsquo;autre gr\u00e2ce au syst\u00e8me de fermeture rapide par clic. De plus, les sangles peuvent \u00eatre adapt\u00e9es \u00e0 la taille de l&rsquo;utilisateur. Les sangles sur les \u00e9paules sont \u00e9lastiques. Tr\u00e8s l\u00e9ger et agr\u00e9able \u00e0 porter. Le holster pour pistolet est s\u00e9curis\u00e9 par un \u00e9lastique et une fermeture \u00e0 bouton-pression. Le holster, le <\/span><b>holster pour pistolet et l&rsquo;\u00e9tui pour chargeur<\/b><span style=\"font-weight: 400;\"> peuvent \u00eatre fix\u00e9s et r\u00e9gl\u00e9s au bas de la ceinture des deux c\u00f4t\u00e9s au moyen d&rsquo;un velcro et d\u2019une sangle.&nbsp;&nbsp;<\/span><\/p>\n<p><b>Informations sur le produit :&nbsp;<\/b><\/p>\n<ul>\n<li><span style=\"font-weight: 400;\">D\u00e9signation : Holster d&rsquo;\u00e9paule pour pistolet avec deux \u00e9tuis pour chargeur<\/span><\/li>\n<li><span style=\"font-weight: 400;\">Peut \u00eatre port\u00e9 \u00e0 droite ou \u00e0 gauche, c\u00f4t\u00e9 interchangeable gr\u00e2ce \u00e0 des fermetures rapides<\/span><\/li>\n<li><span style=\"font-weight: 400;\">Double \u00e9tui pour chargeur avec fermeture velcro et ouverture vers le bas&nbsp;<\/span><\/li>\n<li><span style=\"font-weight: 400;\">Holster pour pistolet fix\u00e9 par un \u00e9lastique et une fermeture \u00e0 bouton-pression<\/span><\/li>\n<li><span style=\"font-weight: 400;\">Le holster pour pistolet et la pochette pour le chargeur peuvent \u00eatre fix\u00e9s \u00e0 la ceinture par une sangle et du velcro.&nbsp;<\/span><\/li>\n<li><span style=\"font-weight: 400;\">Le holster est \u00e9lastique sur l&rsquo;\u00e9paule et r\u00e9glable lat\u00e9ralement gr\u00e2ce \u00e0 un syst\u00e8me de fermeture rapide par clic.<\/span><\/li>\n<li><span style=\"font-weight: 400;\">Couleur : noir&nbsp;<\/span><\/li>\n<li><span style=\"font-weight: 400;\">Mati\u00e8re : Nylon \/ polyester&nbsp;<\/span><\/li>\n<li><span style=\"font-weight: 400;\">Poids : 200 g.&nbsp;<\/span><\/li>\n<li><span style=\"font-weight: 400;\">Adapt\u00e9 pour : Walther PPK, Beretta, SIG 220-229, Glock,Ruger LCP etc. <\/span><\/li>\n<\/ul>\n","protected":false},"excerpt":{"rendered":"<p><span style=\"font-weight: 400;\">Le holster d&rsquo;\u00e9paule pour pistolet en nylon avec double \u00e9tui pour chargeur. Le holster peut \u00eatre port\u00e9 et mont\u00e9 \u00e0 droite ou \u00e0 gauche et \u00eatre rapidement chang\u00e9 d&rsquo;un c\u00f4t\u00e9 \u00e0 l&rsquo;autre gr\u00e2ce au syst\u00e8me de fermeture rapide par clic. De plus, les sangles peuvent \u00eatre adapt\u00e9es \u00e0 la taille de l&rsquo;utilisateur. Les sangles sur les \u00e9paules sont \u00e9lastiques. Tr\u00e8s l\u00e9ger et agr\u00e9able \u00e0 porter. Le holster pour pistolet est s\u00e9curis\u00e9 par un \u00e9lastique et une fermeture \u00e0 bouton-pression. Le holster, le <\/span><b>holster pour pistolet et l&rsquo;\u00e9tui pour chargeur<\/b><span style=\"font-weight: 400;\"> peuvent \u00eatre fix\u00e9s et r\u00e9gl\u00e9s au bas de la ceinture des deux c\u00f4t\u00e9s au moyen d&rsquo;un velcro et d\u2019une sangle.&nbsp;&nbsp;<\/span><\/p>\n","protected":false},"featured_media":138776,"comment_status":"closed","ping_status":"closed","template":"","meta":{"inline_featured_image":false},"product_brand":[],"product_cat":[1946,1479],"product_tag":[1781,1765],"class_list":{"0":"post-138772","1":"product","2":"type-product","3":"status-publish","4":"has-post-thumbnail","6":"product_cat-organisations-lumiere-bleue-securite","7":"product_cat-etuis-de-revolver","8":"product_tag-police-securite","9":"product_tag-sport-outdoor-fr","11":"first","12":"instock","13":"taxable","14":"shipping-taxable","15":"purchasable","16":"product-type-simple"},"_links":{"self":[{"href":"https:\/\/metal-badge.ch\/fr\/wp-json\/wp\/v2\/product\/138772","targetHints":{"allow":["GET"]}}],"collection":[{"href":"https:\/\/metal-badge.ch\/fr\/wp-json\/wp\/v2\/product"}],"about":[{"href":"https:\/\/metal-badge.ch\/fr\/wp-json\/wp\/v2\/types\/product"}],"replies":[{"embeddable":true,"href":"https:\/\/metal-badge.ch\/fr\/wp-json\/wp\/v2\/comments?post=138772"}],"wp:featuredmedia":[{"embeddable":true,"href":"https:\/\/metal-badge.ch\/fr\/wp-json\/wp\/v2\/media\/138776"}],"wp:attachment":[{"href":"https:\/\/metal-badge.ch\/fr\/wp-json\/wp\/v2\/media?parent=138772"}],"wp:term":[{"taxonomy":"product_brand","embeddable":true,"href":"https:\/\/metal-badge.ch\/fr\/wp-json\/wp\/v2\/product_brand?post=138772"},{"taxonomy":"product_cat","embeddable":true,"href":"https:\/\/metal-badge.ch\/fr\/wp-json\/wp\/v2\/product_cat?post=138772"},{"taxonomy":"product_tag","embeddable":true,"href":"https:\/\/metal-badge.ch\/fr\/wp-json\/wp\/v2\/product_tag?post=138772"}],"curies":[{"name":"wp","href":"https:\/\/api.w.org\/{rel}","templated":true}]}}