{"id":138725,"date":"2024-05-21T01:51:58","date_gmt":"2024-05-20T23:51:59","guid":{"rendered":"https:\/\/metal-badge.ch\/?post_type=product&#038;p=138725"},"modified":"2024-05-21T02:11:12","modified_gmt":"2024-05-21T00:11:12","slug":"holster-depaule-noir-en-cuir-pour-pistolet","status":"publish","type":"product","link":"https:\/\/metal-badge.ch\/fr\/product\/138725\/holster-depaule-noir-en-cuir-pour-pistolet\/","title":{"rendered":"Holster d\u2019\u00e9paule noir en cuir pour pistolet"},"content":{"rendered":"<p><span style=\"font-weight: 400;\">Le holster d&rsquo;\u00e9paule pour pistolet en similicuir avec \u00e9tui pour chargeur et adapt\u00e9 aux petits pistolets compacts comme le Beretta Pico, Glock 42, Ruger LCP etc. Le holster pour pistolet pour droitier peut \u00eatre r\u00e9gl\u00e9 en hauteur \u00e0 l&rsquo;aide de 4 boutons-pression. Il en va de m\u00eame pour l&rsquo;\u00e9tui pour le chargeur.<\/span><\/p>\n<p><span style=\"font-weight: 400;\">Le holster du pistolet est s\u00e9curis\u00e9 par une sangle en cuir avec fermeture \u00e0 bouton-pression. Le holster, le <\/span><b>holster pour pistolet et l&rsquo;\u00e9tui pour chargeur<\/b><span style=\"font-weight: 400;\"> peuvent \u00eatre fix\u00e9s et r\u00e9gl\u00e9s au bas de la ceinture des deux c\u00f4t\u00e9s au moyen d&rsquo;une fermeture \u00e0 bouton-pression et de passants en cuir.&nbsp;&nbsp;<\/span><\/p>\n<p><b>Informations sur le produit :&nbsp;<\/b><\/p>\n<ul>\n<li><span style=\"font-weight: 400;\">D\u00e9signation : Holster d&rsquo;\u00e9paule pour pistolet avec \u00e9tui pour chargeur<\/span><\/li>\n<li><span style=\"font-weight: 400;\">pour droitiers<\/span><\/li>\n<li><span style=\"font-weight: 400;\">L&rsquo;\u00e9tui pour chargeur s&rsquo;ouvre \u00e0 l&rsquo;aide d&rsquo;un bouton-pression et le chargeur peut \u00eatre retir\u00e9 vers le bas&nbsp;<\/span><\/li>\n<li><span style=\"font-weight: 400;\">Holster pour pistolet fix\u00e9 par une bande de cuir et une fermeture \u00e0 bouton-pression<\/span><\/li>\n<li><span style=\"font-weight: 400;\">Le holster pour pistolet et la pochette pour le chargeur peuvent \u00eatre fix\u00e9s \u00e0 la ceinture par une sangle et du velcro.&nbsp;<\/span><\/li>\n<li><span style=\"font-weight: 400;\">Couleur : noir&nbsp;<\/span><\/li>\n<li><span style=\"font-weight: 400;\">Mati\u00e8re : Similicuir&nbsp;&nbsp;<\/span><\/li>\n<li><span style=\"font-weight: 400;\">Poids : 260 g&nbsp;<\/span><\/li>\n<li><span style=\"font-weight: 400;\">Adapt\u00e9 pour des pistolets compacts comme : Walther PPK,S, Beretta Pico, SIG 220-229, Glock42, Kimber Micro 380, Ruger LCP, Smith &amp; Wesson Bodyguard 380 et de nombreux autres<\/span><\/li>\n<\/ul>\n","protected":false},"excerpt":{"rendered":"<p><span style=\"font-weight: 400;\">Le holster d&rsquo;\u00e9paule pour pistolet en similicuir avec \u00e9tui pour chargeur et adapt\u00e9 aux petits pistolets compacts comme le Beretta Pico, Glock 42, Ruger LCP etc. Le holster pour pistolet pour droitier peut \u00eatre r\u00e9gl\u00e9 en hauteur \u00e0 l&rsquo;aide de 4 boutons-pression. Il en va de m\u00eame pour l&rsquo;\u00e9tui pour le chargeur.<\/span><\/p>\n<p><span style=\"font-weight: 400;\">Le holster du pistolet est s\u00e9curis\u00e9 par une sangle en cuir avec fermeture \u00e0 bouton-pression. Le holster, le <\/span><b>holster pour pistolet et l&rsquo;\u00e9tui pour chargeur<\/b><span style=\"font-weight: 400;\"> peuvent \u00eatre fix\u00e9s et r\u00e9gl\u00e9s au bas de la ceinture des deux c\u00f4t\u00e9s au moyen d&rsquo;une fermeture \u00e0 bouton-pression et de passants en cuir.&nbsp;&nbsp;<\/span><\/p>\n","protected":false},"featured_media":138729,"comment_status":"closed","ping_status":"closed","template":"","meta":{"inline_featured_image":false},"product_brand":[],"product_cat":[1946,1479],"product_tag":[1781,1765],"class_list":{"0":"post-138725","1":"product","2":"type-product","3":"status-publish","4":"has-post-thumbnail","6":"product_cat-organisations-lumiere-bleue-securite","7":"product_cat-etuis-de-revolver","8":"product_tag-police-securite","9":"product_tag-sport-outdoor-fr","11":"first","12":"instock","13":"taxable","14":"shipping-taxable","15":"purchasable","16":"product-type-simple"},"_links":{"self":[{"href":"https:\/\/metal-badge.ch\/fr\/wp-json\/wp\/v2\/product\/138725","targetHints":{"allow":["GET"]}}],"collection":[{"href":"https:\/\/metal-badge.ch\/fr\/wp-json\/wp\/v2\/product"}],"about":[{"href":"https:\/\/metal-badge.ch\/fr\/wp-json\/wp\/v2\/types\/product"}],"replies":[{"embeddable":true,"href":"https:\/\/metal-badge.ch\/fr\/wp-json\/wp\/v2\/comments?post=138725"}],"wp:featuredmedia":[{"embeddable":true,"href":"https:\/\/metal-badge.ch\/fr\/wp-json\/wp\/v2\/media\/138729"}],"wp:attachment":[{"href":"https:\/\/metal-badge.ch\/fr\/wp-json\/wp\/v2\/media?parent=138725"}],"wp:term":[{"taxonomy":"product_brand","embeddable":true,"href":"https:\/\/metal-badge.ch\/fr\/wp-json\/wp\/v2\/product_brand?post=138725"},{"taxonomy":"product_cat","embeddable":true,"href":"https:\/\/metal-badge.ch\/fr\/wp-json\/wp\/v2\/product_cat?post=138725"},{"taxonomy":"product_tag","embeddable":true,"href":"https:\/\/metal-badge.ch\/fr\/wp-json\/wp\/v2\/product_tag?post=138725"}],"curies":[{"name":"wp","href":"https:\/\/api.w.org\/{rel}","templated":true}]}}