{"id":138641,"date":"2024-05-15T07:17:11","date_gmt":"2024-05-15T05:17:11","guid":{"rendered":"https:\/\/metal-badge.ch\/product\/138641\/canne-a-peche-pliable-avec-moulinet\/"},"modified":"2024-05-15T07:17:11","modified_gmt":"2024-05-15T05:17:11","slug":"canne-a-peche-pliable-avec-moulinet","status":"publish","type":"product","link":"https:\/\/metal-badge.ch\/fr\/product\/138641\/canne-a-peche-pliable-avec-moulinet\/","title":{"rendered":"Canne \u00e0 p\u00eache pliable avec moulinet"},"content":{"rendered":"<p><b><i>D\u00e9couvrez la libert\u00e9 de p\u00eacher n&rsquo;importe o\u00f9 et n&rsquo;importe quand !<\/i><\/b><\/p>\n<p><span style=\"font-weight: 400;\">Notre canne \u00e0 p\u00eache pliable est l&rsquo;accessoire id\u00e9al pour tous les p\u00eacheurs passionn\u00e9s qui sont constamment \u00e0 la recherche de nouvelles aventures. <\/span><b>Compacte et portable :<\/b><span style=\"font-weight: 400;\"> La canne se plie facilement \u00e0 une taille pratique de 26,5 cm ; vous pouvez donc la ranger facilement dans votre sac \u00e0 dos ou dans une petite poche. M\u00eame lorsque vous voyagez, la canne \u00e0 p\u00eache trouve toujours sa place dans votre valise. Il n&rsquo;a jamais \u00e9t\u00e9 aussi facile de s&rsquo;arr\u00eater spontan\u00e9ment dans votre coin de p\u00eache pr\u00e9f\u00e9r\u00e9 ou de profiter d&rsquo;un petit moment de p\u00eache rapide. La canne \u00e0 p\u00eache t\u00e9lescopique en composite est extensible jusqu&rsquo;\u00e0 une longueur de 121 cm. La canne \u00e0 p\u00eache est tr\u00e8s robuste et maniable. La bobine s&rsquo;ouvre facilement gr\u00e2ce \u00e0 une fermeture rotative. Le fil en nylon peut \u00eatre remplac\u00e9 \u00e0 tout moment par un autre fil \u00e0 l&rsquo;int\u00e9rieur. La canne \u00e0 p\u00eache convient aussi bien pour la p\u00eache en lac que pour la p\u00eache en rivi\u00e8re.&nbsp;<\/span><\/p>\n<p><b>Informations sur le produit :<\/b><\/p>\n<ul>\n<li><span style=\"font-weight: 400;\">D\u00e9signation : Canne \u00e0 p\u00eache pliable avec bobine&nbsp;&nbsp;<\/span><\/li>\n<li><span style=\"font-weight: 400;\">Poids avec bobine : 455 g&nbsp;<\/span><\/li>\n<li><span style=\"font-weight: 400;\">Longueur totale : 121 cm<\/span><\/li>\n<li><span style=\"font-weight: 400;\">Longueur pli\u00e9e : 26,5 cm<\/span><\/li>\n<li><span style=\"font-weight: 400;\">Couleur : bleu m\u00e9tallique&nbsp;<\/span><\/li>\n<li><span style=\"font-weight: 400;\">Mati\u00e8re : Fibre de verre composite<\/span><\/li>\n<li><span style=\"font-weight: 400;\">Rouleau de 70 m\u00e8tres de fil de nylon&nbsp;<\/span><\/li>\n<li><span style=\"font-weight: 400;\">Poids fil de nylon \/ traction : 6,5 kg.<\/span><\/li>\n<\/ul>\n","protected":false},"excerpt":{"rendered":"<p><b><i>D\u00e9couvrez la libert\u00e9 de p\u00eacher n&rsquo;importe o\u00f9 et n&rsquo;importe quand !<\/i><\/b><\/p>\n<p><span style=\"font-weight: 400;\">Notre canne \u00e0 p\u00eache pliable est l&rsquo;accessoire id\u00e9al pour tous les p\u00eacheurs passionn\u00e9s qui sont constamment \u00e0 la recherche de nouvelles aventures. <\/span><b>Compacte et portable :<\/b><span style=\"font-weight: 400;\"> La canne se plie facilement \u00e0 une taille pratique de 26,5 cm ; vous pouvez donc la ranger facilement dans votre sac \u00e0 dos ou dans une petite poche. M\u00eame lorsque vous voyagez, la canne \u00e0 p\u00eache trouve toujours sa place dans votre valise. Il n&rsquo;a jamais \u00e9t\u00e9 aussi facile de s&rsquo;arr\u00eater spontan\u00e9ment dans votre coin de p\u00eache pr\u00e9f\u00e9r\u00e9 ou de profiter d&rsquo;un petit moment de p\u00eache rapide. La canne \u00e0 p\u00eache t\u00e9lescopique en composite est extensible jusqu&rsquo;\u00e0 une longueur de 121 cm. La canne \u00e0 p\u00eache est tr\u00e8s robuste et maniable. La bobine s&rsquo;ouvre facilement gr\u00e2ce \u00e0 une fermeture rotative. Le fil en nylon peut \u00eatre remplac\u00e9 \u00e0 tout moment par un autre fil \u00e0 l&rsquo;int\u00e9rieur. La canne \u00e0 p\u00eache convient aussi bien pour la p\u00eache en lac que pour la p\u00eache en rivi\u00e8re.&nbsp;<\/span><\/p>\n","protected":false},"featured_media":138610,"comment_status":"closed","ping_status":"closed","template":"","meta":{"inline_featured_image":false},"product_brand":[],"product_cat":[1435,887],"product_tag":[1773,1789,1765],"class_list":{"0":"post-138641","1":"product","2":"type-product","3":"status-publish","4":"has-post-thumbnail","6":"product_cat-camping-voyage","7":"product_cat-accessoires","8":"product_tag-chasse-peche","9":"product_tag-enfants-divertissement","10":"product_tag-sport-outdoor-fr","12":"first","13":"instock","14":"taxable","15":"shipping-taxable","16":"purchasable","17":"product-type-simple"},"_links":{"self":[{"href":"https:\/\/metal-badge.ch\/fr\/wp-json\/wp\/v2\/product\/138641","targetHints":{"allow":["GET"]}}],"collection":[{"href":"https:\/\/metal-badge.ch\/fr\/wp-json\/wp\/v2\/product"}],"about":[{"href":"https:\/\/metal-badge.ch\/fr\/wp-json\/wp\/v2\/types\/product"}],"replies":[{"embeddable":true,"href":"https:\/\/metal-badge.ch\/fr\/wp-json\/wp\/v2\/comments?post=138641"}],"wp:featuredmedia":[{"embeddable":true,"href":"https:\/\/metal-badge.ch\/fr\/wp-json\/wp\/v2\/media\/138610"}],"wp:attachment":[{"href":"https:\/\/metal-badge.ch\/fr\/wp-json\/wp\/v2\/media?parent=138641"}],"wp:term":[{"taxonomy":"product_brand","embeddable":true,"href":"https:\/\/metal-badge.ch\/fr\/wp-json\/wp\/v2\/product_brand?post=138641"},{"taxonomy":"product_cat","embeddable":true,"href":"https:\/\/metal-badge.ch\/fr\/wp-json\/wp\/v2\/product_cat?post=138641"},{"taxonomy":"product_tag","embeddable":true,"href":"https:\/\/metal-badge.ch\/fr\/wp-json\/wp\/v2\/product_tag?post=138641"}],"curies":[{"name":"wp","href":"https:\/\/api.w.org\/{rel}","templated":true}]}}