{"id":138500,"date":"2024-05-15T02:38:06","date_gmt":"2024-05-15T00:38:06","guid":{"rendered":"https:\/\/metal-badge.ch\/product\/138500\/housse-pour-armes-brune-et-verte-differentes-longueurs\/"},"modified":"2024-05-15T02:43:54","modified_gmt":"2024-05-15T00:43:54","slug":"housse-pour-armes-brune-et-verte-differentes-longueurs-brun","status":"publish","type":"product","link":"https:\/\/metal-badge.ch\/fr\/product\/138500\/housse-pour-armes-brune-et-verte-differentes-longueurs-brun\/","title":{"rendered":"Housse pour armes brune et verte, diff\u00e9rentes longueurs &#8211; brun"},"content":{"rendered":"<p><span style=\"font-weight: 400;\">Housse tricot\u00e9e \u00e9lastique pour armes longues. Munie d&rsquo;un cordon de serrage, elle offre une protection id\u00e9ale (contre la rouille) dans le placard \u00e0 fusils ou pendant le transport. La housse \u00e0 fusils est impr\u00e9gn\u00e9e de silicone pour une protection parfaite \u00e0 long terme. Couleur verte et marron, longueur de 105 et 120 cm.<\/span><\/p>\n<p><b>Informations sur le produit :&nbsp;<\/b><\/p>\n<ul>\n<li><span style=\"font-weight: 400;\">Mati\u00e8re : polyester&nbsp;<\/span><\/li>\n<li><span style=\"font-weight: 400;\">Avec cordon de serrage&nbsp;<\/span><\/li>\n<li><span style=\"font-weight: 400;\">Couleurs : brun<\/span><\/li>\n<li><span style=\"font-weight: 400;\">Largeur : 12 cm, \u00e9lastique<\/span><\/li>\n<li><span style=\"font-weight: 400;\">Longueur 105 cm \u00e9lastique<\/span><\/li>\n<li><span style=\"font-weight: 400;\">Longueur 120 cm \u00e9lastique&nbsp;<\/span><\/li>\n<li><span style=\"font-weight: 400;\">Poids : 100 g <\/span><\/li>\n<\/ul>\n","protected":false},"excerpt":{"rendered":"<p><span style=\"font-weight: 400;\">Housse tricot\u00e9e \u00e9lastique pour armes longues. Munie d&rsquo;un cordon de serrage, elle offre une protection id\u00e9ale (contre la rouille) dans le placard \u00e0 fusils ou pendant le transport. La housse \u00e0 fusils est impr\u00e9gn\u00e9e de silicone pour une protection parfaite \u00e0 long terme. Couleur verte et marron, longueur de 105 et 120 cm.<\/span><\/p>\n","protected":false},"featured_media":138493,"comment_status":"closed","ping_status":"closed","template":"","meta":{"inline_featured_image":false},"product_brand":[],"product_cat":[2319,887,1347],"product_tag":[1769,1773],"class_list":{"0":"post-138500","1":"product","2":"type-product","3":"status-publish","4":"has-post-thumbnail","6":"product_cat-armes-dexercice-armes-dentrainement","7":"product_cat-accessoires","8":"product_cat-accessoires-militaires-de-chasse","9":"product_tag-army-survival-fr","10":"product_tag-chasse-peche","12":"first","13":"instock","14":"taxable","15":"shipping-taxable","16":"purchasable","17":"product-type-simple"},"_links":{"self":[{"href":"https:\/\/metal-badge.ch\/fr\/wp-json\/wp\/v2\/product\/138500","targetHints":{"allow":["GET"]}}],"collection":[{"href":"https:\/\/metal-badge.ch\/fr\/wp-json\/wp\/v2\/product"}],"about":[{"href":"https:\/\/metal-badge.ch\/fr\/wp-json\/wp\/v2\/types\/product"}],"replies":[{"embeddable":true,"href":"https:\/\/metal-badge.ch\/fr\/wp-json\/wp\/v2\/comments?post=138500"}],"wp:featuredmedia":[{"embeddable":true,"href":"https:\/\/metal-badge.ch\/fr\/wp-json\/wp\/v2\/media\/138493"}],"wp:attachment":[{"href":"https:\/\/metal-badge.ch\/fr\/wp-json\/wp\/v2\/media?parent=138500"}],"wp:term":[{"taxonomy":"product_brand","embeddable":true,"href":"https:\/\/metal-badge.ch\/fr\/wp-json\/wp\/v2\/product_brand?post=138500"},{"taxonomy":"product_cat","embeddable":true,"href":"https:\/\/metal-badge.ch\/fr\/wp-json\/wp\/v2\/product_cat?post=138500"},{"taxonomy":"product_tag","embeddable":true,"href":"https:\/\/metal-badge.ch\/fr\/wp-json\/wp\/v2\/product_tag?post=138500"}],"curies":[{"name":"wp","href":"https:\/\/api.w.org\/{rel}","templated":true}]}}