{"id":138464,"date":"2024-05-15T00:33:29","date_gmt":"2024-05-14T22:33:30","guid":{"rendered":"https:\/\/metal-badge.ch\/?post_type=product&#038;p=138464"},"modified":"2024-05-15T00:39:40","modified_gmt":"2024-05-14T22:39:40","slug":"petit-kit-de-nettoyage-pour-armes-courtes-2","status":"publish","type":"product","link":"https:\/\/metal-badge.ch\/fr\/product\/138464\/petit-kit-de-nettoyage-pour-armes-courtes-2\/","title":{"rendered":"Petit kit de nettoyage pour armes courtes"},"content":{"rendered":"<p><span style=\"font-weight: 400;\">Compos\u00e9 d&rsquo;un b\u00e2ton de nettoyage en deux parties de 25,5 cm en laiton avec une poign\u00e9e montable pour armes courtes. L\u2019outil de pique de nettoyage facilite le nettoyage de votre arme dans les endroits et les coins difficiles \u00e0 atteindre. Les 4 diff\u00e9rentes brosses en laiton et la grande brosse en nylon permettent \u00e9galement d&rsquo;\u00e9liminer les r\u00e9sidus de tirage les plus tenaces. De plus, le kit comprend 4 pointes bore diff\u00e9rentes en plastique ainsi que 2 supports de chiffon et des chiffons de nettoyage. Livr\u00e9 avec un sac avec fermeture \u00e9clair sur tout le pourtour. Adapt\u00e9 pour les calibres .38\/9mm .30 \/ 7,62 mm, .270 \/ 6,8 mm, .22 \/ 5,6 mm, .44-.45 \/ 11,43 mm, .40 \/ 10 mm, .357-.38 \/ 9,6 mm \/ .40.45&nbsp;<\/span><\/p>\n<p><b>Informations sur le produit :&nbsp;<\/b><\/p>\n<ul>\n<li><span style=\"font-weight: 400;\">D\u00e9signation : Kit de nettoyage d\u2019armes \u00e0 feu GK37<\/span><\/li>\n<li><span style=\"font-weight: 400;\">Livr\u00e9 avec sac &nbsp;<\/span><\/li>\n<li><span style=\"font-weight: 400;\">Poids : 180 g avec sac<\/span><\/li>\n<li><span style=\"font-weight: 400;\">1 b\u00e2ton de nettoyage en deux parties en laiton avec poign\u00e9e en plastique&nbsp;<\/span><\/li>\n<li><span style=\"font-weight: 400;\">1 grande brosse en nylon&nbsp;<\/span><\/li>\n<li><span style=\"font-weight: 400;\">1 outil de pique pour nettoyer les endroits difficiles d&rsquo;acc\u00e8s.<\/span><\/li>\n<li><span style=\"font-weight: 400;\">4 brosses en cuivre de diff\u00e9rentes tailles<\/span><\/li>\n<li><span style=\"font-weight: 400;\">4 pointes de nettoyage bore en plastique diff\u00e9rentes&nbsp;<\/span><\/li>\n<li><span style=\"font-weight: 400;\">2 porte-chiffons&nbsp;<\/span><\/li>\n<li><span style=\"font-weight: 400;\">Diff\u00e9rents chiffons de nettoyage<\/span><\/li>\n<\/ul>\n","protected":false},"excerpt":{"rendered":"<p><span style=\"font-weight: 400;\">Compos\u00e9 d&rsquo;un b\u00e2ton de nettoyage en deux parties de 25,5 cm en laiton avec une poign\u00e9e montable pour armes courtes. L\u2019outil de pique de nettoyage facilite le nettoyage de votre arme dans les endroits et les coins difficiles \u00e0 atteindre. Les 4 diff\u00e9rentes brosses en laiton et la grande brosse en nylon permettent \u00e9galement d&rsquo;\u00e9liminer les r\u00e9sidus de tirage les plus tenaces. De plus, le kit comprend 4 pointes bore diff\u00e9rentes en plastique ainsi que 2 supports de chiffon et des chiffons de nettoyage. Livr\u00e9 avec un sac avec fermeture \u00e9clair sur tout le pourtour. Adapt\u00e9 pour les calibres .38\/9mm .30 \/ 7,62 mm, .270 \/ 6,8 mm, .22 \/ 5,6 mm, .44-.45 \/ 11,43 mm, .40 \/ 10 mm, .357-.38 \/ 9,6 mm \/ .40.45&nbsp;<\/span><\/p>\n","protected":false},"featured_media":138468,"comment_status":"closed","ping_status":"closed","template":"","meta":{"inline_featured_image":false},"product_brand":[],"product_cat":[2319,887,1347,1946],"product_tag":[1781],"class_list":{"0":"post-138464","1":"product","2":"type-product","3":"status-publish","4":"has-post-thumbnail","6":"product_cat-armes-dexercice-armes-dentrainement","7":"product_cat-accessoires","8":"product_cat-accessoires-militaires-de-chasse","9":"product_cat-organisations-lumiere-bleue-securite","10":"product_tag-police-securite","12":"first","13":"instock","14":"taxable","15":"shipping-taxable","16":"purchasable","17":"product-type-simple"},"_links":{"self":[{"href":"https:\/\/metal-badge.ch\/fr\/wp-json\/wp\/v2\/product\/138464","targetHints":{"allow":["GET"]}}],"collection":[{"href":"https:\/\/metal-badge.ch\/fr\/wp-json\/wp\/v2\/product"}],"about":[{"href":"https:\/\/metal-badge.ch\/fr\/wp-json\/wp\/v2\/types\/product"}],"replies":[{"embeddable":true,"href":"https:\/\/metal-badge.ch\/fr\/wp-json\/wp\/v2\/comments?post=138464"}],"wp:featuredmedia":[{"embeddable":true,"href":"https:\/\/metal-badge.ch\/fr\/wp-json\/wp\/v2\/media\/138468"}],"wp:attachment":[{"href":"https:\/\/metal-badge.ch\/fr\/wp-json\/wp\/v2\/media?parent=138464"}],"wp:term":[{"taxonomy":"product_brand","embeddable":true,"href":"https:\/\/metal-badge.ch\/fr\/wp-json\/wp\/v2\/product_brand?post=138464"},{"taxonomy":"product_cat","embeddable":true,"href":"https:\/\/metal-badge.ch\/fr\/wp-json\/wp\/v2\/product_cat?post=138464"},{"taxonomy":"product_tag","embeddable":true,"href":"https:\/\/metal-badge.ch\/fr\/wp-json\/wp\/v2\/product_tag?post=138464"}],"curies":[{"name":"wp","href":"https:\/\/api.w.org\/{rel}","templated":true}]}}