{"id":138440,"date":"2024-05-14T23:46:02","date_gmt":"2024-05-14T21:46:03","guid":{"rendered":"https:\/\/metal-badge.ch\/?post_type=product&#038;p=138440"},"modified":"2024-05-15T00:01:53","modified_gmt":"2024-05-14T22:01:53","slug":"petit-set-de-nettoyage-pour-armes-courtes-et-longues-2","status":"publish","type":"product","link":"https:\/\/metal-badge.ch\/fr\/product\/138440\/petit-set-de-nettoyage-pour-armes-courtes-et-longues-2\/","title":{"rendered":"Petit set de nettoyage pour armes courtes et longues"},"content":{"rendered":"<p><span style=\"font-weight: 400;\">Compos\u00e9 d&rsquo;une brosse en corde de 90 cm de long rev\u00eatue de plastique pour les armes longues et courtes et d&rsquo;une poign\u00e9e montable pour la corde. Vous trouverez pour chaque calibre une brosse en cuivre pour les salissures grossi\u00e8res, ainsi que des embouts pour les chiffons de nettoyage et des porte-chiffons de deux tailles diff\u00e9rentes. Livr\u00e9 avec un sac avec fermeture \u00e9clair sur tout le pourtour. Adapt\u00e9 pour les calibres .30 \/ 7,62 mm, .270 \/ 6,8 mm, .22 \/ 5,6 mm, .44-.45 \/ 11,43 mm, .40 \/ 10 mm, .357-.38 \/ 9,6 mm<\/span><\/p>\n<p><b>Informations sur le produit :&nbsp;<\/b><\/p>\n<ul>\n<li><span style=\"font-weight: 400;\">D\u00e9signation : Kit de nettoyage d\u2019armes \u00e0 feu GK29<\/span><\/li>\n<li><span style=\"font-weight: 400;\">Livr\u00e9 avec sac &nbsp;<\/span><\/li>\n<li><span style=\"font-weight: 400;\">Poids : 150 g avec sac<\/span><\/li>\n<li><span style=\"font-weight: 400;\">Petite bo\u00eete pour huile ou produit nettoyant<\/span><\/li>\n<li><span style=\"font-weight: 400;\">1 cordon de traction \u00e0 c\u00e2ble d&rsquo;acier de 90 cm recouvert de plastique avec poign\u00e9e amovible&nbsp;<\/span><\/li>\n<li><span style=\"font-weight: 400;\">4 brosses en cuivre de diff\u00e9rentes tailles&nbsp;<\/span><\/li>\n<li><span style=\"font-weight: 400;\">2 porte-chiffons&nbsp;<\/span><\/li>\n<li><span style=\"font-weight: 400;\">Diff\u00e9rents chiffons de nettoyage<\/span><\/li>\n<\/ul>\n","protected":false},"excerpt":{"rendered":"<p><span style=\"font-weight: 400;\">Compos\u00e9 d&rsquo;une brosse en corde de 90 cm de long rev\u00eatue de plastique pour les armes longues et courtes et d&rsquo;une poign\u00e9e montable pour la corde. Vous trouverez pour chaque calibre une brosse en cuivre pour les salissures grossi\u00e8res, ainsi que des embouts pour les chiffons de nettoyage et des porte-chiffons de deux tailles diff\u00e9rentes. Livr\u00e9 avec un sac avec fermeture \u00e9clair sur tout le pourtour. Adapt\u00e9 pour les calibres .30 \/ 7,62 mm, .270 \/ 6,8 mm, .22 \/ 5,6 mm, .44-.45 \/ 11,43 mm, .40 \/ 10 mm, .357-.38 \/ 9,6 mm<\/span><\/p>\n","protected":false},"featured_media":138444,"comment_status":"closed","ping_status":"closed","template":"","meta":{"inline_featured_image":false},"product_brand":[],"product_cat":[2319,887,1347,1946],"product_tag":[1781],"class_list":{"0":"post-138440","1":"product","2":"type-product","3":"status-publish","4":"has-post-thumbnail","6":"product_cat-armes-dexercice-armes-dentrainement","7":"product_cat-accessoires","8":"product_cat-accessoires-militaires-de-chasse","9":"product_cat-organisations-lumiere-bleue-securite","10":"product_tag-police-securite","12":"first","13":"instock","14":"taxable","15":"shipping-taxable","16":"purchasable","17":"product-type-simple"},"_links":{"self":[{"href":"https:\/\/metal-badge.ch\/fr\/wp-json\/wp\/v2\/product\/138440","targetHints":{"allow":["GET"]}}],"collection":[{"href":"https:\/\/metal-badge.ch\/fr\/wp-json\/wp\/v2\/product"}],"about":[{"href":"https:\/\/metal-badge.ch\/fr\/wp-json\/wp\/v2\/types\/product"}],"replies":[{"embeddable":true,"href":"https:\/\/metal-badge.ch\/fr\/wp-json\/wp\/v2\/comments?post=138440"}],"wp:featuredmedia":[{"embeddable":true,"href":"https:\/\/metal-badge.ch\/fr\/wp-json\/wp\/v2\/media\/138444"}],"wp:attachment":[{"href":"https:\/\/metal-badge.ch\/fr\/wp-json\/wp\/v2\/media?parent=138440"}],"wp:term":[{"taxonomy":"product_brand","embeddable":true,"href":"https:\/\/metal-badge.ch\/fr\/wp-json\/wp\/v2\/product_brand?post=138440"},{"taxonomy":"product_cat","embeddable":true,"href":"https:\/\/metal-badge.ch\/fr\/wp-json\/wp\/v2\/product_cat?post=138440"},{"taxonomy":"product_tag","embeddable":true,"href":"https:\/\/metal-badge.ch\/fr\/wp-json\/wp\/v2\/product_tag?post=138440"}],"curies":[{"name":"wp","href":"https:\/\/api.w.org\/{rel}","templated":true}]}}