{"id":138411,"date":"2024-05-14T22:57:33","date_gmt":"2024-05-14T20:57:33","guid":{"rendered":"https:\/\/metal-badge.ch\/?post_type=product&#038;p=138411"},"modified":"2024-05-14T23:05:50","modified_gmt":"2024-05-14T21:05:50","slug":"petit-set-de-nettoyage-pour-armes-courtes-et-longues","status":"publish","type":"product","link":"https:\/\/metal-badge.ch\/fr\/product\/138411\/petit-set-de-nettoyage-pour-armes-courtes-et-longues\/","title":{"rendered":"Petit set de nettoyage pour armes courtes et longues"},"content":{"rendered":"<p><span style=\"font-weight: 400;\">Compos\u00e9 d&rsquo;un b\u00e2ton de nettoyage en deux parties de 22 cm de long en laiton avec poign\u00e9e vissable pour les armes courtes et d&rsquo;une brosse en corde de 90 cm de long recouverte de plastique pour les armes longues, avec une poign\u00e9e montable pour la corde. Avec 6 brosses diff\u00e9rentes en laiton pour les salissures grossi\u00e8res et 6 brosses diff\u00e9rentes en laine pour les salissures l\u00e9g\u00e8res et les r\u00e9sidus de poudre. De plus, le kit comprend 2 porte-chiffons pour le nettoyage avec des chiffons. Un jeu de chiffons de nettoyage est \u00e9galement compris. Adapt\u00e9 pour 7 calibres .22 \/ .27 \/ .30 \/ .357 \/ .38 \/ 9 mm \/ .40 \/ .45&nbsp;&nbsp;<\/span><\/p>\n<p><b>Informations sur le produit :&nbsp;<\/b><\/p>\n<ul>\n<li><span style=\"font-weight: 400;\">D\u00e9signation : Kit de nettoyage d\u2019armes \u00e0 feu GK28<\/span><\/li>\n<li><span style=\"font-weight: 400;\">1 cordon de traction \u00e0 c\u00e2ble d&rsquo;acier de 90 cm recouvert de plastique avec poign\u00e9e amovible&nbsp;<\/span><\/li>\n<li><span style=\"font-weight: 400;\">1 b\u00e2ton de nettoyage en deux parties en laiton 22 cm avec poign\u00e9e viss\u00e9e<\/span><\/li>\n<li><span style=\"font-weight: 400;\">6 brosses en laine&nbsp;<\/span><\/li>\n<li><span style=\"font-weight: 400;\">6 brosses en cuivre<\/span><\/li>\n<li><span style=\"font-weight: 400;\">2 porte-chiffons&nbsp;<\/span><\/li>\n<li><span style=\"font-weight: 400;\">1 kit de lingettes de nettoyage<\/span><\/li>\n<li><span style=\"font-weight: 400;\">Livr\u00e9 avec sac&nbsp;<\/span><\/li>\n<li><span style=\"font-weight: 400;\">Poids : 270 g&nbsp; <\/span><\/li>\n<\/ul>\n","protected":false},"excerpt":{"rendered":"<p><span style=\"font-weight: 400;\">Compos\u00e9 d&rsquo;un b\u00e2ton de nettoyage en deux parties de 22 cm de long en laiton avec poign\u00e9e vissable pour les armes courtes et d&rsquo;une brosse en corde de 90 cm de long recouverte de plastique pour les armes longues, avec une poign\u00e9e montable pour la corde. Avec 6 brosses diff\u00e9rentes en laiton pour les salissures grossi\u00e8res et 6 brosses diff\u00e9rentes en laine pour les salissures l\u00e9g\u00e8res et les r\u00e9sidus de poudre. De plus, le kit comprend 2 porte-chiffons pour le nettoyage avec des chiffons. Un jeu de chiffons de nettoyage est \u00e9galement compris. Adapt\u00e9 pour 7 calibres .22 \/ .27 \/ .30 \/ .357 \/ .38 \/ 9 mm \/ .40 \/ .45&nbsp;&nbsp;<\/span><\/p>\n","protected":false},"featured_media":138415,"comment_status":"closed","ping_status":"closed","template":"","meta":{"inline_featured_image":false},"product_brand":[],"product_cat":[2319,887,1347,1946],"product_tag":[1781],"class_list":{"0":"post-138411","1":"product","2":"type-product","3":"status-publish","4":"has-post-thumbnail","6":"product_cat-armes-dexercice-armes-dentrainement","7":"product_cat-accessoires","8":"product_cat-accessoires-militaires-de-chasse","9":"product_cat-organisations-lumiere-bleue-securite","10":"product_tag-police-securite","12":"first","13":"instock","14":"taxable","15":"shipping-taxable","16":"purchasable","17":"product-type-simple"},"_links":{"self":[{"href":"https:\/\/metal-badge.ch\/fr\/wp-json\/wp\/v2\/product\/138411","targetHints":{"allow":["GET"]}}],"collection":[{"href":"https:\/\/metal-badge.ch\/fr\/wp-json\/wp\/v2\/product"}],"about":[{"href":"https:\/\/metal-badge.ch\/fr\/wp-json\/wp\/v2\/types\/product"}],"replies":[{"embeddable":true,"href":"https:\/\/metal-badge.ch\/fr\/wp-json\/wp\/v2\/comments?post=138411"}],"wp:featuredmedia":[{"embeddable":true,"href":"https:\/\/metal-badge.ch\/fr\/wp-json\/wp\/v2\/media\/138415"}],"wp:attachment":[{"href":"https:\/\/metal-badge.ch\/fr\/wp-json\/wp\/v2\/media?parent=138411"}],"wp:term":[{"taxonomy":"product_brand","embeddable":true,"href":"https:\/\/metal-badge.ch\/fr\/wp-json\/wp\/v2\/product_brand?post=138411"},{"taxonomy":"product_cat","embeddable":true,"href":"https:\/\/metal-badge.ch\/fr\/wp-json\/wp\/v2\/product_cat?post=138411"},{"taxonomy":"product_tag","embeddable":true,"href":"https:\/\/metal-badge.ch\/fr\/wp-json\/wp\/v2\/product_tag?post=138411"}],"curies":[{"name":"wp","href":"https:\/\/api.w.org\/{rel}","templated":true}]}}