{"id":138388,"date":"2024-05-14T08:24:21","date_gmt":"2024-05-14T06:24:21","guid":{"rendered":"https:\/\/metal-badge.ch\/?post_type=product&#038;p=138388"},"modified":"2024-05-14T08:32:08","modified_gmt":"2024-05-14T06:32:08","slug":"grand-kit-de-nettoyage-darmes-de-qualite-superieure-kit-universel-de-58-pieces","status":"publish","type":"product","link":"https:\/\/metal-badge.ch\/fr\/product\/138388\/grand-kit-de-nettoyage-darmes-de-qualite-superieure-kit-universel-de-58-pieces\/","title":{"rendered":"Grand kit de nettoyage d&rsquo;armes de qualit\u00e9 sup\u00e9rieure &#8211; Kit universel de 58 pi\u00e8ces"},"content":{"rendered":"<p><b><i>Nettoyage d&rsquo;armes \u00e0 feu avec mallette de transport &#8211; Entretien pour fusils et pistolets<\/i><\/b><\/p>\n<p><span style=\"font-weight: 400;\">Une mallette pour tout. La grande mallette de nettoyage d&rsquo;armes pour tous les calibres usuels. Un prix unique pour les armes \u00e0 feu courtes et longues. Avec tout ce dont vous avez besoin : <\/span><span style=\"font-weight: 400;\">14 brosses diff\u00e9rentes en bronze, 9 brosses diff\u00e9rentes en laine, 2 r\u00e9cipients de nettoyage ou d&rsquo;huile sans contenu, 3 grandes brosses :<\/span> <span style=\"font-weight: 400;\">Brosse en nylon, acier et cuivre, 2 grands b\u00e2tons de nettoyage avec manche vissable pour tous les calibres, diff\u00e9rents chiffons de nettoyage, 4 porte-chiffons m\u00e9talliques \u00ab patch loops \u00bb, 12 pointes de rechange en diff\u00e9rentes tailles, 3 prot\u00e8ge-bouches diff\u00e9rents, 3 adaptateurs suppl\u00e9mentaires.<\/span><span style=\"font-weight: 400;\"> Le filetage des brosses correspond \u00e0 celui des b\u00e2tons de nettoyage courants, il est donc possible de les utiliser sans probl\u00e8me avec des accessoires de nettoyage existants. De plus, des adaptateurs sont inclus dans le kit.&nbsp;<\/span><\/p>\n<p><span style=\"font-weight: 400;\">Le kit permet le nettoyage des calibres suivants.&nbsp;<\/span><\/p>\n<ul>\n<li><span style=\"font-weight: 400;\">Cal .17 HMR | 4,5 mm<\/span><\/li>\n<li><span style=\"font-weight: 400;\">Cal .22 | Cal .223 | 5,56 m<\/span><\/li>\n<li><span style=\"font-weight: 400;\">Cal .30 | 7,62 mm | Cal 308<\/span><\/li>\n<li><span style=\"font-weight: 400;\">Cal .38 | 9 mm | Cal .380 | Cal .357 | Cal .35<\/span><\/li>\n<li><span style=\"font-weight: 400;\">Cal .40 | 10 mm<\/span><\/li>\n<li><span style=\"font-weight: 400;\">Cal .410 | 10,25 mm<\/span><\/li>\n<li><span style=\"font-weight: 400;\">Cal .50 | 12,7 mm<\/span><\/li>\n<li><span style=\"font-weight: 400;\">GA 20<\/span><\/li>\n<li><span style=\"font-weight: 400;\">GA 12<\/span><\/li>\n<li><span style=\"font-weight: 400;\">13 supports en feutre<\/span><\/li>\n<li><span style=\"font-weight: 400;\">Cal .17 HMR | 4,5 mm<\/span><\/li>\n<li><span style=\"font-weight: 400;\">Cal .22 | Cal .223 | 5,56 m<\/span><\/li>\n<li><span style=\"font-weight: 400;\">Cal .24 (6 mm) | Cal .243 (6,1 mm) | Cal .243 (6,35 mm)<\/span><\/li>\n<li><span style=\"font-weight: 400;\">Cal .25 (6,35 mm) | Cal .257 (6,5 mm)<\/span><\/li>\n<li><span style=\"font-weight: 400;\">Cal .270 (6,8 mm)<\/span><\/li>\n<li><span style=\"font-weight: 400;\">Cal .30 (7,62 mm) | Cal .308 | 30-06<\/span><\/li>\n<li><span style=\"font-weight: 400;\">Cal .338 (8,58 mm)<\/span><\/li>\n<li><span style=\"font-weight: 400;\">Cal .35 (9 mm) | Cal .357 | Cal .38 | Cal .380<\/span><\/li>\n<li><span style=\"font-weight: 400;\">Cal .375 | 9,5 mm<\/span><\/li>\n<li><span style=\"font-weight: 400;\">Cal .40 | 10 mm<\/span><\/li>\n<li><span style=\"font-weight: 400;\">Cal .44 | 10,8 mm<\/span><\/li>\n<li><span style=\"font-weight: 400;\">Cal .45 | 11,6 mm<\/span><\/li>\n<li><span style=\"font-weight: 400;\">Cal .50 | 12,7 mm<\/span><\/li>\n<li><span style=\"font-weight: 400;\">14 brosses en bronze<\/span><\/li>\n<li><span style=\"font-weight: 400;\">Cal .17 HMR | 4,5 mm<\/span><\/li>\n<li><span style=\"font-weight: 400;\">Cal .20 | Cal .204| 5 mm<\/span><\/li>\n<li><span style=\"font-weight: 400;\">Cal .270 (6,8 mm)<\/span><\/li>\n<li><span style=\"font-weight: 400;\">Cal .22 | Cal .223 | 5,56 m<\/span><\/li>\n<li><span style=\"font-weight: 400;\">Cal .24 (6 mm) | Cal .243 (6,1 mm) | Cal .243 (6,35 mm)<\/span><\/li>\n<li><span style=\"font-weight: 400;\">Cal .30 (7,62 mm) | Cal .308 | 30-06<\/span><\/li>\n<li><span style=\"font-weight: 400;\">Cal .35 (9 mm) | Cal .357 | Cal .38 | Cal .380<\/span><\/li>\n<li><span style=\"font-weight: 400;\">Cal .40 | 10 mm<\/span><\/li>\n<li><span style=\"font-weight: 400;\">Cal .410 | 10,25 mm<\/span><\/li>\n<li><span style=\"font-weight: 400;\">Cal .45 | 11,6 mm<\/span><\/li>\n<li><span style=\"font-weight: 400;\">Cal .50 | 12,7 mm<\/span><\/li>\n<li><span style=\"font-weight: 400;\">Cal .54<\/span><\/li>\n<li><span style=\"font-weight: 400;\">GA 20<\/span><\/li>\n<li><span style=\"font-weight: 400;\">GA 12<\/span><\/li>\n<\/ul>\n<p><b>Informations sur le produit :&nbsp;<\/b><\/p>\n<ul>\n<li><span style=\"font-weight: 400;\">D\u00e9signation : <\/span><span style=\"font-weight: 400;\">Grand kit de nettoyage d\u2019armes<\/span><span style=\"font-weight: 400;\"> GK26<\/span><\/li>\n<li><span style=\"font-weight: 400;\">Kit universel de 58 pi\u00e8ces<\/span><\/li>\n<li><span style=\"font-weight: 400;\">Kit de nettoyage pour armes<\/span><\/li>\n<li><span style=\"font-weight: 400;\">Pour tous les calibres usuels<\/span><\/li>\n<li><span style=\"font-weight: 400;\">Kit de nettoyage parfaitement adapt\u00e9 \u00e0 chaque calibre<\/span><\/li>\n<li><span style=\"font-weight: 400;\">9 brosses en laine<\/span><\/li>\n<li><span style=\"font-weight: 400;\">14 brosses en bronze diff\u00e9rentes<\/span><\/li>\n<li><span style=\"font-weight: 400;\">2 r\u00e9cipients de nettoyage ou d&rsquo;huile sans contenu<\/span><\/li>\n<li><span style=\"font-weight: 400;\">3 grandes brosses : Nylon, acier et cuivre<\/span><\/li>\n<li><span style=\"font-weight: 400;\">4 porte-chiffons en m\u00e9tal \u00ab patch loops \u00bb<\/span><\/li>\n<li><span style=\"font-weight: 400;\">12 pointes de rechange dans diff\u00e9rentes tailles<\/span><\/li>\n<li><span style=\"font-weight: 400;\">3 prot\u00e8ge-bouches diff\u00e9rents,<\/span><\/li>\n<li><span style=\"font-weight: 400;\">3 adaptateurs filet\u00e9s suppl\u00e9mentaires.<\/span><\/li>\n<li><span style=\"font-weight: 400;\">1 b\u00e2ton de nettoyage en trois parties en laiton 79 cm avec poign\u00e9e viss\u00e9e, calibre .17 &#8211; .270&nbsp;<\/span><\/li>\n<li><span style=\"font-weight: 400;\">1 b\u00e2ton de nettoyage en trois parties en laiton 79 cm avec poign\u00e9e viss\u00e9e, calibre .30&nbsp;<\/span><\/li>\n<li><span style=\"font-weight: 400;\">1 kit de lingettes de nettoyage<\/span><\/li>\n<li><span style=\"font-weight: 400;\">Fourni avec une mallette verte en plastique<\/span><\/li>\n<li><span style=\"font-weight: 400;\">Poids avec malette : 1400 g <\/span><\/li>\n<\/ul>\n","protected":false},"excerpt":{"rendered":"<p><b><i>Nettoyage d&rsquo;armes \u00e0 feu avec mallette de transport &#8211; Entretien pour fusils et pistolets<\/i><\/b><\/p>\n<p><span style=\"font-weight: 400;\">Une mallette pour tout. La grande mallette de nettoyage d&rsquo;armes pour tous les calibres usuels. Un prix unique pour les armes \u00e0 feu courtes et longues. Avec tout ce dont vous avez besoin : <\/span><span style=\"font-weight: 400;\">14 brosses diff\u00e9rentes en bronze, 9 brosses diff\u00e9rentes en laine, 2 r\u00e9cipients de nettoyage ou d&rsquo;huile sans contenu, 3 grandes brosses :<\/span> <span style=\"font-weight: 400;\">Brosse en nylon, acier et cuivre, 2 grands b\u00e2tons de nettoyage avec manche vissable pour tous les calibres, diff\u00e9rents chiffons de nettoyage, 4 porte-chiffons m\u00e9talliques \u00ab patch loops \u00bb, 12 pointes de rechange en diff\u00e9rentes tailles, 3 prot\u00e8ge-bouches diff\u00e9rents, 3 adaptateurs suppl\u00e9mentaires.<\/span><span style=\"font-weight: 400;\"> Le filetage des brosses correspond \u00e0 celui des b\u00e2tons de nettoyage courants, il est donc possible de les utiliser sans probl\u00e8me avec des accessoires de nettoyage existants. De plus, des adaptateurs sont inclus dans le kit.&nbsp;<\/span><\/p>\n","protected":false},"featured_media":138392,"comment_status":"closed","ping_status":"closed","template":"","meta":{"inline_featured_image":false},"product_brand":[],"product_cat":[2319,887,1347,1946],"product_tag":[1781],"class_list":{"0":"post-138388","1":"product","2":"type-product","3":"status-publish","4":"has-post-thumbnail","6":"product_cat-armes-dexercice-armes-dentrainement","7":"product_cat-accessoires","8":"product_cat-accessoires-militaires-de-chasse","9":"product_cat-organisations-lumiere-bleue-securite","10":"product_tag-police-securite","12":"first","13":"instock","14":"taxable","15":"shipping-taxable","16":"purchasable","17":"product-type-simple"},"_links":{"self":[{"href":"https:\/\/metal-badge.ch\/fr\/wp-json\/wp\/v2\/product\/138388","targetHints":{"allow":["GET"]}}],"collection":[{"href":"https:\/\/metal-badge.ch\/fr\/wp-json\/wp\/v2\/product"}],"about":[{"href":"https:\/\/metal-badge.ch\/fr\/wp-json\/wp\/v2\/types\/product"}],"replies":[{"embeddable":true,"href":"https:\/\/metal-badge.ch\/fr\/wp-json\/wp\/v2\/comments?post=138388"}],"wp:featuredmedia":[{"embeddable":true,"href":"https:\/\/metal-badge.ch\/fr\/wp-json\/wp\/v2\/media\/138392"}],"wp:attachment":[{"href":"https:\/\/metal-badge.ch\/fr\/wp-json\/wp\/v2\/media?parent=138388"}],"wp:term":[{"taxonomy":"product_brand","embeddable":true,"href":"https:\/\/metal-badge.ch\/fr\/wp-json\/wp\/v2\/product_brand?post=138388"},{"taxonomy":"product_cat","embeddable":true,"href":"https:\/\/metal-badge.ch\/fr\/wp-json\/wp\/v2\/product_cat?post=138388"},{"taxonomy":"product_tag","embeddable":true,"href":"https:\/\/metal-badge.ch\/fr\/wp-json\/wp\/v2\/product_tag?post=138388"}],"curies":[{"name":"wp","href":"https:\/\/api.w.org\/{rel}","templated":true}]}}