{"id":138359,"date":"2024-05-14T07:38:23","date_gmt":"2024-05-14T05:38:23","guid":{"rendered":"https:\/\/metal-badge.ch\/product\/138359\/mallette-de-nettoyage-darmes-a-24-pieces\/"},"modified":"2024-05-14T07:38:23","modified_gmt":"2024-05-14T05:38:23","slug":"mallette-de-nettoyage-darmes-a-24-pieces","status":"publish","type":"product","link":"https:\/\/metal-badge.ch\/fr\/product\/138359\/mallette-de-nettoyage-darmes-a-24-pieces\/","title":{"rendered":"Mallette de nettoyage d&rsquo;armes \u00e0 24 pi\u00e8ces"},"content":{"rendered":"<p><span style=\"font-weight: 400;\">Mallette en aluminium robuste, l\u00e9g\u00e8re et compacte contenant 24 pi\u00e8ces. La mallette de nettoyage d&rsquo;armes robuste offre tout ce dont vous avez besoin pour l&rsquo;entretien et le nettoyage optimal des armes de chasse, des armes longues et des pistolets, dans un espace compact. Les ustensiles de nettoyage qu&rsquo;elle contient sont adapt\u00e9s aux armes de tous les calibres courants et comprennent, 10 brosses en bronze diff\u00e9rentes, 5 brosses en laine diff\u00e9rentes, 1 brosse en nylon avec deux t\u00eates de brosse diff\u00e9rentes, 1 outil de pique pour le nettoyage des endroits difficiles d&rsquo;acc\u00e8s, 1 chiffon de nettoyage, 2 porte-chiffons en plastique \u00ab patch loops \u00bb, 2 adaptateurs suppl\u00e9mentaires filet\u00e9s, 1 b\u00e2ton de nettoyage en trois parties en laiton 75 cm avec une poign\u00e9e vissable. Le filetage des brosses correspond \u00e0 celui des b\u00e2tons de nettoyage courants, il est donc possible de les utiliser sans probl\u00e8me avec des accessoires de nettoyage existants. De plus, des adaptateurs sont inclus dans le kit.&nbsp;<\/span><\/p>\n<p><span style=\"font-weight: 400;\">Le kit permet le nettoyage des calibres suivants.&nbsp;<\/span><\/p>\n<p><span style=\"font-weight: 400;\">12 Ga \/ 28 Ga \/.410 \/.45 \/.40 \/.357 \/.17 \/.30 \/.270 \/ .22&nbsp;&nbsp;<\/span><\/p>\n<p><b>Informations sur le produit :&nbsp;<\/b><\/p>\n<ul>\n<li><span style=\"font-weight: 400;\">D\u00e9signation : Grand kit de nettoyage des armes dans une malette en aluminium GK08<\/span><\/li>\n<li><span style=\"font-weight: 400;\">Kit universel de 24 pi\u00e8ces<\/span><\/li>\n<li><span style=\"font-weight: 400;\">Kit de nettoyage pour armes<\/span><\/li>\n<li><span style=\"font-weight: 400;\">Pour tous les calibres usuels d\u2019armes longues et de pistolets<\/span><\/li>\n<li><span style=\"font-weight: 400;\">Kit de nettoyage parfaitement adapt\u00e9 \u00e0 chaque calibre<\/span><\/li>\n<li><span style=\"font-weight: 400;\">5 brosses en laine<\/span><\/li>\n<li><span style=\"font-weight: 400;\">10 brosses en bronze diff\u00e9rentes<\/span><\/li>\n<li><span style=\"font-weight: 400;\">1 brosse en nylon avec deux t\u00eates de brosse diff\u00e9rentes<\/span><\/li>\n<li><span style=\"font-weight: 400;\">1 outil de pique pour nettoyer les endroits difficiles d&rsquo;acc\u00e8s<\/span><\/li>\n<li><span style=\"font-weight: 400;\">1 chiffon de nettoyage<\/span><\/li>\n<li><span style=\"font-weight: 400;\">2 porte-chiffons en m\u00e9tal \u00ab patch loops \u00bb<\/span><\/li>\n<li><span style=\"font-weight: 400;\">2 adaptateurs filet\u00e9s suppl\u00e9mentaires<\/span><\/li>\n<li><span style=\"font-weight: 400;\">1 b\u00e2ton de nettoyage en trois parties en laiton 75 cm avec poign\u00e9e viss\u00e9e.<\/span><\/li>\n<li><span style=\"font-weight: 400;\">Livr\u00e9 avec une jolie mallette en aluminium argent\u00e9&nbsp;<\/span><\/li>\n<li><span style=\"font-weight: 400;\">Poids avec malette : 750 g. <\/span><\/li>\n<\/ul>\n","protected":false},"excerpt":{"rendered":"<p><span style=\"font-weight: 400;\">Mallette en aluminium robuste, l\u00e9g\u00e8re et compacte contenant 24 pi\u00e8ces. La mallette de nettoyage d&rsquo;armes robuste offre tout ce dont vous avez besoin pour l&rsquo;entretien et le nettoyage optimal des armes de chasse, des armes longues et des pistolets, dans un espace compact. Les ustensiles de nettoyage qu&rsquo;elle contient sont adapt\u00e9s aux armes de tous les calibres courants et comprennent, 10 brosses en bronze diff\u00e9rentes, 5 brosses en laine diff\u00e9rentes, 1 brosse en nylon avec deux t\u00eates de brosse diff\u00e9rentes, 1 outil de pique pour le nettoyage des endroits difficiles d&rsquo;acc\u00e8s, 1 chiffon de nettoyage, 2 porte-chiffons en plastique \u00ab patch loops \u00bb, 2 adaptateurs suppl\u00e9mentaires filet\u00e9s, 1 b\u00e2ton de nettoyage en trois parties en laiton 75 cm avec une poign\u00e9e vissable. Le filetage des brosses correspond \u00e0 celui des b\u00e2tons de nettoyage courants, il est donc possible de les utiliser sans probl\u00e8me avec des accessoires de nettoyage existants. De plus, des adaptateurs sont inclus dans le kit.&nbsp;<\/span><\/p>\n","protected":false},"featured_media":138336,"comment_status":"closed","ping_status":"closed","template":"","meta":{"inline_featured_image":false},"product_brand":[],"product_cat":[2319,887,1347,1946],"product_tag":[1781],"class_list":{"0":"post-138359","1":"product","2":"type-product","3":"status-publish","4":"has-post-thumbnail","6":"product_cat-armes-dexercice-armes-dentrainement","7":"product_cat-accessoires","8":"product_cat-accessoires-militaires-de-chasse","9":"product_cat-organisations-lumiere-bleue-securite","10":"product_tag-police-securite","12":"first","13":"instock","14":"taxable","15":"shipping-taxable","16":"purchasable","17":"product-type-simple"},"_links":{"self":[{"href":"https:\/\/metal-badge.ch\/fr\/wp-json\/wp\/v2\/product\/138359","targetHints":{"allow":["GET"]}}],"collection":[{"href":"https:\/\/metal-badge.ch\/fr\/wp-json\/wp\/v2\/product"}],"about":[{"href":"https:\/\/metal-badge.ch\/fr\/wp-json\/wp\/v2\/types\/product"}],"replies":[{"embeddable":true,"href":"https:\/\/metal-badge.ch\/fr\/wp-json\/wp\/v2\/comments?post=138359"}],"wp:featuredmedia":[{"embeddable":true,"href":"https:\/\/metal-badge.ch\/fr\/wp-json\/wp\/v2\/media\/138336"}],"wp:attachment":[{"href":"https:\/\/metal-badge.ch\/fr\/wp-json\/wp\/v2\/media?parent=138359"}],"wp:term":[{"taxonomy":"product_brand","embeddable":true,"href":"https:\/\/metal-badge.ch\/fr\/wp-json\/wp\/v2\/product_brand?post=138359"},{"taxonomy":"product_cat","embeddable":true,"href":"https:\/\/metal-badge.ch\/fr\/wp-json\/wp\/v2\/product_cat?post=138359"},{"taxonomy":"product_tag","embeddable":true,"href":"https:\/\/metal-badge.ch\/fr\/wp-json\/wp\/v2\/product_tag?post=138359"}],"curies":[{"name":"wp","href":"https:\/\/api.w.org\/{rel}","templated":true}]}}