{"id":138295,"date":"2024-05-14T06:50:52","date_gmt":"2024-05-14T04:50:53","guid":{"rendered":"https:\/\/metal-badge.ch\/?post_type=product&#038;p=138295"},"modified":"2024-05-14T06:55:06","modified_gmt":"2024-05-14T04:55:06","slug":"guetres-gear-etanches-bleu-noir","status":"publish","type":"product","link":"https:\/\/metal-badge.ch\/fr\/product\/138295\/guetres-gear-etanches-bleu-noir\/","title":{"rendered":"Gu\u00eatres GEAR \u00e9tanches bleu \/ noir"},"content":{"rendered":"<p><span style=\"font-weight: 400;\">Prot\u00e9gez vos jambes ou vos chevilles pendant la pratique de la randonn\u00e9e avec ces gu\u00eatres pratiques, qu&rsquo;il neige ou qu&rsquo;il pleuve. Les gu\u00eatres Outdoor Hiking mesurent 37 cm de haut et se placent facilement et rapidement sur les jambes gr\u00e2ce \u00e0 une fermeture velcro. Une sangle r\u00e9glable permet de serrer les gu\u00eatres en haut et en bas. La fermeture frontale en velcro est prot\u00e9g\u00e9e par une bande de recouvrement et permet un ajustement facile des gu\u00eatres. Gr\u00e2ce \u00e0 la sangle pour le pied, \u00e0 la fixation par crochet et \u00e0 la fermeture \u00e0 l&rsquo;aide du cordon de serrage dans l&rsquo;ourlet, les gu\u00eatres restent bien en place et sont \u00e9tanches. Id\u00e9ales pour les sports de montagne et de neige.<\/span><\/p>\n<p><b>Informations sur le produit :<\/b><\/p>\n<ul>\n<li><span style=\"font-weight: 400;\">D\u00e9signation : Gu\u00eatres CPG-AC258<\/span><\/li>\n<li><span style=\"font-weight: 400;\">Couleur : bleu \/ noir&nbsp;<\/span><\/li>\n<li><span style=\"font-weight: 400;\">Mati\u00e8re : plastique PP 500D nylon polyamide<\/span><\/li>\n<li><span style=\"font-weight: 400;\">Poids de la paire&nbsp;: 110 g&nbsp;&nbsp;<\/span><\/li>\n<li><span style=\"font-weight: 400;\">Hauteur : 37 cm&nbsp;<\/span><\/li>\n<li><span style=\"font-weight: 400;\">Protection des cheville hydrofuge et prot\u00e9geant du froid<\/span><\/li>\n<li><span style=\"font-weight: 400;\">Application facile et rapide gr\u00e2ce \u00e0 la bande velcro<\/span><\/li>\n<li><span style=\"font-weight: 400;\">Id\u00e9al pour la randonn\u00e9e \/ les sports d&rsquo;hiver, etc.<\/span><\/li>\n<li><span style=\"font-weight: 400;\">R\u00e9sistant \u00e0 l&rsquo;abrasion et imperm\u00e9able<\/span><\/li>\n<\/ul>\n","protected":false},"excerpt":{"rendered":"<p><span style=\"font-weight: 400;\">Prot\u00e9gez vos jambes ou vos chevilles pendant la pratique de la randonn\u00e9e avec ces gu\u00eatres pratiques, qu&rsquo;il neige ou qu&rsquo;il pleuve. Les gu\u00eatres Outdoor Hiking mesurent 37 cm de haut et se placent facilement et rapidement sur les jambes gr\u00e2ce \u00e0 une fermeture velcro. Une sangle r\u00e9glable permet de serrer les gu\u00eatres en haut et en bas. La fermeture frontale en velcro est prot\u00e9g\u00e9e par une bande de recouvrement et permet un ajustement facile des gu\u00eatres. Gr\u00e2ce \u00e0 la sangle pour le pied, \u00e0 la fixation par crochet et \u00e0 la fermeture \u00e0 l&rsquo;aide du cordon de serrage dans l&rsquo;ourlet, les gu\u00eatres restent bien en place et sont \u00e9tanches. Id\u00e9ales pour les sports de montagne et de neige.<\/span><\/p>\n","protected":false},"featured_media":138299,"comment_status":"closed","ping_status":"closed","template":"","meta":{"inline_featured_image":false},"product_brand":[],"product_cat":[1435,887,2197],"product_tag":[1773,1765],"class_list":{"0":"post-138295","1":"product","2":"type-product","3":"status-publish","4":"has-post-thumbnail","6":"product_cat-camping-voyage","7":"product_cat-accessoires","8":"product_cat-chaussuresetbottes","9":"product_tag-chasse-peche","10":"product_tag-sport-outdoor-fr","12":"first","13":"instock","14":"taxable","15":"shipping-taxable","16":"purchasable","17":"product-type-simple"},"_links":{"self":[{"href":"https:\/\/metal-badge.ch\/fr\/wp-json\/wp\/v2\/product\/138295","targetHints":{"allow":["GET"]}}],"collection":[{"href":"https:\/\/metal-badge.ch\/fr\/wp-json\/wp\/v2\/product"}],"about":[{"href":"https:\/\/metal-badge.ch\/fr\/wp-json\/wp\/v2\/types\/product"}],"replies":[{"embeddable":true,"href":"https:\/\/metal-badge.ch\/fr\/wp-json\/wp\/v2\/comments?post=138295"}],"wp:featuredmedia":[{"embeddable":true,"href":"https:\/\/metal-badge.ch\/fr\/wp-json\/wp\/v2\/media\/138299"}],"wp:attachment":[{"href":"https:\/\/metal-badge.ch\/fr\/wp-json\/wp\/v2\/media?parent=138295"}],"wp:term":[{"taxonomy":"product_brand","embeddable":true,"href":"https:\/\/metal-badge.ch\/fr\/wp-json\/wp\/v2\/product_brand?post=138295"},{"taxonomy":"product_cat","embeddable":true,"href":"https:\/\/metal-badge.ch\/fr\/wp-json\/wp\/v2\/product_cat?post=138295"},{"taxonomy":"product_tag","embeddable":true,"href":"https:\/\/metal-badge.ch\/fr\/wp-json\/wp\/v2\/product_tag?post=138295"}],"curies":[{"name":"wp","href":"https:\/\/api.w.org\/{rel}","templated":true}]}}