{"id":138179,"date":"2024-05-13T19:05:04","date_gmt":"2024-05-13T17:05:04","guid":{"rendered":"https:\/\/metal-badge.ch\/?post_type=product&#038;p=138179"},"modified":"2024-05-13T19:09:18","modified_gmt":"2024-05-13T17:09:18","slug":"nasse-a-poissons-et-a-ecrevisses-sl-04","status":"publish","type":"product","link":"https:\/\/metal-badge.ch\/fr\/product\/138179\/nasse-a-poissons-et-a-ecrevisses-sl-04\/","title":{"rendered":"Nasse \u00e0 poissons et \u00e0 \u00e9crevisses SL-04"},"content":{"rendered":"<p><span style=\"font-weight: 400;\">L&rsquo;utilisation facile et pratique de cette nasse \u00e0 poissons ou \u00e0 \u00e9crevisses permet d&rsquo;attraper facilement des prises. La nasse peut \u00eatre d\u00e9ploy\u00e9e \u00e0 la mani\u00e8re d&rsquo;un parapluie \u00e0 l&rsquo;aide d&rsquo;une poign\u00e9e et d&rsquo;une corde de traction. Cette nasse est \u00e9quip\u00e9e de 8 entr\u00e9es et d&rsquo;une sortie au fond. La sortie du fond peut \u00eatre reli\u00e9e \u00e0 une deuxi\u00e8me nasse. Elle peut \u00e9galement \u00eatre ferm\u00e9e par une ficelle. Chaque entr\u00e9e a un diam\u00e8tre de 16 cm et converge vers l&rsquo;int\u00e9rieur. La nasse est compos\u00e9e par un filet vert \u00e0 mailles fines, reli\u00e9 par une armature m\u00e9tallique. Elle est extr\u00eamement l\u00e9g\u00e8re et pliable. Elle ne prend que peu de place et s&rsquo;adapte \u00e0 l&rsquo;ext\u00e9rieur de n&rsquo;importe quel sac \u00e0 dos.&nbsp;<\/span><\/p>\n<p><b>Instructions : <\/b><span style=\"font-weight: 400;\">Tendre la nasse et placer de la nourriture \/ des app\u00e2ts dans le sac \u00e0 app\u00e2ts. Ensuite, descendre le pi\u00e8ge sous la surface de l&rsquo;eau et le mettre en place.&nbsp;&nbsp;<\/span><\/p>\n<p><b>Informations sur le produit :&nbsp;<\/b><\/p>\n<ul>\n<li><span style=\"font-weight: 400;\">D\u00e9signation : Nasse \u00e0 poissons SL-04&nbsp;<\/span><\/li>\n<li><span style=\"font-weight: 400;\">Utilisation simple<\/span><\/li>\n<li><span style=\"font-weight: 400;\">Nasse avec 6 entr\u00e9es rondes \u00e0 l&rsquo;avant de 16 cm de diam\u00e8tre, convergeant vers l&rsquo;int\u00e9rieur<\/span><\/li>\n<li><span style=\"font-weight: 400;\">Filet \u00e0 mailles fines 4 mm&nbsp;<\/span><\/li>\n<li><span style=\"font-weight: 400;\">Couleur : vert<\/span><\/li>\n<li><span style=\"font-weight: 400;\">Poids : 220 g&nbsp;<\/span><\/li>\n<li><span style=\"font-weight: 400;\">Mati\u00e8re du filet : nylon<\/span><\/li>\n<li><span style=\"font-weight: 400;\">Tiges m\u00e9talliques<\/span><\/li>\n<li><span style=\"font-weight: 400;\">Dimensions : longueur 93 cm x largeur 73 cm x hauteur 40 cm<\/span><\/li>\n<li><span style=\"font-weight: 400;\">Dimensions : emball\u00e9e, longueur de 62 cm&nbsp;<\/span><\/li>\n<li><span style=\"font-weight: 400;\">Se replie comme un parapluie<\/span><\/li>\n<li><span style=\"font-weight: 400;\">Convient aux poissons, crevettes, \u00e9crevisses<\/span><\/li>\n<\/ul>\n","protected":false},"excerpt":{"rendered":"<p><span style=\"font-weight: 400;\">L&rsquo;utilisation facile et pratique de cette nasse \u00e0 poissons ou \u00e0 \u00e9crevisses permet d&rsquo;attraper facilement des prises. La nasse peut \u00eatre d\u00e9ploy\u00e9e \u00e0 la mani\u00e8re d&rsquo;un parapluie \u00e0 l&rsquo;aide d&rsquo;une poign\u00e9e et d&rsquo;une corde de traction. Cette nasse est \u00e9quip\u00e9e de 8 entr\u00e9es et d&rsquo;une sortie au fond. La sortie du fond peut \u00eatre reli\u00e9e \u00e0 une deuxi\u00e8me nasse. Elle peut \u00e9galement \u00eatre ferm\u00e9e par une ficelle. Chaque entr\u00e9e a un diam\u00e8tre de 16 cm et converge vers l&rsquo;int\u00e9rieur. La nasse est compos\u00e9e par un filet vert \u00e0 mailles fines, reli\u00e9 par une armature m\u00e9tallique. Elle est extr\u00eamement l\u00e9g\u00e8re et pliable. Elle ne prend que peu de place et s&rsquo;adapte \u00e0 l&rsquo;ext\u00e9rieur de n&rsquo;importe quel sac \u00e0 dos.&nbsp;<\/span><\/p>\n","protected":false},"featured_media":138191,"comment_status":"closed","ping_status":"closed","template":"","meta":{"inline_featured_image":false},"product_brand":[],"product_cat":[1435,887],"product_tag":[1773,1765],"class_list":{"0":"post-138179","1":"product","2":"type-product","3":"status-publish","4":"has-post-thumbnail","6":"product_cat-camping-voyage","7":"product_cat-accessoires","8":"product_tag-chasse-peche","9":"product_tag-sport-outdoor-fr","11":"first","12":"instock","13":"taxable","14":"shipping-taxable","15":"purchasable","16":"product-type-simple"},"_links":{"self":[{"href":"https:\/\/metal-badge.ch\/fr\/wp-json\/wp\/v2\/product\/138179","targetHints":{"allow":["GET"]}}],"collection":[{"href":"https:\/\/metal-badge.ch\/fr\/wp-json\/wp\/v2\/product"}],"about":[{"href":"https:\/\/metal-badge.ch\/fr\/wp-json\/wp\/v2\/types\/product"}],"replies":[{"embeddable":true,"href":"https:\/\/metal-badge.ch\/fr\/wp-json\/wp\/v2\/comments?post=138179"}],"wp:featuredmedia":[{"embeddable":true,"href":"https:\/\/metal-badge.ch\/fr\/wp-json\/wp\/v2\/media\/138191"}],"wp:attachment":[{"href":"https:\/\/metal-badge.ch\/fr\/wp-json\/wp\/v2\/media?parent=138179"}],"wp:term":[{"taxonomy":"product_brand","embeddable":true,"href":"https:\/\/metal-badge.ch\/fr\/wp-json\/wp\/v2\/product_brand?post=138179"},{"taxonomy":"product_cat","embeddable":true,"href":"https:\/\/metal-badge.ch\/fr\/wp-json\/wp\/v2\/product_cat?post=138179"},{"taxonomy":"product_tag","embeddable":true,"href":"https:\/\/metal-badge.ch\/fr\/wp-json\/wp\/v2\/product_tag?post=138179"}],"curies":[{"name":"wp","href":"https:\/\/api.w.org\/{rel}","templated":true}]}}