{"id":138127,"date":"2024-04-30T20:26:18","date_gmt":"2024-04-30T18:26:18","guid":{"rendered":"https:\/\/metal-badge.ch\/product\/138127\/zeus\/"},"modified":"2024-04-30T20:26:18","modified_gmt":"2024-04-30T18:26:18","slug":"zeus","status":"publish","type":"product","link":"https:\/\/metal-badge.ch\/fr\/product\/138127\/zeus\/","title":{"rendered":"M\u00e9daille Zeus"},"content":{"rendered":"<p>D\u00e9couvrez notre exquis mod\u00e8le de m\u00e9daille \u00ab\u00a0Zeus\u00a0\u00bb avec une \u00e9l\u00e9gante couronne de laurier, disponible en or, argent et bronze. Chaque m\u00e9daille incarne la qualit\u00e9 et l&rsquo;\u00e9l\u00e9gance les plus \u00e9lev\u00e9es. Que vous recherchiez une brillante m\u00e9daille d&rsquo;or pour le vainqueur, une \u00e9clatante m\u00e9daille d&rsquo;argent pour le deuxi\u00e8me ou une noble m\u00e9daille de bronze pour le troisi\u00e8me, notre s\u00e9lection offre ce qu&rsquo;il faut pour chaque occasion. Rendez votre moment sp\u00e9cial inoubliable avec nos magnifiques m\u00e9dailles.<\/p>\n","protected":false},"excerpt":{"rendered":"<p>Cr\u00e9ez votre m\u00e9daille avec un embl\u00e8me personnalis\u00e9 selon vos id\u00e9es et vos pr\u00e9f\u00e9rences ! Choisissez votre\/vos m\u00e9daille(s), s\u00e9lectionnez votre bande pr\u00e9f\u00e9r\u00e9e et t\u00e9l\u00e9chargez votre propre embl\u00e8me pour le recto et\/ou le verso. Vous trouverez d&rsquo;autres m\u00e9dailles sur notre page d&rsquo;aper\u00e7u des m\u00e9dailles.<\/p>\n","protected":false},"featured_media":136900,"comment_status":"closed","ping_status":"closed","template":"","meta":{"inline_featured_image":false},"product_brand":[],"product_cat":[2502],"product_tag":[],"class_list":{"0":"post-138127","1":"product","2":"type-product","3":"status-publish","4":"has-post-thumbnail","6":"product_cat-medailles","8":"first","9":"instock","10":"taxable","11":"shipping-taxable","12":"purchasable","13":"product-type-simple"},"_links":{"self":[{"href":"https:\/\/metal-badge.ch\/fr\/wp-json\/wp\/v2\/product\/138127","targetHints":{"allow":["GET"]}}],"collection":[{"href":"https:\/\/metal-badge.ch\/fr\/wp-json\/wp\/v2\/product"}],"about":[{"href":"https:\/\/metal-badge.ch\/fr\/wp-json\/wp\/v2\/types\/product"}],"replies":[{"embeddable":true,"href":"https:\/\/metal-badge.ch\/fr\/wp-json\/wp\/v2\/comments?post=138127"}],"wp:featuredmedia":[{"embeddable":true,"href":"https:\/\/metal-badge.ch\/fr\/wp-json\/wp\/v2\/media\/136900"}],"wp:attachment":[{"href":"https:\/\/metal-badge.ch\/fr\/wp-json\/wp\/v2\/media?parent=138127"}],"wp:term":[{"taxonomy":"product_brand","embeddable":true,"href":"https:\/\/metal-badge.ch\/fr\/wp-json\/wp\/v2\/product_brand?post=138127"},{"taxonomy":"product_cat","embeddable":true,"href":"https:\/\/metal-badge.ch\/fr\/wp-json\/wp\/v2\/product_cat?post=138127"},{"taxonomy":"product_tag","embeddable":true,"href":"https:\/\/metal-badge.ch\/fr\/wp-json\/wp\/v2\/product_tag?post=138127"}],"curies":[{"name":"wp","href":"https:\/\/api.w.org\/{rel}","templated":true}]}}