{"id":138119,"date":"2024-05-06T08:57:20","date_gmt":"2024-05-06T06:57:20","guid":{"rendered":"https:\/\/metal-badge.ch\/product\/138119\/swimming\/"},"modified":"2024-05-06T08:57:20","modified_gmt":"2024-05-06T06:57:20","slug":"swimming","status":"publish","type":"product","link":"https:\/\/metal-badge.ch\/fr\/product\/138119\/swimming\/","title":{"rendered":"Swimming"},"content":{"rendered":"<p>D\u00e9couvrez notre mod\u00e8le de m\u00e9daille \u00ab\u00a0Swimming\u00a0\u00bb, disponible en or, en argent et en bronze. Chaque m\u00e9daille incarne la qualit\u00e9 et l&rsquo;\u00e9l\u00e9gance les plus \u00e9lev\u00e9es. Que vous recherchiez une m\u00e9daille d&rsquo;or brillante pour le vainqueur, une m\u00e9daille d&rsquo;argent rayonnante pour le deuxi\u00e8me ou une m\u00e9daille de bronze \u00e9l\u00e9gante pour le troisi\u00e8me, vous trouverez dans notre s\u00e9lection la m\u00e9daille qui convient \u00e0 chaque occasion. Rendez votre moment inoubliable gr\u00e2ce \u00e0 nos magnifiques m\u00e9dailles.<\/p>\n","protected":false},"excerpt":{"rendered":"<p>Cr\u00e9ez votre m\u00e9daille avec un embl\u00e8me individuel selon vos id\u00e9es et vos pr\u00e9f\u00e9rences ! S\u00e9lectionnez votre (vos) m\u00e9daille(s), choisissez votre ruban pr\u00e9f\u00e9r\u00e9 et t\u00e9l\u00e9chargez votre propre embl\u00e8me pour le recto et\/ou le verso. Vous trouverez d&rsquo;autres m\u00e9dailles sur notre page de pr\u00e9sentation des m\u00e9dailles.<\/p>\n","protected":false},"featured_media":137333,"comment_status":"closed","ping_status":"closed","template":"","meta":{"inline_featured_image":false},"product_brand":[],"product_cat":[2502],"product_tag":[2505],"class_list":{"0":"post-138119","1":"product","2":"type-product","3":"status-publish","4":"has-post-thumbnail","6":"product_cat-medailles","7":"product_tag-rueckseite-emblem-fr","9":"first","10":"instock","11":"taxable","12":"shipping-taxable","13":"purchasable","14":"product-type-simple"},"_links":{"self":[{"href":"https:\/\/metal-badge.ch\/fr\/wp-json\/wp\/v2\/product\/138119","targetHints":{"allow":["GET"]}}],"collection":[{"href":"https:\/\/metal-badge.ch\/fr\/wp-json\/wp\/v2\/product"}],"about":[{"href":"https:\/\/metal-badge.ch\/fr\/wp-json\/wp\/v2\/types\/product"}],"replies":[{"embeddable":true,"href":"https:\/\/metal-badge.ch\/fr\/wp-json\/wp\/v2\/comments?post=138119"}],"wp:featuredmedia":[{"embeddable":true,"href":"https:\/\/metal-badge.ch\/fr\/wp-json\/wp\/v2\/media\/137333"}],"wp:attachment":[{"href":"https:\/\/metal-badge.ch\/fr\/wp-json\/wp\/v2\/media?parent=138119"}],"wp:term":[{"taxonomy":"product_brand","embeddable":true,"href":"https:\/\/metal-badge.ch\/fr\/wp-json\/wp\/v2\/product_brand?post=138119"},{"taxonomy":"product_cat","embeddable":true,"href":"https:\/\/metal-badge.ch\/fr\/wp-json\/wp\/v2\/product_cat?post=138119"},{"taxonomy":"product_tag","embeddable":true,"href":"https:\/\/metal-badge.ch\/fr\/wp-json\/wp\/v2\/product_tag?post=138119"}],"curies":[{"name":"wp","href":"https:\/\/api.w.org\/{rel}","templated":true}]}}