{"id":138033,"date":"2024-05-09T03:15:48","date_gmt":"2024-05-09T01:15:48","guid":{"rendered":"https:\/\/metal-badge.ch\/product\/138033\/etui-en-cuir-a-porter-autour-du-cou-avec-inscription-detektiv-sur-un-cote\/"},"modified":"2024-05-09T03:15:48","modified_gmt":"2024-05-09T01:15:48","slug":"etui-en-cuir-a-porter-autour-du-cou-avec-inscription-detektiv-sur-un-cote","status":"publish","type":"product","link":"https:\/\/metal-badge.ch\/fr\/product\/138033\/etui-en-cuir-a-porter-autour-du-cou-avec-inscription-detektiv-sur-un-cote\/","title":{"rendered":"\u00c9tui en cuir \u00e0 porter autour du cou, avec inscription DETEKTIV sur un c\u00f4t\u00e9"},"content":{"rendered":"<p><b>DETEKTIV<\/b><span style=\"font-weight: 400;\"> avec cha\u00eenette, inscription d\u2019un c\u00f4t\u00e9 (DETEKTIV), en lettres blanches. Avec porte-badge pour deux cartes d\u2019identit\u00e9 au format carte. Un c\u00f4t\u00e9 neutre non marqu\u00e9. Cha\u00eenette en acier inoxydable.&nbsp;<\/span><\/p>\n<p><b>Attention : Nous appliquons une remise de 20 % pour les achats et pour les commandes de 100 pi\u00e8ces et plus.<\/b><\/p>\n","protected":false},"excerpt":{"rendered":"<p><b>DETEKTIV<\/b><span style=\"font-weight: 400;\"> avec cha\u00eenette, inscription d\u2019un c\u00f4t\u00e9 (DETEKTIV), en lettres blanches. Avec porte-badge pour deux cartes d\u2019identit\u00e9 au format carte. Un c\u00f4t\u00e9 neutre non marqu\u00e9. Cha\u00eenette en acier inoxydable.&nbsp;<\/span><\/p>\n","protected":false},"featured_media":138022,"comment_status":"closed","ping_status":"closed","template":"","meta":{"inline_featured_image":false},"product_brand":[],"product_cat":[887,907,947],"product_tag":[],"class_list":{"0":"post-138033","1":"product","2":"type-product","3":"status-publish","4":"has-post-thumbnail","6":"product_cat-accessoires","7":"product_cat-etuis-en-cuir-sans-badge","8":"product_cat-portemonnaies-etuis-en-cuir","10":"first","11":"instock","12":"taxable","13":"shipping-taxable","14":"purchasable","15":"product-type-simple"},"_links":{"self":[{"href":"https:\/\/metal-badge.ch\/fr\/wp-json\/wp\/v2\/product\/138033","targetHints":{"allow":["GET"]}}],"collection":[{"href":"https:\/\/metal-badge.ch\/fr\/wp-json\/wp\/v2\/product"}],"about":[{"href":"https:\/\/metal-badge.ch\/fr\/wp-json\/wp\/v2\/types\/product"}],"replies":[{"embeddable":true,"href":"https:\/\/metal-badge.ch\/fr\/wp-json\/wp\/v2\/comments?post=138033"}],"wp:featuredmedia":[{"embeddable":true,"href":"https:\/\/metal-badge.ch\/fr\/wp-json\/wp\/v2\/media\/138022"}],"wp:attachment":[{"href":"https:\/\/metal-badge.ch\/fr\/wp-json\/wp\/v2\/media?parent=138033"}],"wp:term":[{"taxonomy":"product_brand","embeddable":true,"href":"https:\/\/metal-badge.ch\/fr\/wp-json\/wp\/v2\/product_brand?post=138033"},{"taxonomy":"product_cat","embeddable":true,"href":"https:\/\/metal-badge.ch\/fr\/wp-json\/wp\/v2\/product_cat?post=138033"},{"taxonomy":"product_tag","embeddable":true,"href":"https:\/\/metal-badge.ch\/fr\/wp-json\/wp\/v2\/product_tag?post=138033"}],"curies":[{"name":"wp","href":"https:\/\/api.w.org\/{rel}","templated":true}]}}