{"id":137932,"date":"2024-05-09T01:44:13","date_gmt":"2024-05-08T23:44:13","guid":{"rendered":"https:\/\/metal-badge.ch\/?post_type=product&#038;p=137932"},"modified":"2024-10-15T19:17:41","modified_gmt":"2024-10-15T17:17:41","slug":"protection-auditive-avec-bluetooth-controle-dynamique-du-bruit-exterieur-gris-fonce","status":"publish","type":"product","link":"https:\/\/metal-badge.ch\/fr\/product\/137932\/protection-auditive-avec-bluetooth-controle-dynamique-du-bruit-exterieur-gris-fonce\/","title":{"rendered":"Protection auditive avec Bluetooth ; contr\u00f4le dynamique du bruit ext\u00e9rieur ; gris fonc\u00e9"},"content":{"rendered":"<p><span style=\"font-weight: 400;\">Polyvalent ; protection auditive fiable avec connexion Bluetooth ou c\u00e2bl\u00e9e pour une utilisation avec un smartphone ou un lecteur MP3. <\/span><span style=\"font-weight: 400;\">Protection auditive avec contr\u00f4le dynamique du bruit ext\u00e9rieur.<\/span><span style=\"font-weight: 400;\"> La protection auditive polyvalente de PROHEAR vous permet non seulement de prot\u00e9ger vos oreilles, mais aussi d&rsquo;\u00e9couter la radio, vos artistes pr\u00e9f\u00e9r\u00e9s ou des podcasts avec un son de qualit\u00e9. Le contr\u00f4le dynamique du bruit ext\u00e9rieur r\u00e9duit les niveaux sonores nocifs (tels que les coups de feu) tandis que le bruit ambiant est reproduit \u00e0 un volume normal ou m\u00eame amplifi\u00e9. L&rsquo;amplification active du bruit b\u00e9n\u00e9ficie aux soldats et aux unit\u00e9s sp\u00e9ciales, mais aussi aux chasseurs. avec le Sordin Supreme, vous entendez le gibier faire bruisser les feuilles, vous pouvez communiquer avec vos compagnons tout en \u00e9tant prot\u00e9g\u00e9 contre les bruits forts, comme les coups de feu, qui provoquent la fermeture imm\u00e9diate de la protection auditive. Ce casque antibruit est donc id\u00e9al non seulement pour les travaux avec des machines bruyantes dans le jardin, sur les chantiers, dans l&rsquo;industrie ou l&rsquo;agriculture, mais aussi et surtout, pour la chasse et le tir sportif. Avec leur design ultra-compact, les protections auditives \u00e9lectroniques offrent une excellente protection dans un design compact. De plus, les protections se replient pour pouvoir \u00eatre rang\u00e9es sans prendre de place.&nbsp;&nbsp;<\/span><\/p>\n<p><b>Informations sur le produit :&nbsp;<\/b><\/p>\n<ul>\n<li><span style=\"font-weight: 400;\">D\u00e9signation : Protection auditive avec contr\u00f4le dynamique du bruit ext\u00e9rieur&nbsp;<\/span><\/li>\n<li><span style=\"font-weight: 400;\">Marque : Prohear EM030<\/span><\/li>\n<li><span style=\"font-weight: 400;\">R\u00e9glage \u00e9lectro-acoustique&nbsp;: Oui&nbsp;<\/span><\/li>\n<li><span style=\"font-weight: 400;\">Piles : 2 piles AAA non comprises<\/span><\/li>\n<li><span style=\"font-weight: 400;\">L\u00e9ger et confortable<\/span><\/li>\n<li><span style=\"font-weight: 400;\">Design moderne<\/span><\/li>\n<li><span style=\"font-weight: 400;\">Oreillettes souples r\u00e9glables<\/span><\/li>\n<li><span style=\"font-weight: 400;\">Le r\u00e9glage lat\u00e9ral en hauteur peut \u00eatre effectu\u00e9 rapidement et facilement<\/span><\/li>\n<li><span style=\"font-weight: 400;\">S&rsquo;adapte \u00e0 la forme de la t\u00eate<\/span><\/li>\n<li><span style=\"font-weight: 400;\">Protection auditive efficace<\/span><\/li>\n<li><span style=\"font-weight: 400;\">Isolation \/ Valeur SNR : 22 dB<\/span><\/li>\n<li><span style=\"font-weight: 400;\">Couleur&nbsp;: gris fonc\u00e9&nbsp;<\/span><\/li>\n<li><span style=\"font-weight: 400;\">Casque antibruit pliable<\/span><\/li>\n<li><span style=\"font-weight: 400;\">Voyant LED pour indiqu\u00e9 si l\u2019appareil est allum\u00e9 ou \u00e9teint&nbsp;<\/span><\/li>\n<li><span style=\"font-weight: 400;\">Le bouton noir on\/off et le contr\u00f4le du volume se trouvent sur le c\u00f4t\u00e9.&nbsp;<\/span><\/li>\n<li><span style=\"font-weight: 400;\">\u00c9coutez votre musique pr\u00e9f\u00e9r\u00e9e \/ Cette protection auditive int\u00e8gre \u00e9galement Bluetooth.<\/span><\/li>\n<li><span style=\"font-weight: 400;\">Les coussinets des oreillettes peuvent \u00e9galement \u00eatre remplac\u00e9s si n\u00e9cessaire.&nbsp;<\/span><\/li>\n<li><span style=\"font-weight: 400;\">Remplacement des piles : faites glisser le cache noir vers le haut et remplacez les 2 piles AAA<\/span><\/li>\n<li><span style=\"font-weight: 400;\">Poids : 275 g <\/span><\/li>\n<\/ul>\n","protected":false},"excerpt":{"rendered":"<p><span style=\"font-weight: 400;\">Polyvalent ; protection auditive fiable avec connexion Bluetooth ou c\u00e2bl\u00e9e pour une utilisation avec un smartphone ou un lecteur MP3. <\/span><span style=\"font-weight: 400;\">Protection auditive avec contr\u00f4le dynamique du bruit ext\u00e9rieur.<\/span><span style=\"font-weight: 400;\"> La protection auditive polyvalente de PROHEAR vous permet non seulement de prot\u00e9ger vos oreilles, mais aussi d&rsquo;\u00e9couter la radio, vos artistes pr\u00e9f\u00e9r\u00e9s ou des podcasts avec un son de qualit\u00e9. Le contr\u00f4le dynamique du bruit ext\u00e9rieur r\u00e9duit les niveaux sonores nocifs (tels que les coups de feu) tandis que le bruit ambiant est reproduit \u00e0 un volume normal ou m\u00eame amplifi\u00e9.<\/span><\/p>\n","protected":false},"featured_media":137936,"comment_status":"closed","ping_status":"closed","template":"","meta":{"inline_featured_image":false},"product_brand":[],"product_cat":[1347,887,1946,1702],"product_tag":[1781],"class_list":{"0":"post-137932","1":"product","2":"type-product","3":"status-publish","4":"has-post-thumbnail","6":"product_cat-accessoires-militaires-de-chasse","7":"product_cat-accessoires","8":"product_cat-organisations-lumiere-bleue-securite","9":"product_cat-protection-auditive-bouchons-doreille","10":"product_tag-police-securite","12":"first","13":"instock","14":"taxable","15":"shipping-taxable","16":"purchasable","17":"product-type-simple"},"_links":{"self":[{"href":"https:\/\/metal-badge.ch\/fr\/wp-json\/wp\/v2\/product\/137932","targetHints":{"allow":["GET"]}}],"collection":[{"href":"https:\/\/metal-badge.ch\/fr\/wp-json\/wp\/v2\/product"}],"about":[{"href":"https:\/\/metal-badge.ch\/fr\/wp-json\/wp\/v2\/types\/product"}],"replies":[{"embeddable":true,"href":"https:\/\/metal-badge.ch\/fr\/wp-json\/wp\/v2\/comments?post=137932"}],"wp:featuredmedia":[{"embeddable":true,"href":"https:\/\/metal-badge.ch\/fr\/wp-json\/wp\/v2\/media\/137936"}],"wp:attachment":[{"href":"https:\/\/metal-badge.ch\/fr\/wp-json\/wp\/v2\/media?parent=137932"}],"wp:term":[{"taxonomy":"product_brand","embeddable":true,"href":"https:\/\/metal-badge.ch\/fr\/wp-json\/wp\/v2\/product_brand?post=137932"},{"taxonomy":"product_cat","embeddable":true,"href":"https:\/\/metal-badge.ch\/fr\/wp-json\/wp\/v2\/product_cat?post=137932"},{"taxonomy":"product_tag","embeddable":true,"href":"https:\/\/metal-badge.ch\/fr\/wp-json\/wp\/v2\/product_tag?post=137932"}],"curies":[{"name":"wp","href":"https:\/\/api.w.org\/{rel}","templated":true}]}}