{"id":137896,"date":"2024-05-09T01:29:37","date_gmt":"2024-05-08T23:29:37","guid":{"rendered":"https:\/\/metal-badge.ch\/?post_type=product&#038;p=137896"},"modified":"2024-11-28T22:56:11","modified_gmt":"2024-11-28T21:56:11","slug":"protection-auditive-passive-marron","status":"publish","type":"product","link":"https:\/\/metal-badge.ch\/fr\/product\/137896\/protection-auditive-passive-marron\/","title":{"rendered":"Protection auditive passive marron"},"content":{"rendered":"<p><span style=\"font-weight: 400;\">La protection auditive pour les tireurs, les militaires, la police, etc. en cas de bruits de tirs ou d&rsquo;\u00e9v\u00e9nements bruyants. La protection auditive est tr\u00e8s confortable et \u00e9quip\u00e9 d\u2019un arceau extra souple et d\u2019oreillettes. Les oreillettes peuvent \u00eatre r\u00e9gl\u00e9es facilement&nbsp;; elles peuvent \u00eatre tourn\u00e9es \u00e0 360 degr\u00e9s et sont tr\u00e8s mall\u00e9ables. Elles permettent de r\u00e9duire le bruit de 25 d\u00e9cibels. L&rsquo;arceau est en polycarbonate entour\u00e9 d&rsquo;une coque en PVC. De plus, les protections se replient pour pouvoir \u00eatre rang\u00e9es sans prendre de place.&nbsp;&nbsp;<\/span><\/p>\n<p><b>Informations sur le produit :&nbsp;<\/b><\/p>\n<ul>\n<li><span style=\"font-weight: 400;\">D\u00e9signation : Protection auditive passive EM016&nbsp;<\/span><\/li>\n<li><span style=\"font-weight: 400;\">Marque : Prohear&nbsp;<\/span><\/li>\n<li><span style=\"font-weight: 400;\">Protection : contre les bruits de tirs pour les militaires, la police, etc.&nbsp;<\/span><\/li>\n<li><span style=\"font-weight: 400;\">L\u00e9ger et confortable<\/span><\/li>\n<li><span style=\"font-weight: 400;\">Design moderne<\/span><\/li>\n<li><span style=\"font-weight: 400;\">Oreillettes souples r\u00e9glables<\/span><\/li>\n<li><span style=\"font-weight: 400;\">Le r\u00e9glage lat\u00e9ral en hauteur peut \u00eatre effectu\u00e9 rapidement et facilement<\/span><\/li>\n<li><span style=\"font-weight: 400;\">S&rsquo;adapte \u00e0 la forme de la t\u00eate<\/span><\/li>\n<li><span style=\"font-weight: 400;\">Protection auditive efficace<\/span><\/li>\n<li><span style=\"font-weight: 400;\">Valeur d&rsquo;att\u00e9nuation de 25 dB<\/span><\/li>\n<li><span style=\"font-weight: 400;\">Couleur : brun&nbsp;<\/span><\/li>\n<li><span style=\"font-weight: 400;\">Casque antibruit pliable<\/span><\/li>\n<li><span style=\"font-weight: 400;\">Poids : 208 g. <\/span><\/li>\n<\/ul>\n","protected":false},"excerpt":{"rendered":"<p><span style=\"font-weight: 400;\">La protection auditive pour les tireurs, les militaires, la police, etc. en cas de bruits de tirs ou d&rsquo;\u00e9v\u00e9nements bruyants. La protection auditive est tr\u00e8s confortable et \u00e9quip\u00e9 d\u2019un arceau extra souple et d\u2019oreillettes. Les oreillettes peuvent \u00eatre r\u00e9gl\u00e9es facilement&nbsp;; elles peuvent \u00eatre tourn\u00e9es \u00e0 360 degr\u00e9s et sont tr\u00e8s mall\u00e9ables. Elles permettent de r\u00e9duire le bruit de 25 d\u00e9cibels. L&rsquo;arceau est en polycarbonate entour\u00e9 d&rsquo;une coque en PVC. De plus, les protections se replient pour pouvoir \u00eatre rang\u00e9es sans prendre de place.&nbsp;&nbsp;<\/span><\/p>\n","protected":false},"featured_media":137900,"comment_status":"closed","ping_status":"closed","template":"","meta":{"inline_featured_image":false},"product_brand":[],"product_cat":[1347,887,1946,1702],"product_tag":[1781],"class_list":{"0":"post-137896","1":"product","2":"type-product","3":"status-publish","4":"has-post-thumbnail","6":"product_cat-accessoires-militaires-de-chasse","7":"product_cat-accessoires","8":"product_cat-organisations-lumiere-bleue-securite","9":"product_cat-protection-auditive-bouchons-doreille","10":"product_tag-police-securite","12":"first","13":"instock","14":"taxable","15":"shipping-taxable","16":"purchasable","17":"product-type-simple"},"_links":{"self":[{"href":"https:\/\/metal-badge.ch\/fr\/wp-json\/wp\/v2\/product\/137896","targetHints":{"allow":["GET"]}}],"collection":[{"href":"https:\/\/metal-badge.ch\/fr\/wp-json\/wp\/v2\/product"}],"about":[{"href":"https:\/\/metal-badge.ch\/fr\/wp-json\/wp\/v2\/types\/product"}],"replies":[{"embeddable":true,"href":"https:\/\/metal-badge.ch\/fr\/wp-json\/wp\/v2\/comments?post=137896"}],"wp:featuredmedia":[{"embeddable":true,"href":"https:\/\/metal-badge.ch\/fr\/wp-json\/wp\/v2\/media\/137900"}],"wp:attachment":[{"href":"https:\/\/metal-badge.ch\/fr\/wp-json\/wp\/v2\/media?parent=137896"}],"wp:term":[{"taxonomy":"product_brand","embeddable":true,"href":"https:\/\/metal-badge.ch\/fr\/wp-json\/wp\/v2\/product_brand?post=137896"},{"taxonomy":"product_cat","embeddable":true,"href":"https:\/\/metal-badge.ch\/fr\/wp-json\/wp\/v2\/product_cat?post=137896"},{"taxonomy":"product_tag","embeddable":true,"href":"https:\/\/metal-badge.ch\/fr\/wp-json\/wp\/v2\/product_tag?post=137896"}],"curies":[{"name":"wp","href":"https:\/\/api.w.org\/{rel}","templated":true}]}}