{"id":137810,"date":"2024-05-08T02:46:58","date_gmt":"2024-05-08T00:46:58","guid":{"rendered":"https:\/\/metal-badge.ch\/product\/137810\/protection-auditive-pour-enfants-et-adultes\/"},"modified":"2024-10-15T18:59:52","modified_gmt":"2024-10-15T16:59:52","slug":"protection-auditive-pour-enfants-et-adultes","status":"publish","type":"product","link":"https:\/\/metal-badge.ch\/fr\/product\/137810\/protection-auditive-pour-enfants-et-adultes\/","title":{"rendered":"Protection auditive pour enfants et adultes"},"content":{"rendered":"<p><span style=\"font-weight: 400;\">La protection auditive pour les oreilles sensibles des enfants pendant les \u00e9v\u00e9nements bruyants dans le beau design de couleur Starry. La protection auditive est tr\u00e8s confortable avec son serre-t\u00eate extra souple r\u00e9glable. Les coques peuvent \u00eatre tourn\u00e9es \u00e0 360 degr\u00e9s et sont tr\u00e8s mall\u00e9ables. Elles permettent de r\u00e9duire le bruit de 22 d\u00e9cibels. Id\u00e9al pour les concerts, les feux d&rsquo;artifice, les \u00e9v\u00e9nements sportifs ainsi que pour dormir. L&rsquo;arceau est en polycarbonate entour\u00e9 d&rsquo;une coque en PVC. De plus, les protections se replient pour pouvoir \u00eatre rang\u00e9es sans prendre de place.<\/span><\/p>\n<p><b>Informations sur le produit :&nbsp;<\/b><\/p>\n<ul>\n<li><span style=\"font-weight: 400;\">D\u00e9signation : Protection auditive Starry EM015&nbsp;<\/span><\/li>\n<li><span style=\"font-weight: 400;\">Pour enfants et adultes<\/span><\/li>\n<li><span style=\"font-weight: 400;\">Adapt\u00e9 pour les enfants \u00e0 partir de 4 ans<\/span><\/li>\n<li><span style=\"font-weight: 400;\">L\u00e9ger et confortable<\/span><\/li>\n<li><span style=\"font-weight: 400;\">Design tendance<\/span><\/li>\n<li><span style=\"font-weight: 400;\">Oreillettes souples \/ doubles oreillettes en mousse<\/span><\/li>\n<li><span style=\"font-weight: 400;\">Le r\u00e9glage lat\u00e9ral en hauteur peut \u00eatre effectu\u00e9 rapidement et facilement<\/span><\/li>\n<li><span style=\"font-weight: 400;\">S&rsquo;adapte \u00e0 la forme de la t\u00eate<\/span><\/li>\n<li><span style=\"font-weight: 400;\">Protection auditive efficace<\/span><\/li>\n<li><span style=\"font-weight: 400;\">Valeur d&rsquo;att\u00e9nuation de 22 dB<\/span><\/li>\n<li><span style=\"font-weight: 400;\">Couleur : Feu d&rsquo;artifice \/ bleu&nbsp;<\/span><\/li>\n<li><span style=\"font-weight: 400;\">Casque antibruit pliable<\/span><\/li>\n<li><span style=\"font-weight: 400;\">Poids : 200 g. <\/span><\/li>\n<\/ul>\n","protected":false},"excerpt":{"rendered":"<p><span style=\"font-weight: 400;\">La protection auditive pour les oreilles sensibles des enfants pendant les \u00e9v\u00e9nements bruyants dans le beau design de couleur Starry. La protection auditive est tr\u00e8s confortable avec son serre-t\u00eate extra souple r\u00e9glable. Les coques peuvent \u00eatre tourn\u00e9es \u00e0 360 degr\u00e9s et sont tr\u00e8s mall\u00e9ables. Elles permettent de r\u00e9duire le bruit de 22 d\u00e9cibels. Id\u00e9al pour les concerts, les feux d&rsquo;artifice, les \u00e9v\u00e9nements sportifs ainsi que pour dormir. L&rsquo;arceau est en polycarbonate entour\u00e9 d&rsquo;une coque en PVC. De plus, les protections se replient pour pouvoir \u00eatre rang\u00e9es sans prendre de place.<\/span><\/p>\n","protected":false},"featured_media":137779,"comment_status":"closed","ping_status":"closed","template":"","meta":{"inline_featured_image":false},"product_brand":[],"product_cat":[1347,887,1946,1702],"product_tag":[1781],"class_list":{"0":"post-137810","1":"product","2":"type-product","3":"status-publish","4":"has-post-thumbnail","6":"product_cat-accessoires-militaires-de-chasse","7":"product_cat-accessoires","8":"product_cat-organisations-lumiere-bleue-securite","9":"product_cat-protection-auditive-bouchons-doreille","10":"product_tag-police-securite","12":"first","13":"instock","14":"taxable","15":"shipping-taxable","16":"purchasable","17":"product-type-simple"},"_links":{"self":[{"href":"https:\/\/metal-badge.ch\/fr\/wp-json\/wp\/v2\/product\/137810","targetHints":{"allow":["GET"]}}],"collection":[{"href":"https:\/\/metal-badge.ch\/fr\/wp-json\/wp\/v2\/product"}],"about":[{"href":"https:\/\/metal-badge.ch\/fr\/wp-json\/wp\/v2\/types\/product"}],"replies":[{"embeddable":true,"href":"https:\/\/metal-badge.ch\/fr\/wp-json\/wp\/v2\/comments?post=137810"}],"wp:featuredmedia":[{"embeddable":true,"href":"https:\/\/metal-badge.ch\/fr\/wp-json\/wp\/v2\/media\/137779"}],"wp:attachment":[{"href":"https:\/\/metal-badge.ch\/fr\/wp-json\/wp\/v2\/media?parent=137810"}],"wp:term":[{"taxonomy":"product_brand","embeddable":true,"href":"https:\/\/metal-badge.ch\/fr\/wp-json\/wp\/v2\/product_brand?post=137810"},{"taxonomy":"product_cat","embeddable":true,"href":"https:\/\/metal-badge.ch\/fr\/wp-json\/wp\/v2\/product_cat?post=137810"},{"taxonomy":"product_tag","embeddable":true,"href":"https:\/\/metal-badge.ch\/fr\/wp-json\/wp\/v2\/product_tag?post=137810"}],"curies":[{"name":"wp","href":"https:\/\/api.w.org\/{rel}","templated":true}]}}