{"id":137643,"date":"2024-05-07T23:35:14","date_gmt":"2024-05-07T21:35:14","guid":{"rendered":"https:\/\/metal-badge.ch\/product\/137643\/softshell-protection-pour-la-tete-pour-le-football-le-rugby-etc-bleu\/"},"modified":"2024-05-07T23:47:28","modified_gmt":"2024-05-07T21:47:28","slug":"softshell-protection-pour-la-tete-pour-le-football-le-rugby-etc-bleu","status":"publish","type":"product","link":"https:\/\/metal-badge.ch\/fr\/product\/137643\/softshell-protection-pour-la-tete-pour-le-football-le-rugby-etc-bleu\/","title":{"rendered":"Softshell &#8211; Protection pour la t\u00eate pour le football, le rugby, etc.  Bleu"},"content":{"rendered":"<p><span style=\"font-weight: 400;\">La protection pour la t\u00eate ou cagoule de football est faite de polyester de haute qualit\u00e9 et de tissu \u00e9ponge respirant et confortable. Tr\u00e8s bonne finition, r\u00e9sistance \u00e0 l&rsquo;usure et \u00e0 la salet\u00e9. L\u00e9g\u00e8re et souple, tr\u00e8s agr\u00e9able \u00e0 porter. Notre taille unique qui peut \u00eatre ajust\u00e9e et r\u00e9gl\u00e9e au menton et \u00e0 l&rsquo;arri\u00e8re de la t\u00eate avec un cordon \u00e9lastique. Ce prot\u00e8ge-t\u00eate souple offre une protection parfaite pour votre t\u00eate. Cette protection design et souple avec rembourrage est \u00e9quip\u00e9e de plusieurs inserts en EVA \u00e9paissis qui permettent d&rsquo;absorber les chocs et de r\u00e9sister aux impacts. Ce casque souple offre aux athl\u00e8tes une excellente protection de la t\u00eate, une excellente absorption des chocs et des performances de d\u00e9compression, avec plusieurs orifices de ventilation qui peuvent absorber efficacement l&rsquo;humidit\u00e9 et la transpiration pour que vous restiez au sec et au frais. Cette cagoule de football rembourr\u00e9e dispose d&rsquo;une fonction antichute efficace ; c&rsquo;est une protection pour la t\u00eate polyvalente qui convient non seulement \u00e0 diff\u00e9rents sports de plein air tels que le football, le rugby, le hockey sur glace, le skateboard, le patin \u00e0 roulettes, la lutte, le cyclisme, les arts martiaux, mais aussi pour les syncopes et les patients autistes. Une protection parfaite pour la t\u00eate.&nbsp;<\/span><\/p>\n<p><b>Informations sur le produit :&nbsp;<\/b><\/p>\n<ul>\n<li><span style=\"font-weight: 400;\">D\u00e9signation : Protection pour la t\u00eate&nbsp;<\/span><\/li>\n<li><span style=\"font-weight: 400;\">Couleur : bleu.<\/span><\/li>\n<li><span style=\"font-weight: 400;\">Mati\u00e8re : Polyester spandex et mousse EVA&nbsp;<\/span><\/li>\n<li><span style=\"font-weight: 400;\">Anti-collision, amortissement avec des inserts EVA<\/span><\/li>\n<li><span style=\"font-weight: 400;\">Respirant&nbsp;<\/span><\/li>\n<li><span style=\"font-weight: 400;\">Sentiment de l\u00e9g\u00e8ret\u00e9 et de confort<\/span><\/li>\n<li><span style=\"font-weight: 400;\">Taille unique pour adultes, r\u00e9glable au menton et \u00e0 l&rsquo;arri\u00e8re de la t\u00eate avec un cordon \u00e9lastique&nbsp;<\/span><\/li>\n<li><span style=\"font-weight: 400;\">Appropri\u00e9 pour les sports tels que le football, le rugby, le skateboard, les arts martiaux, etc.<\/span><\/li>\n<\/ul>\n<p>&nbsp;<\/p>\n","protected":false},"excerpt":{"rendered":"<p><span style=\"font-weight: 400;\">La protection pour la t\u00eate ou cagoule de football est faite de polyester de haute qualit\u00e9 et de tissu \u00e9ponge respirant et confortable. Tr\u00e8s bonne finition, r\u00e9sistance \u00e0 l&rsquo;usure et \u00e0 la salet\u00e9. L\u00e9g\u00e8re et souple, tr\u00e8s agr\u00e9able \u00e0 porter. Notre taille unique qui peut \u00eatre ajust\u00e9e et r\u00e9gl\u00e9e au menton et \u00e0 l&rsquo;arri\u00e8re de la t\u00eate avec un cordon \u00e9lastique. Ce prot\u00e8ge-t\u00eate souple offre une protection parfaite pour votre t\u00eate. Cette protection design et souple avec rembourrage est \u00e9quip\u00e9e de plusieurs inserts en EVA \u00e9paissis qui permettent d&rsquo;absorber les chocs et de r\u00e9sister aux impacts. <\/span><\/p>\n","protected":false},"featured_media":137647,"comment_status":"closed","ping_status":"closed","template":"","meta":{"inline_featured_image":false},"product_brand":[],"product_cat":[1706,887,1590,1639],"product_tag":[1765],"class_list":{"0":"post-137643","1":"product","2":"type-product","3":"status-publish","4":"has-post-thumbnail","6":"product_cat-casques","7":"product_cat-accessoires","8":"product_cat-combinaisons-de-protection","9":"product_cat-protection-du-visage-masques","10":"product_tag-sport-outdoor-fr","12":"first","13":"instock","14":"taxable","15":"shipping-taxable","16":"purchasable","17":"product-type-simple"},"_links":{"self":[{"href":"https:\/\/metal-badge.ch\/fr\/wp-json\/wp\/v2\/product\/137643","targetHints":{"allow":["GET"]}}],"collection":[{"href":"https:\/\/metal-badge.ch\/fr\/wp-json\/wp\/v2\/product"}],"about":[{"href":"https:\/\/metal-badge.ch\/fr\/wp-json\/wp\/v2\/types\/product"}],"replies":[{"embeddable":true,"href":"https:\/\/metal-badge.ch\/fr\/wp-json\/wp\/v2\/comments?post=137643"}],"wp:featuredmedia":[{"embeddable":true,"href":"https:\/\/metal-badge.ch\/fr\/wp-json\/wp\/v2\/media\/137647"}],"wp:attachment":[{"href":"https:\/\/metal-badge.ch\/fr\/wp-json\/wp\/v2\/media?parent=137643"}],"wp:term":[{"taxonomy":"product_brand","embeddable":true,"href":"https:\/\/metal-badge.ch\/fr\/wp-json\/wp\/v2\/product_brand?post=137643"},{"taxonomy":"product_cat","embeddable":true,"href":"https:\/\/metal-badge.ch\/fr\/wp-json\/wp\/v2\/product_cat?post=137643"},{"taxonomy":"product_tag","embeddable":true,"href":"https:\/\/metal-badge.ch\/fr\/wp-json\/wp\/v2\/product_tag?post=137643"}],"curies":[{"name":"wp","href":"https:\/\/api.w.org\/{rel}","templated":true}]}}