{"id":137595,"date":"2024-05-07T01:11:41","date_gmt":"2024-05-06T23:11:42","guid":{"rendered":"https:\/\/metal-badge.ch\/?post_type=product&#038;p=137595"},"modified":"2024-05-07T01:16:34","modified_gmt":"2024-05-06T23:16:34","slug":"t-shirt-ras-a-encolure-rond-noir-avec-impression-fbi","status":"publish","type":"product","link":"https:\/\/metal-badge.ch\/fr\/product\/137595\/t-shirt-ras-a-encolure-rond-noir-avec-impression-fbi\/","title":{"rendered":"T-shirt ras \u00e0 encolure rond noir avec impression FBI"},"content":{"rendered":"<p><span style=\"font-weight: 400;\">Le t-shirt classique \u00e0 encolure ronde. Extensible et tr\u00e8s confortable. Agr\u00e9able \u00e0 porter et tr\u00e8s facile d&rsquo;entretien. En 100 % coton, imprim\u00e9 FBI devant et derri\u00e8re. <\/span><\/p>\n<p><span style=\"font-weight: 400;\">Disponible dans diff\u00e9rentes tailles.. Confortable, ample, parfait pour un look d\u00e9contract\u00e9.&nbsp;<\/span><\/p>\n<p><b>Informations sur le produit :&nbsp;<\/b><\/p>\n<ul>\n<li><span style=\"font-weight: 400;\">D\u00e9signation : T-shirt \u00e0 encolure ronde HI-5505<\/span><\/li>\n<li><span style=\"font-weight: 400;\">Mati\u00e8re : 100 % coton.&nbsp;<\/span><\/li>\n<li><span style=\"font-weight: 400;\">Impression : FBI \u00e0 l&rsquo;avant et \u00e0 l&rsquo;arri\u00e8re&nbsp;<\/span><\/li>\n<li><span style=\"font-weight: 400;\">GSM 180&nbsp;<\/span><\/li>\n<li><span style=\"font-weight: 400;\">Poids : env. 250 g&nbsp;<\/span><\/li>\n<li><span style=\"font-weight: 400;\">Couleur : noir&nbsp;<\/span><\/li>\n<li><span style=\"font-weight: 400;\">Tailles : S, M, L, XL, 2XL&nbsp;<\/span><\/li>\n<li><span style=\"font-weight: 400;\">Version : Ajustement normal<\/span><\/li>\n<li><span style=\"font-weight: 400;\">Lavable en machine \u00e0 30 degr\u00e9s<\/span><\/li>\n<\/ul>\n","protected":false},"excerpt":{"rendered":"<p><span style=\"font-weight: 400;\">Le t-shirt classique \u00e0 encolure ronde. Extensible et tr\u00e8s confortable. Agr\u00e9able \u00e0 porter et tr\u00e8s facile d&rsquo;entretien. En 100 % coton, imprim\u00e9 FBI devant et derri\u00e8re. <\/span><\/p>\n<p><span style=\"font-weight: 400;\">Disponible dans diff\u00e9rentes tailles.. Confortable, ample, parfait pour un look d\u00e9contract\u00e9.&nbsp;<\/span><\/p>\n","protected":false},"featured_media":137599,"comment_status":"closed","ping_status":"closed","template":"","meta":{"inline_featured_image":false},"product_brand":[],"product_cat":[1570],"product_tag":[],"class_list":{"0":"post-137595","1":"product","2":"type-product","3":"status-publish","4":"has-post-thumbnail","6":"product_cat-t-shirts-polo-shirts-fr","8":"first","9":"instock","10":"taxable","11":"shipping-taxable","12":"purchasable","13":"product-type-simple"},"_links":{"self":[{"href":"https:\/\/metal-badge.ch\/fr\/wp-json\/wp\/v2\/product\/137595","targetHints":{"allow":["GET"]}}],"collection":[{"href":"https:\/\/metal-badge.ch\/fr\/wp-json\/wp\/v2\/product"}],"about":[{"href":"https:\/\/metal-badge.ch\/fr\/wp-json\/wp\/v2\/types\/product"}],"replies":[{"embeddable":true,"href":"https:\/\/metal-badge.ch\/fr\/wp-json\/wp\/v2\/comments?post=137595"}],"wp:featuredmedia":[{"embeddable":true,"href":"https:\/\/metal-badge.ch\/fr\/wp-json\/wp\/v2\/media\/137599"}],"wp:attachment":[{"href":"https:\/\/metal-badge.ch\/fr\/wp-json\/wp\/v2\/media?parent=137595"}],"wp:term":[{"taxonomy":"product_brand","embeddable":true,"href":"https:\/\/metal-badge.ch\/fr\/wp-json\/wp\/v2\/product_brand?post=137595"},{"taxonomy":"product_cat","embeddable":true,"href":"https:\/\/metal-badge.ch\/fr\/wp-json\/wp\/v2\/product_cat?post=137595"},{"taxonomy":"product_tag","embeddable":true,"href":"https:\/\/metal-badge.ch\/fr\/wp-json\/wp\/v2\/product_tag?post=137595"}],"curies":[{"name":"wp","href":"https:\/\/api.w.org\/{rel}","templated":true}]}}