{"id":137219,"date":"2024-05-04T06:58:53","date_gmt":"2024-05-04T04:58:54","guid":{"rendered":"https:\/\/metal-badge.ch\/?post_type=product&#038;p=137219"},"modified":"2024-05-04T07:06:34","modified_gmt":"2024-05-04T05:06:34","slug":"sac-dintervention-vert-olive-avec-bandouliere","status":"publish","type":"product","link":"https:\/\/metal-badge.ch\/fr\/product\/137219\/sac-dintervention-vert-olive-avec-bandouliere\/","title":{"rendered":"Sac d&rsquo;intervention, Vert olive, avec bandouli\u00e8re"},"content":{"rendered":"<p><span style=\"font-weight: 400;\">Ce sac d&rsquo;intervention tactique robuste en nylon Cordura 1000D hydrofuge offre beaucoup d&rsquo;espace de rangement gr\u00e2ce \u00e0 son grand compartiment principal, \u00e0 son compartiment rembourr\u00e9 pour ordinateur portable ainsi qu&rsquo;\u00e0 ses 9 poches de rangement et \u00e0 ses compartiments ext\u00e9rieurs. 1 grande poche ext\u00e9rieure avec double fermeture \u00e9clair circulaire, 2 poches lat\u00e9rales avec cordon \u00e9lastique et velcro, r\u00e9glables pour t\u00e9l\u00e9phone portable ou mobile, 1 fen\u00eatre ID pour cartes d&rsquo;identit\u00e9, 1 grande poche ext\u00e9rieure cach\u00e9e avec fermeture velcro, 2 petites poches \u00e0 rabat avec velcro, 1 poche \u00e0 rabat avec fermeture velcro et velcro femelle pour patchs \u00e0 l&rsquo;ext\u00e9rieur, 1 poche zipp\u00e9e avec une double fermeture \u00e9clair circulaire.&nbsp;<\/span><\/p>\n<p><span style=\"font-weight: 400;\">Le sac est \u00e9galement \u00e9quip\u00e9 d&rsquo;une bandouli\u00e8re rembourr\u00e9e et r\u00e9glable qui peut \u00eatre retir\u00e9e \u00e0 l&rsquo;aide d&rsquo;un mousqueton. Les deux poign\u00e9es peuvent \u00eatre reli\u00e9es par un velcro pour une meilleure prise en main.<\/span><span style=\"font-weight: 400;\"><br \/>\n<\/span><span style=\"font-weight: 400;\"><br \/>\n<\/span><b>Informations sur le produit :&nbsp;<\/b><\/p>\n<ul>\n<li><span style=\"font-weight: 400;\">D\u00e9signation : Sac d&rsquo;intervention avec bandouli\u00e8re dans diff\u00e9rentes couleurs<\/span><\/li>\n<li><span style=\"font-weight: 400;\">Mati\u00e8re : Nylon Cordura 1000D&nbsp;<\/span><\/li>\n<li><span style=\"font-weight: 400;\">Dimensions : longueur 40 cm x hauteur 29 cm x profondeur 20 cm<\/span><span style=\"font-weight: 400;\"><br \/>\n<\/span><\/li>\n<li><span style=\"font-weight: 400;\">Poids : 820 g. <\/span><span style=\"font-weight: 400;\"><br \/>\n<\/span><\/li>\n<li><span style=\"font-weight: 400;\">Couleur : Vert olive<\/span><\/li>\n<li><span style=\"font-weight: 400;\">1 fen\u00eatre pour carte d\u2019identit\u00e9<\/span><\/li>\n<li><span style=\"font-weight: 400;\">1 compartiment principal rembourr\u00e9 avec fermeture \u00e0 glissi\u00e8re dans les deux sens<\/span><\/li>\n<li><span style=\"font-weight: 400;\">1 bandouli\u00e8re rembourr\u00e9e amovible et r\u00e9glable en longueur<\/span><\/li>\n<li><span style=\"font-weight: 400;\">1 grande poche ext\u00e9rieure cach\u00e9e avec fermeture velcro<\/span><\/li>\n<li><span style=\"font-weight: 400;\">2 petites poches appos\u00e9es&nbsp;<\/span><\/li>\n<li><span style=\"font-weight: 400;\">2 poches lat\u00e9rales ext\u00e9rieures avec cordon \u00e9lastique et velcro pour le rangement de la radio<\/span><\/li>\n<li><span style=\"font-weight: 400;\">1 compartiment zipp\u00e9 avec double fermeture \u00e9clair sur tout le pourtour<\/span><\/li>\n<li><span style=\"font-weight: 400;\">Poign\u00e9e de transport faciles \u00e0 saisir gr\u00e2ce \u00e0 une fermeture velcro<\/span><\/li>\n<li><span style=\"font-weight: 400;\">Panneau velcro frontal pour le badge<\/span><\/li>\n<li><span style=\"font-weight: 400;\">Mat\u00e9riau Cordura r\u00e9sistant \u00e0 l&rsquo;eau<\/span><\/li>\n<li><span style=\"font-weight: 400;\">Durable et robuste<\/span><\/li>\n<\/ul>\n","protected":false},"excerpt":{"rendered":"<p><span style=\"font-weight: 400;\">Ce sac d&rsquo;intervention tactique robuste en nylon Cordura 1000D hydrofuge offre beaucoup d&rsquo;espace de rangement gr\u00e2ce \u00e0 son grand compartiment principal, \u00e0 son compartiment rembourr\u00e9 pour ordinateur portable ainsi qu&rsquo;\u00e0 ses 9 poches de rangement et \u00e0 ses compartiments ext\u00e9rieurs. 1 grande poche ext\u00e9rieure avec double fermeture \u00e9clair circulaire, 2 poches lat\u00e9rales avec cordon \u00e9lastique et velcro, r\u00e9glables pour t\u00e9l\u00e9phone portable ou mobile, 1 fen\u00eatre ID pour cartes d&rsquo;identit\u00e9, 1 grande poche ext\u00e9rieure cach\u00e9e avec fermeture velcro, 2 petites poches \u00e0 rabat avec velcro, 1 poche \u00e0 rabat avec fermeture velcro et velcro femelle pour patchs \u00e0 l&rsquo;ext\u00e9rieur, 1 poche zipp\u00e9e avec une double fermeture \u00e9clair circulaire.&nbsp;<\/span><\/p>\n","protected":false},"featured_media":137223,"comment_status":"closed","ping_status":"closed","template":"","meta":{"inline_featured_image":false},"product_brand":[],"product_cat":[887,1059],"product_tag":[1777,1765],"class_list":{"0":"post-137219","1":"product","2":"type-product","3":"status-publish","4":"has-post-thumbnail","6":"product_cat-accessoires","7":"product_cat-sacs","8":"product_tag-camping-voyage","9":"product_tag-sport-outdoor-fr","11":"first","12":"instock","13":"taxable","14":"shipping-taxable","15":"purchasable","16":"product-type-simple"},"_links":{"self":[{"href":"https:\/\/metal-badge.ch\/fr\/wp-json\/wp\/v2\/product\/137219","targetHints":{"allow":["GET"]}}],"collection":[{"href":"https:\/\/metal-badge.ch\/fr\/wp-json\/wp\/v2\/product"}],"about":[{"href":"https:\/\/metal-badge.ch\/fr\/wp-json\/wp\/v2\/types\/product"}],"replies":[{"embeddable":true,"href":"https:\/\/metal-badge.ch\/fr\/wp-json\/wp\/v2\/comments?post=137219"}],"wp:featuredmedia":[{"embeddable":true,"href":"https:\/\/metal-badge.ch\/fr\/wp-json\/wp\/v2\/media\/137223"}],"wp:attachment":[{"href":"https:\/\/metal-badge.ch\/fr\/wp-json\/wp\/v2\/media?parent=137219"}],"wp:term":[{"taxonomy":"product_brand","embeddable":true,"href":"https:\/\/metal-badge.ch\/fr\/wp-json\/wp\/v2\/product_brand?post=137219"},{"taxonomy":"product_cat","embeddable":true,"href":"https:\/\/metal-badge.ch\/fr\/wp-json\/wp\/v2\/product_cat?post=137219"},{"taxonomy":"product_tag","embeddable":true,"href":"https:\/\/metal-badge.ch\/fr\/wp-json\/wp\/v2\/product_tag?post=137219"}],"curies":[{"name":"wp","href":"https:\/\/api.w.org\/{rel}","templated":true}]}}