{"id":137106,"date":"2024-05-04T01:55:18","date_gmt":"2024-05-03T23:55:19","guid":{"rendered":"https:\/\/metal-badge.ch\/?post_type=product&#038;p=137106"},"modified":"2024-05-04T02:05:04","modified_gmt":"2024-05-04T00:05:04","slug":"bande-reflechissante-pour-sport-dexterieur-avec-fermeture-velcro-orange","status":"publish","type":"product","link":"https:\/\/metal-badge.ch\/fr\/product\/137106\/bande-reflechissante-pour-sport-dexterieur-avec-fermeture-velcro-orange\/","title":{"rendered":"Bande r\u00e9fl\u00e9chissante pour sport d&rsquo;ext\u00e9rieur avec fermeture velcro &#8211; orange"},"content":{"rendered":"<p><span style=\"font-weight: 400;\">Notre bande r\u00e9fl\u00e9chissante \u00e0 haute visibilit\u00e9 pour les bras et les jambes offre un ajustement confortable et beaucoup de flexibilit\u00e9, mais elle garantit \u00e9galement que vous serez bien visible sur la route et dans d&rsquo;autres environnements. Que vous fassiez de la course \u00e0 pied, du v\u00e9lo ou d&rsquo;autres activit\u00e9s de plein air, comptez sur notre bande r\u00e9fl\u00e9chissante \u00e9lastique pour assurer votre s\u00e9curit\u00e9.<\/span><\/p>\n<p><b>Informations sur le produit :<\/b><\/p>\n<ul>\n<li><span style=\"font-weight: 400;\">D\u00e9signation : Bandeau \u00e9lastique pour les bras et les jambes&nbsp;<\/span><\/li>\n<li><span style=\"font-weight: 400;\">R\u00e9fl\u00e9chissant, haute visibilit\u00e9<\/span><\/li>\n<li><span style=\"font-weight: 400;\">Peut \u00eatre ajust\u00e9 par velcro<\/span><\/li>\n<li><span style=\"font-weight: 400;\">Diff\u00e9rentes couleurs disponibles<\/span><\/li>\n<li><span style=\"font-weight: 400;\">Dimensions : 39 cm x 8 cm&nbsp;<\/span><\/li>\n<li><span style=\"font-weight: 400;\">\u00c9l\u00e9ments r\u00e9flecteurs de 2 x 2 cm de large&nbsp;<\/span><\/li>\n<li><span style=\"font-weight: 400;\">Mati\u00e8re : polyester<\/span><\/li>\n<li><span style=\"font-weight: 400;\">Couleurs : orange<\/span><\/li>\n<\/ul>\n","protected":false},"excerpt":{"rendered":"<p><span style=\"font-weight: 400;\">Notre bande r\u00e9fl\u00e9chissante \u00e0 haute visibilit\u00e9 pour les bras et les jambes offre un ajustement confortable et beaucoup de flexibilit\u00e9, mais elle garantit \u00e9galement que vous serez bien visible sur la route et dans d&rsquo;autres environnements. Que vous fassiez de la course \u00e0 pied, du v\u00e9lo ou d&rsquo;autres activit\u00e9s de plein air, comptez sur notre bande r\u00e9fl\u00e9chissante \u00e9lastique pour assurer votre s\u00e9curit\u00e9.<\/span><\/p>\n","protected":false},"featured_media":137110,"comment_status":"closed","ping_status":"closed","template":"","meta":{"inline_featured_image":false},"product_brand":[],"product_cat":[2287,887,2197],"product_tag":[1781,1765],"class_list":{"0":"post-137106","1":"product","2":"type-product","3":"status-publish","4":"has-post-thumbnail","6":"product_cat-brassard","7":"product_cat-accessoires","8":"product_cat-chaussuresetbottes","9":"product_tag-police-securite","10":"product_tag-sport-outdoor-fr","12":"first","13":"instock","14":"taxable","15":"shipping-taxable","16":"purchasable","17":"product-type-simple"},"_links":{"self":[{"href":"https:\/\/metal-badge.ch\/fr\/wp-json\/wp\/v2\/product\/137106","targetHints":{"allow":["GET"]}}],"collection":[{"href":"https:\/\/metal-badge.ch\/fr\/wp-json\/wp\/v2\/product"}],"about":[{"href":"https:\/\/metal-badge.ch\/fr\/wp-json\/wp\/v2\/types\/product"}],"replies":[{"embeddable":true,"href":"https:\/\/metal-badge.ch\/fr\/wp-json\/wp\/v2\/comments?post=137106"}],"wp:featuredmedia":[{"embeddable":true,"href":"https:\/\/metal-badge.ch\/fr\/wp-json\/wp\/v2\/media\/137110"}],"wp:attachment":[{"href":"https:\/\/metal-badge.ch\/fr\/wp-json\/wp\/v2\/media?parent=137106"}],"wp:term":[{"taxonomy":"product_brand","embeddable":true,"href":"https:\/\/metal-badge.ch\/fr\/wp-json\/wp\/v2\/product_brand?post=137106"},{"taxonomy":"product_cat","embeddable":true,"href":"https:\/\/metal-badge.ch\/fr\/wp-json\/wp\/v2\/product_cat?post=137106"},{"taxonomy":"product_tag","embeddable":true,"href":"https:\/\/metal-badge.ch\/fr\/wp-json\/wp\/v2\/product_tag?post=137106"}],"curies":[{"name":"wp","href":"https:\/\/api.w.org\/{rel}","templated":true}]}}