{"id":136757,"date":"2024-04-29T19:17:16","date_gmt":"2024-04-29T17:17:17","guid":{"rendered":"https:\/\/metal-badge.ch\/?post_type=product&#038;p=136757"},"modified":"2024-04-29T19:22:38","modified_gmt":"2024-04-29T17:22:38","slug":"etui-en-cuir-approach-garde-suisse","status":"publish","type":"product","link":"https:\/\/metal-badge.ch\/fr\/product\/136757\/etui-en-cuir-approach-garde-suisse\/","title":{"rendered":"\u00c9tui en cuir \u00ab Approach \u00bb Garde Suisse"},"content":{"rendered":"<p><span style=\"font-weight: 400;\">Ce porte-monnaie marron bien pens\u00e9 et tr\u00e8s pratique a \u00e9t\u00e9 con\u00e7u en cuir de vache nappa pleine fleur de premi\u00e8re qualit\u00e9.<\/span><\/p>\n<p><span style=\"font-weight: 400;\">Il est dot\u00e9 de 3 compartiments poches zipp\u00e9es et de nombreuses fonctions suppl\u00e9mentaires.&nbsp;<\/span><\/p>\n<p><span style=\"font-weight: 400;\">Ce porte-monnaie robuste, mais cependant fini \u00e0 la main, est \u00e9quip\u00e9 d&rsquo;un grand compartiment pour les billets de banque et d&rsquo;une grande poche zipp\u00e9e. Le porte-monnaie s&rsquo;ouvre avec une fermeture \u00e0 bouton-pression. Il dispose en outre de deux compartiments lat\u00e9raux \u00e0 fermeture \u00e9clair. Un porte-stylo et deux compartiments pour 5 cartes de cr\u00e9dit se trouvent \u00e0 l&rsquo;int\u00e9rieur. Le porte-monnaie contient \u00e9galement une fen\u00eatre pour carte d&rsquo;identit\u00e9 de 6 cm x 9 cm. Une encoche pour badge en m\u00e9tal se trouve \u00e9galement \u00e0 l&rsquo;int\u00e9rieur. Le badge est ins\u00e9r\u00e9 par le haut dans l&rsquo;espace pr\u00e9vu \u00e0 cet effet. Un petit stylo \u00e0 bille m\u00e9tallique r\u00e9tractable est compris dans le prix. Ce portefeuille est \u00e9quip\u00e9 de la technologie RFID et prot\u00e8ge vos cartes de cr\u00e9dit contre toute utilisation abusive de donn\u00e9es.&nbsp;<\/span><\/p>\n<p><span style=\"font-weight: 400;\">Tous nos \u00e9tuis sont compatibles avec tous nos badges et sont interchangeables.<\/span><\/p>\n<p><b>Informations sur le produit :&nbsp;<\/b><\/p>\n<ul>\n<li><span style=\"font-weight: 400;\">Nom du produit&nbsp;: Approach<\/span><\/li>\n<li><span style=\"font-weight: 400;\">Couleur&nbsp;: brun fonc\u00e9<\/span><\/li>\n<li><span style=\"font-weight: 400;\">Mat\u00e9riau : cuir de vache v\u00e9ritable de qualit\u00e9 nappa pleine fleur<\/span><\/li>\n<li><span style=\"font-weight: 400;\">3 fermetures \u00e9clair<\/span><\/li>\n<li><span style=\"font-weight: 400;\">2 compartiments pour 5 cartes de cr\u00e9dit<\/span><\/li>\n<li><span style=\"font-weight: 400;\">1 fen\u00eatre transparente pour carte d&rsquo;identit\u00e9<\/span><\/li>\n<li><span style=\"font-weight: 400;\">1 porte-stylo&nbsp;&nbsp;<\/span><\/li>\n<li><span style=\"font-weight: 400;\">Avec protection RFID contre les escroqueries&nbsp;<\/span><\/li>\n<li><span style=\"font-weight: 400;\">Avec fermeture \u00e0 bouton-pression&nbsp;&nbsp;&nbsp;<\/span><\/li>\n<li><span style=\"font-weight: 400;\">Avec mini stylo \u00e0 bille m\u00e9tallique r\u00e9tractable (\u00e0 suspendre)&nbsp;<\/span><\/li>\n<li><span style=\"font-weight: 400;\">Design compact et format pratique<\/span><\/li>\n<li><span style=\"font-weight: 400;\">Dimensions du portefeuille : longueur 12 cm x largeur 9,0 cm&nbsp;<\/span><\/li>\n<li><span style=\"font-weight: 400;\">Poids : \u00c9tui avec badge 140 g&nbsp;<\/span><\/li>\n<li><span style=\"font-weight: 400;\">Poids : \u00c9tui seul 100 g&nbsp;<br \/>\n<\/span><\/li>\n<\/ul>\n<p>&nbsp;<br \/>\n<iframe src=\"\/\/www.youtube.com\/embed\/uNe6BeO5UFY\" width=\"560\" height=\"314\" allowfullscreen=\"allowfullscreen\"><\/iframe><\/p>\n","protected":false},"excerpt":{"rendered":"<p><span style=\"font-weight: 400;\">Ce porte-monnaie marron bien pens\u00e9 et tr\u00e8s pratique a \u00e9t\u00e9 con\u00e7u en cuir de vache nappa pleine fleur de premi\u00e8re qualit\u00e9.<\/span><\/p>\n<p><span style=\"font-weight: 400;\">Il est dot\u00e9 de 3 compartiments poches zipp\u00e9es et de nombreuses fonctions suppl\u00e9mentaires.&nbsp;<\/span><\/p>\n<p><span style=\"font-weight: 400;\">Ce porte-monnaie robuste, mais cependant fini \u00e0 la main, est \u00e9quip\u00e9 d&rsquo;un grand compartiment pour les billets de banque et d&rsquo;une grande poche zipp\u00e9e. Le porte-monnaie s&rsquo;ouvre avec une fermeture \u00e0 bouton-pression. Il dispose en outre de deux compartiments lat\u00e9raux \u00e0 fermeture \u00e9clair. Un porte-stylo et deux compartiments pour 5 cartes de cr\u00e9dit se trouvent \u00e0 l&rsquo;int\u00e9rieur.<\/span><\/p>\n","protected":false},"featured_media":136761,"comment_status":"open","ping_status":"closed","template":"","meta":{"inline_featured_image":false},"product_brand":[],"product_cat":[1047],"product_tag":[],"class_list":{"0":"post-136757","1":"product","2":"type-product","3":"status-publish","4":"has-post-thumbnail","6":"product_cat-garde-suisse","8":"first","9":"instock","10":"taxable","11":"shipping-taxable","12":"purchasable","13":"product-type-simple"},"_links":{"self":[{"href":"https:\/\/metal-badge.ch\/fr\/wp-json\/wp\/v2\/product\/136757","targetHints":{"allow":["GET"]}}],"collection":[{"href":"https:\/\/metal-badge.ch\/fr\/wp-json\/wp\/v2\/product"}],"about":[{"href":"https:\/\/metal-badge.ch\/fr\/wp-json\/wp\/v2\/types\/product"}],"replies":[{"embeddable":true,"href":"https:\/\/metal-badge.ch\/fr\/wp-json\/wp\/v2\/comments?post=136757"}],"wp:featuredmedia":[{"embeddable":true,"href":"https:\/\/metal-badge.ch\/fr\/wp-json\/wp\/v2\/media\/136761"}],"wp:attachment":[{"href":"https:\/\/metal-badge.ch\/fr\/wp-json\/wp\/v2\/media?parent=136757"}],"wp:term":[{"taxonomy":"product_brand","embeddable":true,"href":"https:\/\/metal-badge.ch\/fr\/wp-json\/wp\/v2\/product_brand?post=136757"},{"taxonomy":"product_cat","embeddable":true,"href":"https:\/\/metal-badge.ch\/fr\/wp-json\/wp\/v2\/product_cat?post=136757"},{"taxonomy":"product_tag","embeddable":true,"href":"https:\/\/metal-badge.ch\/fr\/wp-json\/wp\/v2\/product_tag?post=136757"}],"curies":[{"name":"wp","href":"https:\/\/api.w.org\/{rel}","templated":true}]}}