{"id":135796,"date":"2024-03-14T01:03:46","date_gmt":"2024-03-14T00:03:46","guid":{"rendered":"https:\/\/metal-badge.ch\/product\/135796\/stickers-3d-en-aluminium-resistants-aux-conditions-meteorologiques-autocollants-badge-ipa\/"},"modified":"2024-03-14T01:03:46","modified_gmt":"2024-03-14T00:03:46","slug":"stickers-3d-en-aluminium-resistants-aux-conditions-meteorologiques-autocollants-badge-ipa","status":"publish","type":"product","link":"https:\/\/metal-badge.ch\/fr\/product\/135796\/stickers-3d-en-aluminium-resistants-aux-conditions-meteorologiques-autocollants-badge-ipa\/","title":{"rendered":"Stickers 3D en aluminium r\u00e9sistants aux conditions m\u00e9t\u00e9orologiques \/ Autocollants badge IPA"},"content":{"rendered":"<p><span style=\"font-weight: 400;\">Que vous souhaitiez personnaliser votre smartphone, votre ordinateur portable, votre carnet de notes ou n&rsquo;importe quel autre objet, nos autocollants 3D en aluminium sont un moyen \u00e9l\u00e9gant de montrer votre personnalit\u00e9. Ajoutez une touche unique \u00e0 votre t\u00e9l\u00e9phone portable ou \u00e0 votre voiture avec nos autocollants 3D en aluminium exclusifs et r\u00e9sistants aux intemp\u00e9ries ! Transformez votre portable ou votre voiture en \u0153uvre d\u2019art gr\u00e2ce \u00e0 notre <\/span><b>badge autocollant IPA Badge Sticker<\/b><span style=\"font-weight: 400;\"> en aluminium 3D exclusif. D\u00e9couvrez la fusion du style et de la fonctionnalit\u00e9 ! Nos autocollants 3D en aluminium de haute qualit\u00e9 sont sp\u00e9cialement con\u00e7us pour \u00eatre utilis\u00e9s sur les t\u00e9l\u00e9phones portables, les ordinateurs portables et les voitures. Ils combinent style, durabilit\u00e9 et fonctionnalit\u00e9 et sont r\u00e9sistants aux intemp\u00e9ries. Il est possible de les utiliser sur n&rsquo;importe quelle surface en <\/span><b>plastique, verre, m\u00e9tal, etc<\/b><span style=\"font-weight: 400;\">. Le verso autocollant permet une application facile sur le bo\u00eetier de votre t\u00e9l\u00e9phone portable ou sur votre v\u00e9hicule. Les stickers 3D en aluminium apportent une touche moderne et sophistiqu\u00e9e \u00e0 n&rsquo;importe quel objet. Nos stickers se distinguent des autocollants ordinaires gr\u00e2ce \u00e0 leur finition pr\u00e9cise et \u00e0 la qualit\u00e9 de leur mat\u00e9riau en aluminium.<\/span><\/p>\n<p><b>Informations sur le produit :<\/b><\/p>\n<ul>\n<li><span style=\"font-weight: 400;\">D\u00e9signation :&nbsp; Autocollant 3D en aluminium&nbsp;<\/span><\/li>\n<li><span style=\"font-weight: 400;\">Forme : ovale&nbsp;<\/span><\/li>\n<li><span style=\"font-weight: 400;\">Poids : 6 g&nbsp;<\/span><\/li>\n<li><span style=\"font-weight: 400;\">Dimensions : 82,5 cm x 55,5 cm x 2 cm<\/span><\/li>\n<li><span style=\"font-weight: 400;\">\u00c9tanche et r\u00e9sistant aux intemp\u00e9ries<\/span><\/li>\n<li><span style=\"font-weight: 400;\">Mati\u00e8re : Aluminium 3D&nbsp;<\/span><\/li>\n<li><span style=\"font-weight: 400;\">verso avec ruban adh\u00e9sif double face 3M \u00e0 forte adh\u00e9rence<\/span><\/li>\n<li><span style=\"font-weight: 400;\">Couleur : or brillant ou argent brillant <\/span><\/li>\n<\/ul>\n<p>&nbsp;<\/p>\n","protected":false},"excerpt":{"rendered":"<p><span style=\"font-weight: 400;\">Que vous souhaitiez personnaliser votre smartphone, votre ordinateur portable, votre carnet de notes ou n&rsquo;importe quel autre objet, nos autocollants 3D en aluminium sont un moyen \u00e9l\u00e9gant de montrer votre personnalit\u00e9. Ajoutez une touche unique \u00e0 votre t\u00e9l\u00e9phone portable ou \u00e0 votre voiture avec nos autocollants 3D en aluminium exclusifs et r\u00e9sistants aux intemp\u00e9ries ! Transformez votre portable ou votre voiture en \u0153uvre d\u2019art gr\u00e2ce \u00e0 notre <\/span><b>badge autocollant IPA Badge Sticker<\/b><span style=\"font-weight: 400;\"> en aluminium 3D exclusif.<\/span><\/p>\n","protected":false},"featured_media":135769,"comment_status":"closed","ping_status":"closed","template":"","meta":{"inline_featured_image":false},"product_brand":[],"product_cat":[1536,963,839],"product_tag":[],"class_list":{"0":"post-135796","1":"product","2":"type-product","3":"status-publish","4":"has-post-thumbnail","6":"product_cat-ipa-gadgets-fr","7":"product_cat-patchs-autocollants","8":"product_cat-suisse","10":"first","11":"instock","12":"taxable","13":"shipping-taxable","14":"purchasable","15":"product-type-simple"},"_links":{"self":[{"href":"https:\/\/metal-badge.ch\/fr\/wp-json\/wp\/v2\/product\/135796","targetHints":{"allow":["GET"]}}],"collection":[{"href":"https:\/\/metal-badge.ch\/fr\/wp-json\/wp\/v2\/product"}],"about":[{"href":"https:\/\/metal-badge.ch\/fr\/wp-json\/wp\/v2\/types\/product"}],"replies":[{"embeddable":true,"href":"https:\/\/metal-badge.ch\/fr\/wp-json\/wp\/v2\/comments?post=135796"}],"wp:featuredmedia":[{"embeddable":true,"href":"https:\/\/metal-badge.ch\/fr\/wp-json\/wp\/v2\/media\/135769"}],"wp:attachment":[{"href":"https:\/\/metal-badge.ch\/fr\/wp-json\/wp\/v2\/media?parent=135796"}],"wp:term":[{"taxonomy":"product_brand","embeddable":true,"href":"https:\/\/metal-badge.ch\/fr\/wp-json\/wp\/v2\/product_brand?post=135796"},{"taxonomy":"product_cat","embeddable":true,"href":"https:\/\/metal-badge.ch\/fr\/wp-json\/wp\/v2\/product_cat?post=135796"},{"taxonomy":"product_tag","embeddable":true,"href":"https:\/\/metal-badge.ch\/fr\/wp-json\/wp\/v2\/product_tag?post=135796"}],"curies":[{"name":"wp","href":"https:\/\/api.w.org\/{rel}","templated":true}]}}