{"id":135151,"date":"2024-01-12T22:49:27","date_gmt":"2024-01-12T21:49:27","guid":{"rendered":"https:\/\/metal-badge.ch\/?post_type=product&#038;p=135151"},"modified":"2024-01-12T23:02:05","modified_gmt":"2024-01-12T22:02:05","slug":"etui-en-cuir-revolution-garde-suisse","status":"publish","type":"product","link":"https:\/\/metal-badge.ch\/fr\/product\/135151\/etui-en-cuir-revolution-garde-suisse\/","title":{"rendered":"\u00c9tui en cuir \u00ab Revolution \u00bb Garde Suisse"},"content":{"rendered":"<p class=\"p1\">\u00c9tui en cuir de vachette noir de haute qualit\u00e9, \u00e0 la finition soign\u00e9e, avec un compartiment principal pour t\u00e9l\u00e9phone portable avec un \u00e9lastique lat\u00e9ral. Le t\u00e9l\u00e9phone portable est ins\u00e9r\u00e9 par le haut dans le compartiment et ferm\u00e9 par un bouton-pression magn\u00e9tique. Convient pour tous les t\u00e9l\u00e9phones portables courants. Dimensions : largeur jusqu\u2019\u00e0 8,5 cm x hauteur jusqu\u2019\u00e0 18 cm x profondeur jusqu\u2019\u00e0 2 cm. Le c\u00f4t\u00e9 avant de l&rsquo;\u00e9tui est dot\u00e9 d&rsquo;une fen\u00eatre transparente pour les cartes d&rsquo;identit\u00e9 ; il y a en dessous un c\u00f4t\u00e9 rabattable dot\u00e9 d&rsquo;un bouton magn\u00e9tique avec 12 compartiments pour cartes de cr\u00e9dit, pouvant contenir au moins 24 cartes de cr\u00e9dit. La fermeture magn\u00e9tique invisible int\u00e9gr\u00e9e dans le cuir permet de fixer le rabat et maintient l&rsquo;\u00e9tui en cuir \u00e0 cartes de cr\u00e9dit ferm\u00e9. Une poche zipp\u00e9e pour des notes ou d&rsquo;autres cartes se trouve sur le c\u00f4t\u00e9 de l&rsquo;\u00e9tui. Un porte-badge \/ une encoche, o\u00f9 le badge est ins\u00e9r\u00e9 dans le support par le haut, figure \u00e0 l&rsquo;arri\u00e8re. Cet \u00e9tui est fourni avec une fermeture \u00e0 mousqueton et un cordon r\u00e9glable en longueur. Le cordon peut \u00eatre retir\u00e9 au moyen d&rsquo;un mousqueton, ce qui permet de ranger cet \u00e9tui dans une poche, sous un format pratique.&nbsp;&nbsp;<\/p>\n<p class=\"p1\"><b>Informations sur le produit :&nbsp;<\/b><\/p>\n<ul class=\"ul1\">\n<li class=\"li1\">\u00c9tui format vertical avec cordon \/ fermeture \u00e0 mousqueton<\/li>\n<li class=\"li1\">Cordon : la longueur peut \u00eatre r\u00e9gl\u00e9e.<\/li>\n<li class=\"li1\">Dimensions de l&rsquo;\u00e9tui : hauteur 16 cm \/ largeur 8,5 cm \/ profondeur 3,0 cm&nbsp;&nbsp;<\/li>\n<li class=\"li1\">Dimensions : Fen\u00eatre pour document d\u2019identit\u00e9&nbsp;: Largeur 8,5 cm \/ hauteur 10 cm<\/li>\n<li class=\"li1\">Mat\u00e9riau : cuir de vache de haute qualit\u00e9<\/li>\n<li class=\"li1\">Int\u00e9rieur : deux c\u00f4t\u00e9s avec 12 fentes pour cartes de cr\u00e9dit pour au moins 24 cartes de cr\u00e9dit<\/li>\n<li class=\"li1\">Compartiment lat\u00e9ral avec fermeture \u00e9clair de 9,5 cm x 8,0 cm<\/li>\n<li class=\"li1\">Poche pour glisser un t\u00e9l\u00e9phone portable avec fermeture magn\u00e9tique&nbsp;<\/li>\n<li class=\"li1\">Dimensions de la poche pour t\u00e9l\u00e9phone portable : largeur jusqu\u2019\u00e0 8,5 cm x hauteur jusqu\u2019\u00e0 18 cm x profondeur jusqu\u2019\u00e0 2 cm<\/li>\n<li class=\"li1\">Poids : 120 g&nbsp;<\/li>\n<li class=\"li1\">Couleur : noir<\/li>\n<\/ul>\n","protected":false},"excerpt":{"rendered":"<p class=\"p1\">\u00c9tui en cuir de vachette noir de haute qualit\u00e9, \u00e0 la finition soign\u00e9e, avec un compartiment principal pour t\u00e9l\u00e9phone portable avec un \u00e9lastique lat\u00e9ral. Le t\u00e9l\u00e9phone portable est ins\u00e9r\u00e9 par le haut dans le compartiment et ferm\u00e9 par un bouton-pression magn\u00e9tique. Convient pour tous les t\u00e9l\u00e9phones portables courants. Dimensions : largeur jusqu\u2019\u00e0 8,5 cm x hauteur jusqu\u2019\u00e0 18 cm x profondeur jusqu\u2019\u00e0 2 cm. Le c\u00f4t\u00e9 avant de l&rsquo;\u00e9tui est dot\u00e9 d&rsquo;une fen\u00eatre transparente pour les cartes d&rsquo;identit\u00e9 ; il y a en dessous un c\u00f4t\u00e9 rabattable dot\u00e9 d&rsquo;un bouton magn\u00e9tique avec 12 compartiments pour cartes de cr\u00e9dit, pouvant contenir au moins 24 cartes de cr\u00e9dit.<\/p>\n","protected":false},"featured_media":135155,"comment_status":"open","ping_status":"closed","template":"","meta":{"inline_featured_image":false},"product_brand":[],"product_cat":[1047],"product_tag":[],"class_list":{"0":"post-135151","1":"product","2":"type-product","3":"status-publish","4":"has-post-thumbnail","6":"product_cat-garde-suisse","8":"first","9":"instock","10":"taxable","11":"shipping-taxable","12":"purchasable","13":"product-type-simple"},"_links":{"self":[{"href":"https:\/\/metal-badge.ch\/fr\/wp-json\/wp\/v2\/product\/135151","targetHints":{"allow":["GET"]}}],"collection":[{"href":"https:\/\/metal-badge.ch\/fr\/wp-json\/wp\/v2\/product"}],"about":[{"href":"https:\/\/metal-badge.ch\/fr\/wp-json\/wp\/v2\/types\/product"}],"replies":[{"embeddable":true,"href":"https:\/\/metal-badge.ch\/fr\/wp-json\/wp\/v2\/comments?post=135151"}],"wp:featuredmedia":[{"embeddable":true,"href":"https:\/\/metal-badge.ch\/fr\/wp-json\/wp\/v2\/media\/135155"}],"wp:attachment":[{"href":"https:\/\/metal-badge.ch\/fr\/wp-json\/wp\/v2\/media?parent=135151"}],"wp:term":[{"taxonomy":"product_brand","embeddable":true,"href":"https:\/\/metal-badge.ch\/fr\/wp-json\/wp\/v2\/product_brand?post=135151"},{"taxonomy":"product_cat","embeddable":true,"href":"https:\/\/metal-badge.ch\/fr\/wp-json\/wp\/v2\/product_cat?post=135151"},{"taxonomy":"product_tag","embeddable":true,"href":"https:\/\/metal-badge.ch\/fr\/wp-json\/wp\/v2\/product_tag?post=135151"}],"curies":[{"name":"wp","href":"https:\/\/api.w.org\/{rel}","templated":true}]}}