{"id":134340,"date":"2023-11-14T02:11:45","date_gmt":"2023-11-14T01:11:45","guid":{"rendered":"https:\/\/metal-badge.ch\/product\/134340\/poteau-de-balisage-flexible-75-cm-avec-ou-sans-chaine-dans-differentes-couleurs\/"},"modified":"2023-11-22T04:03:55","modified_gmt":"2023-11-22T03:03:55","slug":"poteau-de-balisage-flexible-75-cm-avec-ou-sans-chaine-dans-differentes-couleurs","status":"publish","type":"product","link":"https:\/\/metal-badge.ch\/fr\/product\/134340\/poteau-de-balisage-flexible-75-cm-avec-ou-sans-chaine-dans-differentes-couleurs\/","title":{"rendered":"Poteau de balisage flexible 75 cm avec ou sans cha\u00eene, dans diff\u00e9rentes couleurs"},"content":{"rendered":"<p>Le poteau de balisage flexible et \u00e9lastique en plastique, a un diam\u00e8tre de 80 mm et se redresse automatiquement une fois franchi. Il est id\u00e9al pour les entr\u00e9es et les sorties, les parkings, les s\u00e9parateurs de voies et les acc\u00e8s \u00e9troits, et est disponible en plusieurs couleurs. Sa souplesse garantit qu&rsquo;il n&rsquo;endommagera pas les v\u00e9hicules.<\/p>\n<p>Ce poteau flexible est extr\u00eamement robuste, c&rsquo;est pourquoi il peut \u00eatre travers\u00e9 par des camions de 40 tonnes sans \u00eatre endommag\u00e9. Les contr\u00f4les de qualit\u00e9 montrent que ce poteau flexible en plastique se redresse toujours tout seul, m\u00eame apr\u00e8s avoir \u00e9t\u00e9 travers\u00e9 2000 fois.&nbsp;Gr\u00e2ce aux bandes r\u00e9fl\u00e9chissantes, le poteau flexible est \u00e9galement bien visible la nuit. Le poteau flexible en plastique peut \u00eatre viss\u00e9 au sol. Le socle est pourvu de trois trous pr\u00e9perc\u00e9s \u00e0 cet effet.<span class=\"Apple-converted-space\">&nbsp;<\/span><\/p>\n<p>Les bornes sont disponibles avec ou sans cha\u00eene de d\u00e9limitation. La cha\u00eene de d\u00e9limitation est disponible en rouge \/ blanc ou en noir \/ jaune.<span class=\"Apple-converted-space\">&nbsp;<\/span><\/p>\n<p><b>Informations sur le produit :<\/b><\/p>\n<p>D\u00e9signation : Poteau de balisage flexible 75 cm<span class=\"Apple-converted-space\">&nbsp;<\/span><\/p>\n<p>Peut \u00eatre accroch\u00e9 ou \u00e9cras\u00e9 sans danger<br \/>\nLes dommages aux v\u00e9hicules sont consid\u00e9rablement r\u00e9duits<br \/>\nLes frais de remise en \u00e9tat des poteaux sont minimes ou inexistants<br \/>\nEx\u00e9cution robuste en mati\u00e8re plastique r\u00e9sistante aux intemp\u00e9ries et tr\u00e8s r\u00e9sistant<br \/>\nEffet de signalisation gr\u00e2ce \u00e0 3 films r\u00e9fl\u00e9chissants<span class=\"Apple-converted-space\">&nbsp; <\/span><br \/>\nBasculant \u00e0 360\u00ba<br \/>\nSe redresse automatiquement<\/p>\n<p>Mati\u00e8re : plastique TPU<span class=\"Apple-converted-space\">&nbsp;<\/span><\/p>\n<p>Fixation : Vissable avec 3 grandes vis \u00e0 t\u00eate hexagonale<br \/>\nDomaines d&rsquo;application : S\u00e9paration de zones de circulation, zones de stationnement, id\u00e9al pour les d\u00e9limitations et le marquage, rep\u00e8re d&rsquo;approche pour \u00e9viter les dommages aux v\u00e9hicules.<\/p>\n<ul>\n<li>Hauteur : 750 cm<\/li>\n<li>Diam\u00e8tre de la t\u00eate&nbsp;: 80 cm<span class=\"Apple-converted-space\">&nbsp;<\/span><\/li>\n<li>Diam\u00e8tre du sol&nbsp;: 200 cm<\/li>\n<li>Poids : 950 g.<span class=\"Apple-converted-space\">&nbsp;<\/span><\/li>\n<li>Couleurs : orange, rouge, jaune, bleu<span class=\"Apple-converted-space\">&nbsp;<\/span><\/li>\n<\/ul>\n<p><b>Cha\u00eene de d\u00e9limitation dans diff\u00e9rentes longueurs et diff\u00e9rentes couleurs<\/b><\/p>\n<p><b>Prix : Cha\u00eene suppl\u00e9mentaire<\/b> Longueur&nbsp;: 250 cm \/ 500 cm \/ 700 cm \/ 1000 cm<span class=\"Apple-converted-space\">&nbsp;<\/span><\/p>\n<p>Couleur cha\u00eene : rouge \/ blanc ou noir \/ jaune<span class=\"Apple-converted-space\">&nbsp;<\/span><\/p>\n<p>Couleurs poteaux : au choix : orange, rouge, jaune, bleu<span class=\"Apple-converted-space\">&nbsp;<\/span><\/p>\n<p>&nbsp;<\/p>\n","protected":false},"excerpt":{"rendered":"<p>Le poteau de balisage flexible et \u00e9lastique en plastique, a un diam\u00e8tre de 80 mm et se redresse automatiquement une fois franchi. Il est id\u00e9al pour les entr\u00e9es et les sorties, les parkings, les s\u00e9parateurs de voies et les acc\u00e8s \u00e9troits, et est disponible en plusieurs couleurs. Sa souplesse garantit qu&rsquo;il n&rsquo;endommagera pas les v\u00e9hicules.<\/p>\n","protected":false},"featured_media":134222,"comment_status":"closed","ping_status":"closed","template":"","meta":{"inline_featured_image":false},"product_brand":[],"product_cat":[1459,887,1726],"product_tag":[1793],"class_list":{"0":"post-134340","1":"product","2":"type-product","3":"status-publish","4":"has-post-thumbnail","6":"product_cat-barrieres","7":"product_cat-accessoires","8":"product_cat-coni-stradali-piloni-segnaletica","9":"product_tag-vehicule-route","11":"first","12":"instock","13":"taxable","14":"shipping-taxable","15":"purchasable","16":"product-type-simple"},"_links":{"self":[{"href":"https:\/\/metal-badge.ch\/fr\/wp-json\/wp\/v2\/product\/134340","targetHints":{"allow":["GET"]}}],"collection":[{"href":"https:\/\/metal-badge.ch\/fr\/wp-json\/wp\/v2\/product"}],"about":[{"href":"https:\/\/metal-badge.ch\/fr\/wp-json\/wp\/v2\/types\/product"}],"replies":[{"embeddable":true,"href":"https:\/\/metal-badge.ch\/fr\/wp-json\/wp\/v2\/comments?post=134340"}],"wp:featuredmedia":[{"embeddable":true,"href":"https:\/\/metal-badge.ch\/fr\/wp-json\/wp\/v2\/media\/134222"}],"wp:attachment":[{"href":"https:\/\/metal-badge.ch\/fr\/wp-json\/wp\/v2\/media?parent=134340"}],"wp:term":[{"taxonomy":"product_brand","embeddable":true,"href":"https:\/\/metal-badge.ch\/fr\/wp-json\/wp\/v2\/product_brand?post=134340"},{"taxonomy":"product_cat","embeddable":true,"href":"https:\/\/metal-badge.ch\/fr\/wp-json\/wp\/v2\/product_cat?post=134340"},{"taxonomy":"product_tag","embeddable":true,"href":"https:\/\/metal-badge.ch\/fr\/wp-json\/wp\/v2\/product_tag?post=134340"}],"curies":[{"name":"wp","href":"https:\/\/api.w.org\/{rel}","templated":true}]}}