{"id":134193,"date":"2023-11-14T00:50:18","date_gmt":"2023-11-13T23:50:18","guid":{"rendered":"https:\/\/metal-badge.ch\/product\/134193\/barre-telescopique-barre-de-blocage-avec-ou-sans-pylones\/"},"modified":"2024-06-16T16:30:06","modified_gmt":"2024-06-16T14:30:06","slug":"barre-telescopique-barre-de-blocage-avec-ou-sans-pylones","status":"publish","type":"product","link":"https:\/\/metal-badge.ch\/fr\/product\/134193\/barre-telescopique-barre-de-blocage-avec-ou-sans-pylones\/","title":{"rendered":"Barre t\u00e9lescopique \/ barre de blocage avec ou sans pyl\u00f4nes"},"content":{"rendered":"<p><b>Barre t\u00e9lescopique ;<\/b> avec deux anneaux en plastique de 8,5 cm de diam\u00e8tre \u00e0 chaque extr\u00e9mit\u00e9, \u00e0 fixer sur les c\u00f4nes de signalisation pour une d\u00e9limitation rapide de courte dur\u00e9e \u00e0 l&rsquo;int\u00e9rieur et \u00e0 l&rsquo;ext\u00e9rieur ainsi que pour les \u00e9v\u00e9nements sportifs et de jeu. La barre de blocage pour c\u00f4nes de signalisation mesure 180 cm ferm\u00e9e et peut s&rsquo;\u00e9tendre jusqu&rsquo;\u00e0 270 cm. La barre t\u00e9lescopique est disponible avec ou sans pyl\u00f4nes. La barre t\u00e9lescopique en plastique permet non seulement de d\u00e9limiter les places de stationnement, les zones dangereuses, les passages pi\u00e9tons et les chantiers, mais elle est aussi appropri\u00e9e pour le sport, les jeux, les parcours canins et les entra\u00eenements. Elle est disponible dans deux combinaisons de bien visibles : noir \/ jaune et rouge \/ blanc. <span class=\"Apple-converted-space\">&nbsp;<\/span><\/p>\n<p><b>C\u00f4nes de signalisation ; pyl\u00f4nes \/ c\u00f4nes de signalisation CC-A45<\/b><\/p>\n<p>C\u00f4nes de signalisation pour s\u00e9curiser des zones d&rsquo;accident et de danger rapidement et \u00e0 court terme. Disponibles avec ou sans tige t\u00e9lescopique. La lampe de signalisation rouge peut \u00eatre facilement fix\u00e9e sur le dessus. Ces pyl\u00f4nes orange avec une bande r\u00e9fl\u00e9chissante sur tout le pourtour sont bien visibles, m\u00eame dans l&rsquo;obscurit\u00e9.<span class=\"Apple-converted-space\">&nbsp;<\/span><\/p>\n<ul>\n<li>Poids : 1090 g<\/li>\n<li>Dimensions : hauteur 45 cm \/ socle 28 cm x 28 cm<\/li>\n<li>Bandes r\u00e9fl\u00e9chissantes&nbsp;: Hauteur 10 cm<\/li>\n<li>Lampe&nbsp;: Lumi\u00e8re rouge, lumi\u00e8re stroboscopique<\/li>\n<li>Piles de la lampe&nbsp;: 2 piles AAA de 1,5 V<\/li>\n<li>Couleur du c\u00f4ne de signalisation Orange<\/li>\n<li>Mati\u00e8re : plastique PVC<\/li>\n<li>Empilable<\/li>\n<li>La lampe \u00e0 poser est comprise.<\/li>\n<li>Sans piles<\/li>\n<\/ul>\n<p><b>Informations sur le produit :<\/b><\/p>\n<ul>\n<li>D\u00e9signation : Barre t\u00e9lescopique<\/li>\n<li>Effet de signalisation \u00e9lev\u00e9<\/li>\n<li>Tr\u00e8s maniable<span class=\"Apple-converted-space\">&nbsp;<\/span><\/li>\n<li>Blocage rapide et s\u00fbr en un minimum de temps<\/li>\n<li>Mati\u00e8re : Barre t\u00e9lescopique en plastique<\/li>\n<li>Longueur ferm\u00e9e&nbsp;: 180 cm<\/li>\n<li>Longueur \u00e9tendue totalement&nbsp;: 270 cm<span class=\"Apple-converted-space\">&nbsp;<\/span><\/li>\n<li>Diam\u00e8tre : 4,5 cm<\/li>\n<li>Poids : 520 g<span class=\"Apple-converted-space\">&nbsp;<\/span><\/li>\n<li>Couleurs : noir \/ jaune<\/li>\n<\/ul>\n","protected":false},"excerpt":{"rendered":"<p><b>Barre t\u00e9lescopique ;<\/b> avec deux anneaux en plastique de 8,5 cm de diam\u00e8tre \u00e0 chaque extr\u00e9mit\u00e9, \u00e0 fixer sur les c\u00f4nes de signalisation pour une d\u00e9limitation rapide de courte dur\u00e9e \u00e0 l&rsquo;int\u00e9rieur et \u00e0 l&rsquo;ext\u00e9rieur ainsi que pour les \u00e9v\u00e9nements sportifs et de jeu. La barre de blocage pour c\u00f4nes de signalisation mesure 180 cm ferm\u00e9e et peut s&rsquo;\u00e9tendre jusqu&rsquo;\u00e0 270 cm. La barre t\u00e9lescopique est disponible avec ou sans pyl\u00f4nes. La barre t\u00e9lescopique en plastique permet non seulement de d\u00e9limiter les places de stationnement, les zones dangereuses, les passages pi\u00e9tons et les chantiers, mais elle est aussi appropri\u00e9e pour le sport, les jeux, les parcours canins et les entra\u00eenements. Elle est disponible dans deux combinaisons de bien visibles : noir \/ jaune et rouge \/ blanc. <span class=\"Apple-converted-space\">&nbsp;<\/span><\/p>\n","protected":false},"featured_media":134174,"comment_status":"closed","ping_status":"closed","template":"","meta":{"inline_featured_image":false},"product_brand":[],"product_cat":[1459,1726],"product_tag":[1781,1793],"class_list":{"0":"post-134193","1":"product","2":"type-product","3":"status-publish","4":"has-post-thumbnail","6":"product_cat-barrieres","7":"product_cat-coni-stradali-piloni-segnaletica","8":"product_tag-police-securite","9":"product_tag-vehicule-route","10":"product_shipping_class-objets-encombrants","12":"first","13":"instock","14":"taxable","15":"shipping-taxable","16":"purchasable","17":"product-type-simple"},"_links":{"self":[{"href":"https:\/\/metal-badge.ch\/fr\/wp-json\/wp\/v2\/product\/134193","targetHints":{"allow":["GET"]}}],"collection":[{"href":"https:\/\/metal-badge.ch\/fr\/wp-json\/wp\/v2\/product"}],"about":[{"href":"https:\/\/metal-badge.ch\/fr\/wp-json\/wp\/v2\/types\/product"}],"replies":[{"embeddable":true,"href":"https:\/\/metal-badge.ch\/fr\/wp-json\/wp\/v2\/comments?post=134193"}],"wp:featuredmedia":[{"embeddable":true,"href":"https:\/\/metal-badge.ch\/fr\/wp-json\/wp\/v2\/media\/134174"}],"wp:attachment":[{"href":"https:\/\/metal-badge.ch\/fr\/wp-json\/wp\/v2\/media?parent=134193"}],"wp:term":[{"taxonomy":"product_brand","embeddable":true,"href":"https:\/\/metal-badge.ch\/fr\/wp-json\/wp\/v2\/product_brand?post=134193"},{"taxonomy":"product_cat","embeddable":true,"href":"https:\/\/metal-badge.ch\/fr\/wp-json\/wp\/v2\/product_cat?post=134193"},{"taxonomy":"product_tag","embeddable":true,"href":"https:\/\/metal-badge.ch\/fr\/wp-json\/wp\/v2\/product_tag?post=134193"}],"curies":[{"name":"wp","href":"https:\/\/api.w.org\/{rel}","templated":true}]}}