{"id":134125,"date":"2023-11-09T17:39:09","date_gmt":"2023-11-09T16:39:09","guid":{"rendered":"https:\/\/metal-badge.ch\/?post_type=product&#038;p=134125"},"modified":"2023-11-10T02:27:36","modified_gmt":"2023-11-10T01:27:36","slug":"patch-ipa-noir-avec-repasser","status":"publish","type":"product","link":"https:\/\/metal-badge.ch\/fr\/product\/134125\/patch-ipa-noir-avec-repasser\/","title":{"rendered":"Patch IPA noir avec repasser"},"content":{"rendered":"<ul>\n<li>Patch avec dos en velcro \u00e0 impression num\u00e9rique avec le logo IPA sur fond noir.<\/li>\n<li>Adapt\u00e9 \u00e0 tous les textiles. Diam\u00e8tre : 65 cm<\/li>\n<li>Couleur : noir avec bord jaune<\/li>\n<li>Logo en bleu dor\u00e9<\/li>\n<li>pour repasser<span class=\"Apple-converted-space\">&nbsp;<\/span><\/li>\n<li>se fixe et s&rsquo;\u00f4te facilement<\/li>\n<\/ul>\n","protected":false},"excerpt":{"rendered":"<ul>\n<li>Patch avec dos en velcro \u00e0 impression num\u00e9rique avec le logo IPA sur fond noir.<\/li>\n<li>Adapt\u00e9 \u00e0 tous les textiles. Diam\u00e8tre : 65 cm<\/li>\n<li>Couleur : noir avec bord jaune<\/li>\n<li>Logo en bleu dor\u00e9<\/li>\n<li>pour repasser<span class=\"Apple-converted-space\">&nbsp;<\/span><\/li>\n<li>se fixe et s&rsquo;\u00f4te facilement<\/li>\n<\/ul>\n","protected":false},"featured_media":134129,"comment_status":"closed","ping_status":"closed","template":"","meta":{"inline_featured_image":false},"product_brand":[],"product_cat":[963,887,1536],"product_tag":[],"class_list":{"0":"post-134125","1":"product","2":"type-product","3":"status-publish","4":"has-post-thumbnail","6":"product_cat-patchs-autocollants","7":"product_cat-accessoires","8":"product_cat-ipa-gadgets-fr","10":"first","11":"instock","12":"taxable","13":"shipping-taxable","14":"purchasable","15":"product-type-simple"},"_links":{"self":[{"href":"https:\/\/metal-badge.ch\/fr\/wp-json\/wp\/v2\/product\/134125","targetHints":{"allow":["GET"]}}],"collection":[{"href":"https:\/\/metal-badge.ch\/fr\/wp-json\/wp\/v2\/product"}],"about":[{"href":"https:\/\/metal-badge.ch\/fr\/wp-json\/wp\/v2\/types\/product"}],"replies":[{"embeddable":true,"href":"https:\/\/metal-badge.ch\/fr\/wp-json\/wp\/v2\/comments?post=134125"}],"wp:featuredmedia":[{"embeddable":true,"href":"https:\/\/metal-badge.ch\/fr\/wp-json\/wp\/v2\/media\/134129"}],"wp:attachment":[{"href":"https:\/\/metal-badge.ch\/fr\/wp-json\/wp\/v2\/media?parent=134125"}],"wp:term":[{"taxonomy":"product_brand","embeddable":true,"href":"https:\/\/metal-badge.ch\/fr\/wp-json\/wp\/v2\/product_brand?post=134125"},{"taxonomy":"product_cat","embeddable":true,"href":"https:\/\/metal-badge.ch\/fr\/wp-json\/wp\/v2\/product_cat?post=134125"},{"taxonomy":"product_tag","embeddable":true,"href":"https:\/\/metal-badge.ch\/fr\/wp-json\/wp\/v2\/product_tag?post=134125"}],"curies":[{"name":"wp","href":"https:\/\/api.w.org\/{rel}","templated":true}]}}