{"id":134032,"date":"2023-11-07T02:20:35","date_gmt":"2023-11-07T01:20:35","guid":{"rendered":"https:\/\/metal-badge.ch\/product\/134032\/uniforme-dintervention-tactique-veste-avec-pantalon-uniforme-de-patrouille-kaki\/"},"modified":"2025-05-28T19:54:21","modified_gmt":"2025-05-28T17:54:21","slug":"uniforme-dintervention-tactique-veste-avec-pantalon-uniforme-de-patrouille-kaki","status":"publish","type":"product","link":"https:\/\/metal-badge.ch\/fr\/product\/134032\/uniforme-dintervention-tactique-veste-avec-pantalon-uniforme-de-patrouille-kaki\/","title":{"rendered":"Uniforme d&rsquo;intervention tactique, veste avec pantalon \/ uniforme de patrouille &#8211; Kaki"},"content":{"rendered":"<p class=\"p1\"><strong>Veste d&rsquo;intervention<\/strong> : Cette veste et ce pantalon l\u00e9gers ont \u00e9t\u00e9 con\u00e7us de A \u00e0 Z pour offrir un confort et une durabilit\u00e9 exceptionnels. Fabriqu\u00e9 en tissu serg\u00e9 fin, polyester et coton, avec un col montant repliable de 6 cm. Le haut du dos est \u00e9quip\u00e9 d&rsquo;un syst\u00e8me d&rsquo;a\u00e9ration en maille respirante. Deux \u00e9paulettes pour les insignes de grade ainsi que deux poches de poitrine \u00e0 fermeture \u00e0 bouton-pression et un compartiment lat\u00e9ral \u00e0 fermeture \u00e9clair sur la poche de poitrine sont \u00e9galement disponibles, de m\u00eame que trois velcros plac\u00e9s sur la poche de poitrine. Cette veste de travail robuste est munie d&rsquo;une fermeture \u00e9clair sur toute la longueur \u00e0 l&rsquo;avant et d&rsquo;un \u00e9lastique de r\u00e9glage au niveau des hanches. Les deux manches de la veste d&rsquo;uniforme sont munies chacune d&rsquo;une poche \u00e0 fermeture \u00e9clair, d&rsquo;un velcro et de quatre compartiments \u00e0 stylos. Cette veste de travail fonctionnelle a une coupe unique et offre une libert\u00e9 de mouvement maximale.<span class=\"Apple-converted-space\">&nbsp; &nbsp;<\/span><\/p>\n<p class=\"p1\"><b>Pantalon d&rsquo;intervention : <\/b>Le pantalon de travail avec de nombreux atouts suppl\u00e9mentaires : deux poches arri\u00e8re avec fermeture velcro, une grande poche sur la jambe \u00e0 droite et une grande poche sur la jambe \u00e0 gauche avec fermeture velcro, deux grandes poches \u00e0 l&rsquo;avant et deux petites poches \u00e0 l&rsquo;avant. De plus, ce pantalon d&rsquo;intervention dispose d&rsquo;une \u00e9tonnante libert\u00e9 de mouvement. Il est \u00e9quip\u00e9 d&rsquo;un porte-cl\u00e9s et de larges passants de ceinture.<\/p>\n<p class=\"p1\"><b>Informations sur le produit :<\/b><\/p>\n<ul>\n<li class=\"p1\">D\u00e9signation : Uniforme de patrouille tactique 728 \/ Uniforme d&rsquo;intervention, veste et pantalon de travail<\/li>\n<li class=\"p1\">Uniforme d&rsquo;intervention l\u00e9ger ; veste et pantalon \u00e0 libert\u00e9 de mouvement maximale<\/li>\n<li class=\"p1\">Mati\u00e8re : Tissu serg\u00e9 65 % polyester \/ 35 % coton<\/li>\n<li class=\"p1\">Col montant rabattu de 6 cm<\/li>\n<li class=\"p1\">Extr\u00e9mit\u00e9s des manches r\u00e9glables par boutons-pression<\/li>\n<li class=\"p1\">Coupe ergonomique pour un confort maximal<\/li>\n<li class=\"p1\">Lavable : lavable en machine \u00e0 40 degr\u00e9s<\/li>\n<li class=\"p1\">Fermeture \u00e9clair sur tout l&rsquo;avant<\/li>\n<li class=\"p1\">2 velcros pour manches \u00e0 droite et \u00e0 gauche, dimensions : 8,0 cm x 7,0 cm<\/li>\n<li class=\"p1\">2 poches \u00e0 fermeture \u00e9clair sur les manches \u00e0 droite et \u00e0 gauche, dimensions : largeur 10 cm x hauteur 13 cm<\/li>\n<li class=\"p1\">4 poches appliqu\u00e9es sur la manche pour accessoires d&rsquo;\u00e9criture \u00e0 droite et \u00e0 gauche&nbsp;<\/li>\n<li class=\"p1\">1 poche poitrine avec fermeture \u00e0 bouton pression de 13 cm de large pour 15 cm de haut<\/li>\n<li class=\"p1\">1 poche lat\u00e9rale zipp\u00e9e sur la poitrine \u00e0 droite 13 cm x 13 cm<\/li>\n<li class=\"p1\">Fixation velcro appos\u00e9e sur la poche de poitrine gauche, de 10 cm de large pour 6,0 cm de haut<\/li>\n<li class=\"p1\">2 fixations pour velcro \u00e0 gauche et \u00e0 droite pour le nom, etc., 11 cm x 2 cm<\/li>\n<li class=\"p1\">Dos avec syst\u00e8me d&rsquo;a\u00e9ration en maille respirante<\/li>\n<li class=\"p1\">\u00c9paulettes avec bouton-pression pour l&rsquo;insigne du grade<\/li>\n<li class=\"p1\">Poids : 170 g\/m &nbsp;<\/li>\n<li class=\"p1\">Couleur : kaki<\/li>\n<li class=\"p1\">Taille : S, M, L, XL, 2XL<\/li>\n<li class=\"p1\">Prix : Uniforme d\u2019intervention veste et pantalon<\/li>\n<\/ul>\n","protected":false},"excerpt":{"rendered":"<p><strong>Veste d&rsquo;intervention<\/strong> : Cette veste et ce pantalon l\u00e9gers ont \u00e9t\u00e9 con\u00e7us de A \u00e0 Z pour offrir un confort et une durabilit\u00e9 exceptionnels. Fabriqu\u00e9 en tissu serg\u00e9 fin, polyester et coton, avec un col montant repliable de 6 cm. Le haut du dos est \u00e9quip\u00e9 d&rsquo;un syst\u00e8me d&rsquo;a\u00e9ration en maille respirante.<\/p>\n<p><b>Pantalon d&rsquo;intervention : <\/b>Le pantalon de travail avec de nombreux atouts suppl\u00e9mentaires : deux poches arri\u00e8re avec fermeture velcro, une grande poche sur la jambe \u00e0 droite et une grande poche sur la jambe \u00e0 gauche avec fermeture velcro, deux grandes poches \u00e0 l&rsquo;avant et deux petites poches \u00e0 l&rsquo;avant. De plus, ce pantalon d&rsquo;intervention dispose d&rsquo;une \u00e9tonnante libert\u00e9 de mouvement. Il est \u00e9quip\u00e9 d&rsquo;un porte-cl\u00e9s et de larges passants de ceinture.<\/p>\n","protected":false},"featured_media":142904,"comment_status":"closed","ping_status":"closed","template":"","meta":{"inline_featured_image":false},"product_brand":[],"product_cat":[1634],"product_tag":[],"class_list":{"0":"post-134032","1":"product","2":"type-product","3":"status-publish","4":"has-post-thumbnail","6":"product_cat-vestes-and-vetements-tactiques-couleurs-de-camouflage","8":"first","9":"instock","10":"taxable","11":"shipping-taxable","12":"purchasable","13":"product-type-simple"},"_links":{"self":[{"href":"https:\/\/metal-badge.ch\/fr\/wp-json\/wp\/v2\/product\/134032","targetHints":{"allow":["GET"]}}],"collection":[{"href":"https:\/\/metal-badge.ch\/fr\/wp-json\/wp\/v2\/product"}],"about":[{"href":"https:\/\/metal-badge.ch\/fr\/wp-json\/wp\/v2\/types\/product"}],"replies":[{"embeddable":true,"href":"https:\/\/metal-badge.ch\/fr\/wp-json\/wp\/v2\/comments?post=134032"}],"wp:featuredmedia":[{"embeddable":true,"href":"https:\/\/metal-badge.ch\/fr\/wp-json\/wp\/v2\/media\/142904"}],"wp:attachment":[{"href":"https:\/\/metal-badge.ch\/fr\/wp-json\/wp\/v2\/media?parent=134032"}],"wp:term":[{"taxonomy":"product_brand","embeddable":true,"href":"https:\/\/metal-badge.ch\/fr\/wp-json\/wp\/v2\/product_brand?post=134032"},{"taxonomy":"product_cat","embeddable":true,"href":"https:\/\/metal-badge.ch\/fr\/wp-json\/wp\/v2\/product_cat?post=134032"},{"taxonomy":"product_tag","embeddable":true,"href":"https:\/\/metal-badge.ch\/fr\/wp-json\/wp\/v2\/product_tag?post=134032"}],"curies":[{"name":"wp","href":"https:\/\/api.w.org\/{rel}","templated":true}]}}