{"id":133940,"date":"2023-11-07T01:14:23","date_gmt":"2023-11-07T00:14:23","guid":{"rendered":"https:\/\/metal-badge.ch\/product\/133940\/poche-pour-telephone-portable-ou-portefeuille-avec-fermeture-velcro\/"},"modified":"2023-11-07T01:14:23","modified_gmt":"2023-11-07T00:14:23","slug":"poche-pour-telephone-portable-ou-portefeuille-avec-fermeture-velcro","status":"publish","type":"product","link":"https:\/\/metal-badge.ch\/fr\/product\/133940\/poche-pour-telephone-portable-ou-portefeuille-avec-fermeture-velcro\/","title":{"rendered":"Poche pour t\u00e9l\u00e9phone portable ou portefeuille avec fermeture Velcro"},"content":{"rendered":"<p class=\"p1\">Poche pour ceinture avec fermeture Velcro. Pour Vos objets de tous les jours tels que portefeuille, t\u00e9l\u00e9phone portable, etc. la poche avec un passant avec hauteur 7cm et largeur 5cm.<\/p>\n<p class=\"p1\"><b>Informations sur le produit: <\/b><\/p>\n<ul>\n<li class=\"p1\">D\u00e9signation: poche pour ceinture pour objects personnels<\/li>\n<li class=\"p1\">Couleur: noir<\/li>\n<li class=\"p1\">Avec fermeture Velcro et couvercle rabattable<\/li>\n<li class=\"p1\">Passant avec hauteur 7cm et largeur 5cm<\/li>\n<li class=\"p1\">Poids: 54 gr.<\/li>\n<li class=\"p1\">Mat\u00e9riel: nylon et int\u00e9rieur n\u00e9opr\u00e8ne l\u00e9g\u00e8rement \u00e9lastique<\/li>\n<li class=\"p1\">Dimensions: hauteur 12cm x 11cm largeur x 3.5 cm<\/li>\n<\/ul>\n","protected":false},"excerpt":{"rendered":"<p>Poche pour ceinture avec fermeture Velcro. Pour Vos objets de tous les jours tels que portefeuille, t\u00e9l\u00e9phone portable, etc. la poche avec un passant avec hauteur 7cm et largeur 5cm.<\/p>\n","protected":false},"featured_media":133921,"comment_status":"closed","ping_status":"closed","template":"","meta":{"inline_featured_image":false},"product_brand":[],"product_cat":[1463,1479,1059,2291],"product_tag":[1781],"class_list":{"0":"post-133940","1":"product","2":"type-product","3":"status-publish","4":"has-post-thumbnail","6":"product_cat-menottes-bracelets-de-cheville-zak-tool","7":"product_cat-etuis-de-revolver","8":"product_cat-sacs","9":"product_cat-sacs-modulaires","10":"product_tag-police-securite","12":"first","13":"instock","14":"taxable","15":"shipping-taxable","16":"purchasable","17":"product-type-simple"},"_links":{"self":[{"href":"https:\/\/metal-badge.ch\/fr\/wp-json\/wp\/v2\/product\/133940","targetHints":{"allow":["GET"]}}],"collection":[{"href":"https:\/\/metal-badge.ch\/fr\/wp-json\/wp\/v2\/product"}],"about":[{"href":"https:\/\/metal-badge.ch\/fr\/wp-json\/wp\/v2\/types\/product"}],"replies":[{"embeddable":true,"href":"https:\/\/metal-badge.ch\/fr\/wp-json\/wp\/v2\/comments?post=133940"}],"wp:featuredmedia":[{"embeddable":true,"href":"https:\/\/metal-badge.ch\/fr\/wp-json\/wp\/v2\/media\/133921"}],"wp:attachment":[{"href":"https:\/\/metal-badge.ch\/fr\/wp-json\/wp\/v2\/media?parent=133940"}],"wp:term":[{"taxonomy":"product_brand","embeddable":true,"href":"https:\/\/metal-badge.ch\/fr\/wp-json\/wp\/v2\/product_brand?post=133940"},{"taxonomy":"product_cat","embeddable":true,"href":"https:\/\/metal-badge.ch\/fr\/wp-json\/wp\/v2\/product_cat?post=133940"},{"taxonomy":"product_tag","embeddable":true,"href":"https:\/\/metal-badge.ch\/fr\/wp-json\/wp\/v2\/product_tag?post=133940"}],"curies":[{"name":"wp","href":"https:\/\/api.w.org\/{rel}","templated":true}]}}