{"id":133848,"date":"2023-11-06T20:50:26","date_gmt":"2023-11-06T19:50:26","guid":{"rendered":"https:\/\/metal-badge.ch\/?post_type=product&#038;p=133848"},"modified":"2023-11-06T20:50:26","modified_gmt":"2023-11-06T19:50:26","slug":"pochette-poitrine-multifonctions-sac-radio","status":"publish","type":"product","link":"https:\/\/metal-badge.ch\/fr\/product\/133848\/pochette-poitrine-multifonctions-sac-radio\/","title":{"rendered":"Pochette poitrine multifonctions, sac radio"},"content":{"rendered":"<p class=\"p1\">Ce sac pour radio et t\u00e9l\u00e9phone portable est \u00e9quip\u00e9 de bandes r\u00e9fl\u00e9chissantes \u00e0 l&rsquo;arri\u00e8re et de bandes jaune vif \u00e0 l&rsquo;avant. Ce sac multifonctionnel l\u00e9ger comportant un grand compartiment \u00e0 fermeture \u00e9clair \u00e0 l&rsquo;int\u00e9rieur et de deux poches pour appareils radio \u00e9lastiques et r\u00e9glables \u00e0 l&rsquo;ext\u00e9rieur, peut \u00eatre port\u00e9e aussi bien par-dessus une veste qu&rsquo;en dessous de celle-ci. De plus, il compte une poche \u00e0 l&rsquo;avant avec fermeture velcro pour y ranger votre portefeuille ou votre t\u00e9l\u00e9phone portable.<\/p>\n<p class=\"p1\">Cette pochette pour poitrine est \u00e9quip\u00e9e d&rsquo;une fermeture rapide par clic et peut \u00eatre r\u00e9gl\u00e9e et ajust\u00e9e lat\u00e9ralement et en hauteur.<\/p>\n<p class=\"p1\">Un grand anneau en D est pr\u00e9vu \u00e0 l&rsquo;avant de la lani\u00e8re pour y attacher un trousseau de cl\u00e9s, etc.<\/p>\n<p class=\"p1\"><b>Informations sur le produit : <\/b><\/p>\n<ul>\n<li class=\"p1\">D\u00e9signation : pochette \/ sac de poitrine<\/li>\n<li class=\"p1\">Couleur : bleu&nbsp;<\/li>\n<li class=\"p1\">Mati\u00e8re : nylon<\/li>\n<li class=\"p1\">Avec bandes r\u00e9fl\u00e9chissantes \u00e0 l&rsquo;arri\u00e8re<\/li>\n<li class=\"p1\">Bandes r\u00e9fl\u00e9chissantes jaunes \u00e0 l&rsquo;avant<\/li>\n<li class=\"p1\">Taille : r\u00e9glable individuellement<\/li>\n<li class=\"p1\">Avec fermeture rapide par clic et \u00e9lastique<\/li>\n<li class=\"p1\">Grand anneau en D pour porte-cl\u00e9s, etc.<\/li>\n<li class=\"p1\">2 poches \u00e9lastiques et r\u00e9glables pour appareils radio<\/li>\n<li class=\"p1\">Dimensions : Poches radio d\u2019une largeur max de 8cm, hauteur et profondeur r\u00e9glables<\/li>\n<li class=\"p1\">1 poche avec fermeture velcro \u00e0 l&rsquo;avant, de 10 cm de large pour 13 cm de haut<\/li>\n<li class=\"p1\">1 poche int\u00e9rieur avec fermeture \u00e9clair de 17 cm de large pour 14 cm de haut<\/li>\n<\/ul>\n","protected":false},"excerpt":{"rendered":"<p>Ce sac pour radio et t\u00e9l\u00e9phone portable est \u00e9quip\u00e9 de bandes r\u00e9fl\u00e9chissantes \u00e0 l&rsquo;arri\u00e8re et de bandes jaune vif \u00e0 l&rsquo;avant. Ce sac multifonctionnel l\u00e9ger comportant un grand compartiment \u00e0 fermeture \u00e9clair \u00e0 l&rsquo;int\u00e9rieur et de deux poches pour appareils radio \u00e9lastiques et r\u00e9glables \u00e0 l&rsquo;ext\u00e9rieur, peut \u00eatre port\u00e9e aussi bien par-dessus une veste qu&rsquo;en dessous de celle-ci. De plus, il compte une poche \u00e0 l&rsquo;avant avec fermeture velcro pour y ranger votre portefeuille ou votre t\u00e9l\u00e9phone portable.<\/p>\n","protected":false},"featured_media":133821,"comment_status":"closed","ping_status":"closed","template":"","meta":{"inline_featured_image":false},"product_brand":[],"product_cat":[1467,2215,1479],"product_tag":[],"class_list":{"0":"post-133848","1":"product","2":"type-product","3":"status-publish","4":"has-post-thumbnail","6":"product_cat-radios-supports","7":"product_cat-vestes_tactiques","8":"product_cat-etuis-de-revolver","10":"first","11":"instock","12":"taxable","13":"shipping-taxable","14":"purchasable","15":"product-type-simple"},"_links":{"self":[{"href":"https:\/\/metal-badge.ch\/fr\/wp-json\/wp\/v2\/product\/133848","targetHints":{"allow":["GET"]}}],"collection":[{"href":"https:\/\/metal-badge.ch\/fr\/wp-json\/wp\/v2\/product"}],"about":[{"href":"https:\/\/metal-badge.ch\/fr\/wp-json\/wp\/v2\/types\/product"}],"replies":[{"embeddable":true,"href":"https:\/\/metal-badge.ch\/fr\/wp-json\/wp\/v2\/comments?post=133848"}],"wp:featuredmedia":[{"embeddable":true,"href":"https:\/\/metal-badge.ch\/fr\/wp-json\/wp\/v2\/media\/133821"}],"wp:attachment":[{"href":"https:\/\/metal-badge.ch\/fr\/wp-json\/wp\/v2\/media?parent=133848"}],"wp:term":[{"taxonomy":"product_brand","embeddable":true,"href":"https:\/\/metal-badge.ch\/fr\/wp-json\/wp\/v2\/product_brand?post=133848"},{"taxonomy":"product_cat","embeddable":true,"href":"https:\/\/metal-badge.ch\/fr\/wp-json\/wp\/v2\/product_cat?post=133848"},{"taxonomy":"product_tag","embeddable":true,"href":"https:\/\/metal-badge.ch\/fr\/wp-json\/wp\/v2\/product_tag?post=133848"}],"curies":[{"name":"wp","href":"https:\/\/api.w.org\/{rel}","templated":true}]}}