{"id":133715,"date":"2023-11-05T02:23:41","date_gmt":"2023-11-05T01:23:41","guid":{"rendered":"https:\/\/metal-badge.ch\/?post_type=product&#038;p=133715"},"modified":"2024-08-02T22:03:47","modified_gmt":"2024-08-02T20:03:47","slug":"gilet-dintervention-tactique-rouge-gris-avec-reflecteurs-et-velcro","status":"publish","type":"product","link":"https:\/\/metal-badge.ch\/fr\/product\/133715\/gilet-dintervention-tactique-rouge-gris-avec-reflecteurs-et-velcro\/","title":{"rendered":"Gilet d\u2019intervention tactique rouge\/gris avec r\u00e9flecteurs et velcro"},"content":{"rendered":"<p>Gilet d\u2019intervention tactique rouge\/gris avec des bandes r\u00e9fl\u00e9chissantes sur tout le pourtour certifi\u00e9es selon la norme EN 471, classe 2, garantissant de bien identifier le porteur m\u00eame en cas de mauvaise visibilit\u00e9 ou dans l\u2019obscurit\u00e9. Fabriqu\u00e9 en filet mesh polyester respirant 425 GSM et tissu nylon Denier 1000 avec rev\u00eatement PU hydrofuge. Le gilet est disponible en plusieurs tailles et peut \u00eatre ferm\u00e9 \u00e0 l\u2019avant par une fermeture \u00e9clair YKK. Le dos du gilet est muni d\u2019un grand velcro, ce qui permet <b>d\u2019enlever ou&nbsp;d\u2019appliquer facilement l\u2019inscription plastifi\u00e9e et r\u00e9fl\u00e9chissante&nbsp;SECURITY \/ POLICE \/ PARAMEDIC \/ FEUERWEHR, etc.<\/b> Les dimensions du panneau \u00e0 l\u2019arri\u00e8re sont de 30&nbsp;cm&nbsp;x&nbsp;10&nbsp;cm.<\/p>\n<p>Au dos se trouve un grand sac aux dimensions&nbsp;: hauteur 25&nbsp;cm&nbsp;x&nbsp;largeur 26&nbsp;cm&nbsp;x&nbsp;profondeur 6&nbsp;cm. Ce sac peut \u00eatre utile pour les gants et autres mat\u00e9riaux. Le sac peut \u00eatre retir\u00e9 gr\u00e2ce au velcro.<span class=\"Apple-converted-space\">&nbsp;<\/span><\/p>\n<p><b>Sur le devant<\/b>, sur la poitrine \u00e0 droite, se trouve un velcro pour l\u2019inscription du nom 12&nbsp;cm&nbsp;x&nbsp;2&nbsp;cm et en dessous une fen\u00eatre d\u2019identification hauteur 7&nbsp;cm&nbsp;x&nbsp;largeur 12&nbsp;cm et \u00e0 gauche un velcro de dimensions 12&nbsp;cm&nbsp;x&nbsp;4&nbsp;cm pour l\u2019application de diff\u00e9rentes inscriptions r\u00e9fl\u00e9chissantes en velcro que nous avons \u00e9galement en stock comme : <b>SECURITY \/ POLICE<\/b>&nbsp;<b>\/ PARAMEDIC \/ FEUERWEHR et bien d\u2019autres.<\/b> Diff\u00e9rentes poches sont pr\u00e9vues dans la partie inf\u00e9rieure du gilet. Une pochette radio universelle qui peut \u00eatre ajust\u00e9e individuellement \u00e0 votre radio \u00e0 l\u2019aide de velcro et de bandes \u00e9lastiques. Poche pour menottes, poche pour lampe de poche ainsi qu\u2019une autre poche pour petit mat\u00e9riel, t\u00e9l\u00e9phone portable et autres objets. De plus, \u00e0 l\u2019avant, deux grands compartiments de rangement pour le pistolet, les gants et d\u2019autres mat\u00e9riels sont facilement accessibles de l\u2019ext\u00e9rieur, des deux c\u00f4t\u00e9s, pour les gauchers et les droitiers, gr\u00e2ce \u00e0 des fermetures \u00e9clair. Les dimensions de ces deux poches \u00e0 droite et \u00e0 gauche sont&nbsp;: hauteur 23&nbsp;cm&nbsp;x&nbsp;largeur 22&nbsp;cm.<\/p>\n<p>Le \u00ab&nbsp;nec plus ultra&nbsp;\u00bb de ce gilet est que toutes les poches peuvent \u00eatre retir\u00e9es gr\u00e2ce au velcro solide. Des bandes r\u00e9fl\u00e9chissantes sont \u00e9galement pr\u00e9vues sous les poches du gilet. Ainsi, ce gilet sert de gilet d\u2019intervention polyvalent avec ou sans poches.<span class=\"Apple-converted-space\">&nbsp;<\/span><\/p>\n<p><b><i>Devant, sur les \u00e9paules<\/i><\/b>, se trouvent des deux c\u00f4t\u00e9s des fermetures rapides pour le microphone, ainsi que deux petites poches int\u00e9gr\u00e9es avec un \u00e9lastique pour les stylos, etc. Le gilet est en outre muni des deux c\u00f4t\u00e9s de passants sous les aisselles avec fermeture \u00e0 pression pour les insignes de grade, etc.<\/p>\n<p>La grande fermeture \u00e9clair centrale \u00e0 l\u2019avant est recouverte d\u2019une patte avec 3&nbsp;boutons-pression. La bande de fermeture \u00e9clair est \u00e9galement \u00e9quip\u00e9e de velcro et peut \u00eatre \u00e9quip\u00e9e ult\u00e9rieurement de panneaux d\u2019\u00e9criture si n\u00e9cessaire. La bande est recouverte en standard de velcro gris neutre.<\/p>\n<p>Le gilet est \u00e9quip\u00e9 en bas de 4 passants en nylon 2 \u00e0 l\u2019avant et 2 \u00e0 l\u2019arri\u00e8re, pour la fixation \u00e0 la ceinture. Celles-ci peuvent \u00eatre r\u00e9gl\u00e9es en taille \u00e0 l\u2019aide d\u2019une fermeture velcro. Le gilet est disponible en diff\u00e9rentes tailles et peut \u00e9galement \u00eatre ouvert en bas et en haut au niveau des \u00e9paules gr\u00e2ce \u00e0 une fermeture velcro, et ainsi encore mieux adapt\u00e9 au porteur. Le gilet est \u00e9galement muni d\u2019une poign\u00e9e en haut.<\/p>\n<p><strong>Informations sur le produit&nbsp;:<\/strong><\/p>\n<ul>\n<li>D\u00e9signation : gilet tactique avec poches velcro amovibles<span class=\"Apple-converted-space\">&nbsp;<\/span><\/li>\n<li>Couleur : rouge\/gris<span class=\"Apple-converted-space\">&nbsp;<\/span><\/li>\n<li>Mat\u00e9riau&nbsp;: en polyster mesh 425 GSM, mat\u00e9riau de base et tissu nylon Denier 1000 avec rev\u00eatement PU hydrofuge<\/li>\n<li>Le gilet peut \u00eatre ouvert sur les c\u00f4t\u00e9s et en haut au niveau des \u00e9paules gr\u00e2ce \u00e0 une fermeture velcro, et ainsi encore mieux adapt\u00e9 au porteur.<\/li>\n<li>Avec des bandes de s\u00e9curit\u00e9 r\u00e9fl\u00e9chissantes cousues sur le pourtour<\/li>\n<li>Panneaux pour inscription : velcro interchangeable Inscriptions \u00e9galement sur demande<\/li>\n<li>Poign\u00e9e de transport<\/li>\n<li>Bandes r\u00e9fl\u00e9chissantes de 5 cm de large sur tout le pourtour&nbsp;<\/li>\n<li>Fermetures rapides \u00e0 l\u2019avant de l\u2019\u00e9paule pour le microphone<\/li>\n<li>Porte-stylo<\/li>\n<li>Fermetures \u00e9clair YKK<\/li>\n<li>Robuste et durable<\/li>\n<li>Passants d\u2019\u00e9paule des deux c\u00f4t\u00e9s avec fermeture \u00e0 pression<\/li>\n<li>Fen\u00eatre ID<span class=\"Apple-converted-space\">&nbsp;<\/span><\/li>\n<li>Avec 5 poches ext\u00e9rieures diff\u00e9rentes et deux grandes poches zipp\u00e9es<span class=\"Apple-converted-space\">&nbsp;<\/span><\/li>\n<li>Toutes les poches peuvent \u00eatre retir\u00e9es gr\u00e2ce au velcro, y compris les bandes r\u00e9fl\u00e9chissantes<\/li>\n<li>Poids avec poches : 950 g\/sans poches 410 g<span class=\"Apple-converted-space\">&nbsp;<\/span><\/li>\n<li>Certifi\u00e9 selon la norme EN 471, classe 2<\/li>\n<li>Taille : S, M, L, XL, 2XL<\/li>\n<\/ul>\n<p><strong>Prix r\u00e9duit pour les commandes de 40&nbsp;pi\u00e8ces ou plus, contactez-nous<\/strong><\/p>\n","protected":false},"excerpt":{"rendered":"<p>Gilet d\u2019intervention tactique rouge\/gris avec des bandes r\u00e9fl\u00e9chissantes sur tout le pourtour certifi\u00e9es selon la norme EN 471, classe 2, garantissant de bien identifier le porteur m\u00eame en cas de mauvaise visibilit\u00e9 ou dans l\u2019obscurit\u00e9. Fabriqu\u00e9 en filet mesh polyester respirant 425 GSM et tissu nylon Denier 1000 avec rev\u00eatement PU hydrofuge. Le gilet est disponible en plusieurs tailles et peut \u00eatre ferm\u00e9 \u00e0 l\u2019avant par une fermeture \u00e9clair YKK. Le dos du gilet est muni d\u2019un grand velcro, ce qui permet <b>d\u2019enlever ou&nbsp;d\u2019appliquer facilement l\u2019inscription plastifi\u00e9e et r\u00e9fl\u00e9chissante&nbsp;SECURITY \/ POLICE \/ PARAMEDIC \/ FEUERWEHR, etc.<\/b> Les dimensions du panneau \u00e0 l\u2019arri\u00e8re sont de 30&nbsp;cm&nbsp;x&nbsp;10&nbsp;cm.<\/p>\n","protected":false},"featured_media":133719,"comment_status":"open","ping_status":"closed","template":"","meta":{"inline_featured_image":false},"product_brand":[],"product_cat":[2215,1606],"product_tag":[],"class_list":{"0":"post-133715","1":"product","2":"type-product","3":"status-publish","4":"has-post-thumbnail","6":"product_cat-vestes_tactiques","7":"product_cat-vetements-haute-visibilite-et-lumineux","9":"first","10":"instock","11":"taxable","12":"shipping-taxable","13":"purchasable","14":"product-type-simple"},"_links":{"self":[{"href":"https:\/\/metal-badge.ch\/fr\/wp-json\/wp\/v2\/product\/133715","targetHints":{"allow":["GET"]}}],"collection":[{"href":"https:\/\/metal-badge.ch\/fr\/wp-json\/wp\/v2\/product"}],"about":[{"href":"https:\/\/metal-badge.ch\/fr\/wp-json\/wp\/v2\/types\/product"}],"replies":[{"embeddable":true,"href":"https:\/\/metal-badge.ch\/fr\/wp-json\/wp\/v2\/comments?post=133715"}],"wp:featuredmedia":[{"embeddable":true,"href":"https:\/\/metal-badge.ch\/fr\/wp-json\/wp\/v2\/media\/133719"}],"wp:attachment":[{"href":"https:\/\/metal-badge.ch\/fr\/wp-json\/wp\/v2\/media?parent=133715"}],"wp:term":[{"taxonomy":"product_brand","embeddable":true,"href":"https:\/\/metal-badge.ch\/fr\/wp-json\/wp\/v2\/product_brand?post=133715"},{"taxonomy":"product_cat","embeddable":true,"href":"https:\/\/metal-badge.ch\/fr\/wp-json\/wp\/v2\/product_cat?post=133715"},{"taxonomy":"product_tag","embeddable":true,"href":"https:\/\/metal-badge.ch\/fr\/wp-json\/wp\/v2\/product_tag?post=133715"}],"curies":[{"name":"wp","href":"https:\/\/api.w.org\/{rel}","templated":true}]}}