{"id":133626,"date":"2023-11-05T01:44:06","date_gmt":"2023-11-05T00:44:06","guid":{"rendered":"https:\/\/metal-badge.ch\/?post_type=product&#038;p=133626"},"modified":"2024-08-02T22:07:48","modified_gmt":"2024-08-02T20:07:48","slug":"gilet-dintervention-tactique-jaune-bleu-fonce-avec-reflecteurs-et-velcro","status":"publish","type":"product","link":"https:\/\/metal-badge.ch\/fr\/product\/133626\/gilet-dintervention-tactique-jaune-bleu-fonce-avec-reflecteurs-et-velcro\/","title":{"rendered":"Gilet d\u2019intervention tactique jaune\/bleu fonc\u00e9 avec r\u00e9flecteurs et velcro"},"content":{"rendered":"<p>Gilet tactique l\u00e9ger et fonctionnel en jaune\/bleu avec deux bandes r\u00e9fl\u00e9chissantes sur tout le pourtour, garantissant que le porteur est bien identifi\u00e9 m\u00eame en cas de mauvaise visibilit\u00e9 ou dans l\u2019obscurit\u00e9. Fabriqu\u00e9 \u00e0 l\u2019int\u00e9rieur en filet respirant \u00ab&nbsp;Polyester Mesh&nbsp;\u00bb et \u00e0 l\u2019ext\u00e9rieur en tissu en nylon polyester avec rev\u00eatement PU hydrofuge, ce gilet offre un confort de port agr\u00e9able.<span class=\"Apple-converted-space\">&nbsp;<\/span><\/p>\n<p>Le gilet est disponible en plusieurs tailles et peut \u00eatre ferm\u00e9 \u00e0 l\u2019avant par une fermeture \u00e9clair robuste YKK. Le gilet est \u00e9quip\u00e9 de deux grandes poches zipp\u00e9es sur le devant. De plus, une poche de poitrine est pr\u00e9vue pour les appareils radio, avec une ouverture pour l\u2019antenne et une fermeture velcro, ainsi qu\u2019un \u00e9lastique lat\u00e9ral. Une deuxi\u00e8me poche de poitrine pour le t\u00e9l\u00e9phone portable avec fermeture velcro ainsi qu\u2019une poche de poitrine plus grande, \u00e9quip\u00e9e d\u2019un velcro \u00e0 l\u2019ext\u00e9rieur pour fixer une inscription, compl\u00e8tent ce gilet. La coupe et le design du gilet sont adapt\u00e9s \u00e0 la longueur des hanches.<span class=\"Apple-converted-space\">&nbsp;<\/span><\/p>\n<p>Le dos du gilet est muni d\u2019un grand velcro, ce qui permet d\u2019enlever ou d\u2019appliquer facilement les diverses inscriptions r\u00e9fl\u00e9chissantes que nous proposons. Les dimensions du velcro \u00e0 l\u2019arri\u00e8re sont de 30&nbsp;cm&nbsp;x&nbsp;10&nbsp;cm.<span class=\"Apple-converted-space\">&nbsp;<\/span><\/p>\n<p>Sur le devant, sur la poitrine \u00e0 gauche, se trouve \u00e9galement un velcro de 12&nbsp;cm&nbsp;x&nbsp;4&nbsp;cm pour les diverses inscriptions que nous proposons.<\/p>\n<p>La fen\u00eatre d\u2019identification est bien s\u00fbr pr\u00e9sente et se trouve \u00e0 la hauteur de la poitrine, \u00e0 droite, au format carte de cr\u00e9dit.<span class=\"Apple-converted-space\">&nbsp;<\/span><\/p>\n<p><strong>Informations sur le produit&nbsp;:<\/strong><\/p>\n<ul>\n<li>R\u00e9f\u00e9rence&nbsp;: gilet tactique HI-5535&nbsp;&nbsp;<\/li>\n<li>Mat\u00e9riau int\u00e9rieur&nbsp;: fabriqu\u00e9 en filet respirant \u00ab&nbsp;Polyester Mesh&nbsp;\u00bb.<span class=\"Apple-converted-space\">&nbsp;<\/span><\/li>\n<li>Mat\u00e9riau ext\u00e9rieur&nbsp;: tissu en nylon polyester avec rev\u00eatement PU hydrofuge.<\/li>\n<li>Couleur&nbsp;: jaune\/bleu fonc\u00e9&nbsp;<\/li>\n<li>Fermeture \u00e9clair&nbsp;: YKK<span class=\"Apple-converted-space\">&nbsp;<\/span><\/li>\n<li>Robuste et durable&nbsp;<\/li>\n<li>Avec fen\u00eatre d\u2019identification au format carte de cr\u00e9dit sur le c\u00f4t\u00e9 droit de la poitrine<\/li>\n<li>2&nbsp;grandes poches zipp\u00e9es de 20&nbsp;cm de large et de 18&nbsp;cm de haut<\/li>\n<li>1&nbsp;poche radio en haut Ouverture pour antenne avec fermeture velcro<span class=\"Apple-converted-space\">&nbsp;<\/span><\/li>\n<li>Dimensions pochette radio&nbsp;: 8,5&nbsp;cm de large \u00e9lastique&nbsp;x&nbsp;15&nbsp;cm de haut\/6&nbsp;cm de profondeur \u00e9lastique<\/li>\n<li>Dimensions \u00e9tui pour t\u00e9l\u00e9phone portable&nbsp;: hauteur 14&nbsp;cm&nbsp;x&nbsp;largeur 9&nbsp;cm\/profondeur 4&nbsp;cm avec fermeture velcro<\/li>\n<li>Dimensions poche poitrine gauche&nbsp;: hauteur 15&nbsp;cm&nbsp;x&nbsp;largeur 14&nbsp;cm\/profondeur 5&nbsp;cm avec fermeture velcro<\/li>\n<li>2&nbsp;bandes r\u00e9fl\u00e9chissantes de 5&nbsp;cm de large sur tout le pourtour&nbsp;<\/li>\n<li>\u00c9tiquettes en velcro&nbsp;: Velcro interchangeable div. inscriptions \u00e9galement sur demande<\/li>\n<li>Poids&nbsp;: 390&nbsp;g&nbsp;<\/li>\n<li>Coupe&nbsp;: coupe normale jusqu\u2019aux hanches<span class=\"Apple-converted-space\">&nbsp;<\/span><\/li>\n<li>Tailles&nbsp;: S, M, L, XL, 2XL \u00e9galement sur mesure sur demande&nbsp;<\/li>\n<li>Certifi\u00e9 selon la norme EN 471, classe&nbsp;2<\/li>\n<\/ul>\n<p><strong>Prix r\u00e9duit pour les commandes de 40&nbsp;pi\u00e8ces ou plus, contactez-nous.<\/strong><\/p>\n","protected":false},"excerpt":{"rendered":"<p>Gilet tactique l\u00e9ger et fonctionnel en jaune\/bleu avec deux bandes r\u00e9fl\u00e9chissantes sur tout le pourtour, garantissant que le porteur est bien identifi\u00e9 m\u00eame en cas de mauvaise visibilit\u00e9 ou dans l\u2019obscurit\u00e9. Fabriqu\u00e9 \u00e0 l\u2019int\u00e9rieur en filet respirant \u00ab&nbsp;Polyester Mesh&nbsp;\u00bb et \u00e0 l\u2019ext\u00e9rieur en tissu en nylon polyester avec rev\u00eatement PU hydrofuge, ce gilet offre un confort de port agr\u00e9able.<span class=\"Apple-converted-space\">&nbsp;<\/span><\/p>\n","protected":false},"featured_media":133630,"comment_status":"open","ping_status":"closed","template":"","meta":{"inline_featured_image":false},"product_brand":[],"product_cat":[2215,1606],"product_tag":[],"class_list":{"0":"post-133626","1":"product","2":"type-product","3":"status-publish","4":"has-post-thumbnail","6":"product_cat-vestes_tactiques","7":"product_cat-vetements-haute-visibilite-et-lumineux","9":"first","10":"instock","11":"taxable","12":"shipping-taxable","13":"purchasable","14":"product-type-simple"},"_links":{"self":[{"href":"https:\/\/metal-badge.ch\/fr\/wp-json\/wp\/v2\/product\/133626","targetHints":{"allow":["GET"]}}],"collection":[{"href":"https:\/\/metal-badge.ch\/fr\/wp-json\/wp\/v2\/product"}],"about":[{"href":"https:\/\/metal-badge.ch\/fr\/wp-json\/wp\/v2\/types\/product"}],"replies":[{"embeddable":true,"href":"https:\/\/metal-badge.ch\/fr\/wp-json\/wp\/v2\/comments?post=133626"}],"wp:featuredmedia":[{"embeddable":true,"href":"https:\/\/metal-badge.ch\/fr\/wp-json\/wp\/v2\/media\/133630"}],"wp:attachment":[{"href":"https:\/\/metal-badge.ch\/fr\/wp-json\/wp\/v2\/media?parent=133626"}],"wp:term":[{"taxonomy":"product_brand","embeddable":true,"href":"https:\/\/metal-badge.ch\/fr\/wp-json\/wp\/v2\/product_brand?post=133626"},{"taxonomy":"product_cat","embeddable":true,"href":"https:\/\/metal-badge.ch\/fr\/wp-json\/wp\/v2\/product_cat?post=133626"},{"taxonomy":"product_tag","embeddable":true,"href":"https:\/\/metal-badge.ch\/fr\/wp-json\/wp\/v2\/product_tag?post=133626"}],"curies":[{"name":"wp","href":"https:\/\/api.w.org\/{rel}","templated":true}]}}