{"id":133565,"date":"2023-11-05T00:54:29","date_gmt":"2023-11-04T23:54:30","guid":{"rendered":"https:\/\/metal-badge.ch\/?post_type=product&#038;p=133565"},"modified":"2023-11-05T01:19:31","modified_gmt":"2023-11-05T00:19:31","slug":"sac-tactique-avec-reflecteurs-bandes-reflechissantes-de-securite-tout-autour-en-argent-orange","status":"publish","type":"product","link":"https:\/\/metal-badge.ch\/fr\/product\/133565\/sac-tactique-avec-reflecteurs-bandes-reflechissantes-de-securite-tout-autour-en-argent-orange\/","title":{"rendered":"Sac tactique avec r\u00e9flecteurs &#8211; Bandes r\u00e9fl\u00e9chissantes de s\u00e9curit\u00e9 tout autour en argent\/orange"},"content":{"rendered":"<p>Sac tactique r\u00e9sistant et imperm\u00e9able, sp\u00e9cialement con\u00e7u pour la police et les forces de s\u00e9curit\u00e9. Ce sac fonctionnel est \u00e9quip\u00e9 \u00e0 l\u2019int\u00e9rieur d\u2019une fermeture \u00e9clair \u00e0 double curseur et d\u2019un rembourrage int\u00e9rieur. Le sac spacieux permet de ranger tout l\u2019\u00e9quipement, des bottes tactiques au b\u00e2ton en passant par la lampe et les menottes, etc. Les 2&nbsp;parois de s\u00e9paration int\u00e9rieures divisent 3&nbsp;grands compartiments, celles-ci peuvent \u00eatre retir\u00e9es gr\u00e2ce au velcro pour transformer le sac en un seul grand compartiment. \u00c0 l\u2019int\u00e9rieur du rabat se trouve un grand compartiment en filet avec double fermeture \u00e9clair pour les cartes, les documents et bien d\u2019autres choses encore.<span class=\"Apple-converted-space\">&nbsp;<\/span><\/p>\n<p>Une fen\u00eatre de visualisation pour le badge d\u2019identification est fix\u00e9e \u00e0 l\u2019ext\u00e9rieur. Le sac tactique est \u00e9quip\u00e9 d\u2019une bandouli\u00e8re r\u00e9glable et rembourr\u00e9e avec fermeture rapide. Pour une bonne prise en main, le sac est dot\u00e9 d\u2019une poign\u00e9e de transport robuste en caoutchouc dur. Un velcro pour les inscriptions de 30&nbsp;cm&nbsp;x&nbsp;10&nbsp;cm est \u00e9galement disponible. Nous proposons une large gamme d\u2019\u00e9tiquettes velcro, mais vous pouvez toujours commander chez nous ce que nous n\u2019avons pas.<span class=\"Apple-converted-space\">&nbsp;<\/span><\/p>\n<p>De plus, 3 grandes poches suppl\u00e9mentaires avec Molle et un syst\u00e8me de velcro sont attach\u00e9es \u00e0 l\u2019ext\u00e9rieur du sac. Les poches suppl\u00e9mentaires peuvent \u00eatre fix\u00e9es ou retir\u00e9es rapidement et individuellement.<span class=\"Apple-converted-space\">&nbsp;<\/span><\/p>\n<p>Gr\u00e2ce aux bandes r\u00e9fl\u00e9chissantes argent\u00e9es\/oranges sur tout le pourtour, ce sac est \u00e9galement bien visible au bord de la route ou la nuit. En outre, le sac est dot\u00e9 de boucles et de supports en plastique pour fixer d\u2019autres mat\u00e9riels. Le rabat s\u2019ouvre au moyen d\u2019une fermeture rapide par clic. Le dessous du sac est prot\u00e9g\u00e9 par 5&nbsp;picots en caoutchouc antid\u00e9rapants.<span class=\"Apple-converted-space\">&nbsp;<\/span><\/p>\n<p><strong>Informations sur le produit&nbsp;:<span class=\"Apple-converted-space\">&nbsp;<\/span><\/strong><\/p>\n<ul>\n<li>Nom du produit&nbsp;: sac tactique de s\u00e9curit\u00e9<span class=\"Apple-converted-space\">&nbsp;<\/span><\/li>\n<li>Taille Dimensions ext\u00e9rieures&nbsp;: largeur 34&nbsp;cm\/longueur&nbsp;: 64&nbsp;cm\/hauteur&nbsp;: 34&nbsp;cm<\/li>\n<li>Mat\u00e9riau r\u00e9sistant et hydrofuge<span class=\"Apple-converted-space\">&nbsp;<\/span><\/li>\n<li>Poign\u00e9e de transport robuste caoutchout\u00e9e<span class=\"Apple-converted-space\">&nbsp;<\/span><\/li>\n<li>Bandouli\u00e8re r\u00e9glable et rembourr\u00e9e avec fermeture rapide<\/li>\n<li>Compartiment en filet \u00e0 l\u2019int\u00e9rieur avec double fermeture \u00e9clair<\/li>\n<li>Bandes r\u00e9fl\u00e9chissantes de s\u00e9curit\u00e9 tout autour en argent\/orange<\/li>\n<li>Sous le sac avec 5&nbsp;picots en caoutchouc antid\u00e9rapants<\/li>\n<li>3&nbsp;poches suppl\u00e9mentaires \u00e0 l\u2019ext\u00e9rieur, amovibles par sac de 20&nbsp;cm&nbsp;x&nbsp;20&nbsp;cm<span class=\"Apple-converted-space\">&nbsp;<\/span><\/li>\n<li>Syst\u00e8me Molle \u00e0 l\u2019ext\u00e9rieur<\/li>\n<li>3&nbsp;compartiments int\u00e9rieurs peuvent \u00eatre divis\u00e9s au moyen de velcro<span class=\"Apple-converted-space\">&nbsp;<\/span><\/li>\n<li>Fen\u00eatre d\u2019identification \u00e0 l\u2019ext\u00e9rieur<span class=\"Apple-converted-space\">&nbsp;<\/span><\/li>\n<li>Velcro pour les inscriptions \u00e0 l\u2019ext\u00e9rieur 30&nbsp;cm&nbsp;x&nbsp;10&nbsp;cm<\/li>\n<li>Poids&nbsp;: 2,8&nbsp;kg<\/li>\n<li>Couleur&nbsp;: noir<\/li>\n<li>Mat\u00e9riau&nbsp;: polyester 1000 D<\/li>\n<\/ul>\n<p><span style=\"color: #0000ff;\"><strong><a style=\"color: #0000ff;\" href=\"https:\/\/metal-badge.ch\/fr\/product-category\/security-factory-fr\/signes-etiquettes-velcro\/?v=772de803edb4\">SIGNES &amp; \u00c9TIQUETTES VELCRO<\/a><\/strong><\/span><\/p>\n","protected":false},"excerpt":{"rendered":"<p>Sac tactique r\u00e9sistant et imperm\u00e9able, sp\u00e9cialement con\u00e7u pour la police et les forces de s\u00e9curit\u00e9. Ce sac fonctionnel est \u00e9quip\u00e9 \u00e0 l\u2019int\u00e9rieur d\u2019une fermeture \u00e9clair \u00e0 double curseur et d\u2019un rembourrage int\u00e9rieur. Le sac spacieux permet de ranger tout l\u2019\u00e9quipement, des bottes tactiques au b\u00e2ton en passant par la lampe et les menottes, etc. Les 2&nbsp;parois de s\u00e9paration int\u00e9rieures divisent 3&nbsp;grands compartiments, celles-ci peuvent \u00eatre retir\u00e9es gr\u00e2ce au velcro pour transformer le sac en un seul grand compartiment. \u00c0 l\u2019int\u00e9rieur du rabat se trouve un grand compartiment en filet avec double fermeture \u00e9clair pour les cartes, les documents et bien d\u2019autres choses encore.<span class=\"Apple-converted-space\">&nbsp;<\/span><\/p>\n<p><span style=\"color: #0000ff;\"><strong><a style=\"color: #0000ff;\" href=\"https:\/\/metal-badge.ch\/fr\/product-category\/security-factory-fr\/signes-etiquettes-velcro\/?v=772de803edb4\">SIGNES &amp; \u00c9TIQUETTES VELCRO<\/a><\/strong><\/span><\/p>\n","protected":false},"featured_media":133570,"comment_status":"closed","ping_status":"closed","template":"","meta":{"inline_featured_image":false},"product_brand":[],"product_cat":[1059,887,1946],"product_tag":[1781],"class_list":{"0":"post-133565","1":"product","2":"type-product","3":"status-publish","4":"has-post-thumbnail","6":"product_cat-sacs","7":"product_cat-accessoires","8":"product_cat-organisations-lumiere-bleue-securite","9":"product_tag-police-securite","11":"first","12":"instock","13":"taxable","14":"shipping-taxable","15":"purchasable","16":"product-type-simple"},"_links":{"self":[{"href":"https:\/\/metal-badge.ch\/fr\/wp-json\/wp\/v2\/product\/133565","targetHints":{"allow":["GET"]}}],"collection":[{"href":"https:\/\/metal-badge.ch\/fr\/wp-json\/wp\/v2\/product"}],"about":[{"href":"https:\/\/metal-badge.ch\/fr\/wp-json\/wp\/v2\/types\/product"}],"replies":[{"embeddable":true,"href":"https:\/\/metal-badge.ch\/fr\/wp-json\/wp\/v2\/comments?post=133565"}],"wp:featuredmedia":[{"embeddable":true,"href":"https:\/\/metal-badge.ch\/fr\/wp-json\/wp\/v2\/media\/133570"}],"wp:attachment":[{"href":"https:\/\/metal-badge.ch\/fr\/wp-json\/wp\/v2\/media?parent=133565"}],"wp:term":[{"taxonomy":"product_brand","embeddable":true,"href":"https:\/\/metal-badge.ch\/fr\/wp-json\/wp\/v2\/product_brand?post=133565"},{"taxonomy":"product_cat","embeddable":true,"href":"https:\/\/metal-badge.ch\/fr\/wp-json\/wp\/v2\/product_cat?post=133565"},{"taxonomy":"product_tag","embeddable":true,"href":"https:\/\/metal-badge.ch\/fr\/wp-json\/wp\/v2\/product_tag?post=133565"}],"curies":[{"name":"wp","href":"https:\/\/api.w.org\/{rel}","templated":true}]}}