{"id":133499,"date":"2023-11-04T04:37:00","date_gmt":"2023-11-04T03:37:00","guid":{"rendered":"https:\/\/metal-badge.ch\/product\/133499\/gilet-antiperforations-et-anticoupures-armadillo-security-embassador\/"},"modified":"2025-04-29T21:43:07","modified_gmt":"2025-04-29T19:43:07","slug":"gilet-antiperforations-et-anticoupures-armadillo-security-embassador","status":"publish","type":"product","link":"https:\/\/metal-badge.ch\/fr\/product\/133499\/gilet-antiperforations-et-anticoupures-armadillo-security-embassador\/","title":{"rendered":"Gilet antiperforations et anticoupures \u00ab Armadillo \u00bb SECURITY Embassador"},"content":{"rendered":"<p><img decoding=\"async\" class=\"alignnone size-medium wp-image-134311\" src=\"https:\/\/metal-badge.ch\/wp-content\/uploads\/2023\/11\/Armadillo-300x136.png\" alt=\"\" width=\"300\" height=\"136\" srcset=\"https:\/\/metal-badge.ch\/wp-content\/uploads\/2023\/11\/Armadillo-300x136.png 300w, https:\/\/metal-badge.ch\/wp-content\/uploads\/2023\/11\/Armadillo-150x68.png 150w, https:\/\/metal-badge.ch\/wp-content\/uploads\/2023\/11\/Armadillo-64x29.png 64w, https:\/\/metal-badge.ch\/wp-content\/uploads\/2023\/11\/Armadillo.png 400w\" sizes=\"(max-width: 300px) 100vw, 300px\" \/><\/p>\n<p>La solution pour votre s\u00e9curit\u00e9. Les gilets antiperforations offrent une protection efficace contre les blessures et les risques de mort. Jusqu&rsquo;\u00e0 pr\u00e9sent, ils \u00e9taient cependant souvent lourds et peu confortables. Ce n&rsquo;est pas le cas de ces gilets antiperforations innovants d&rsquo;Armadillo. Ce gilet antiperforations est particuli\u00e8rement s\u00fbr gr\u00e2ce \u00e0 son tissu aramide haute r\u00e9sistance \u00e0 structure composite, et exceptionnellement flexible gr\u00e2ce \u00e0 sa structure en \u00e9cailles, et respirant et confortable gr\u00e2ce \u00e0 son tissu ext\u00e9rieur en maille sp\u00e9ciale. Ce gilet est \u00e9quip\u00e9 de deux grandes poches \u00e0 l&rsquo;avant. Il offre \u00e9galement des porte-stylos \u00e0 l&rsquo;avant gauche, \u00e0 la hauteur de la poitrine. Il y a deux grandes poches int\u00e9rieures \u00e0 droite et \u00e0 gauche. Un col rabattu de 7 cm de haut et une ceinture \u00e9lastique de 5 cm rendent ce gilet plus esth\u00e9tique.<span class=\"Apple-converted-space\">&nbsp;<\/span><\/p>\n<p>Il est extr\u00eamement l\u00e9ger, respirant et tr\u00e8s flexible, mais capable de r\u00e9sister aux coups de couteau, aux lames et aux aiguilles sans se percer ou se d\u00e9chirer. De plus, nos gilets antiperforations offrent une tr\u00e8s large marge de s\u00e9curit\u00e9. La partie inf\u00e9rieure de l&rsquo;abdomen qui ne peut pas \u00eatre couverte par les gilets rigides, est notamment prot\u00e9g\u00e9e au mieux de cette mani\u00e8re. Une v\u00e9ritable protection int\u00e9grale pour le haut du corps et tous les organes vitaux. Le tissu ext\u00e9rieur respirant et l\u00e9ger en fibres de polyamide r\u00e9sistantes peut absorber la transpiration et l&rsquo;humidit\u00e9 de mani\u00e8re optimale humidit\u00e9 et s\u00e8che rapidement. Le tissu ext\u00e9rieur peut \u00eatre lav\u00e9 en machine pour un nettoyage hygi\u00e9nique qui ne laissera pas \u00e0 d\u00e9sirer. Tous les inserts antiperforations au dos et \u00e0 l&rsquo;avant peuvent \u00eatre ouverts et retir\u00e9s \u00e0 l&rsquo;aide d&rsquo;une fermeture \u00e0 glissi\u00e8re.<span class=\"Apple-converted-space\">&nbsp;<\/span><\/p>\n<p>Les possibilit\u00e9s d&rsquo;utilisation de nos textiles antiperforations sont multiples. Peu importe qu&rsquo;il s&rsquo;agisse de forces de s\u00e9curit\u00e9 priv\u00e9es ou publiques, de la police, des forces de l&rsquo;ordre ou de la s\u00e9curit\u00e9: tous ces professionnels ont besoin d&rsquo;un \u00e9quipement d&rsquo;autoprotection efficace contre les couteaux, les aiguilles et les autres armes blanches. Gr\u00e2ce \u00e0 leurs nombreux avantages, nos produits peuvent \u00eatre utilis\u00e9s dans de nombreux domaines. Les hommes d&rsquo;affaires et leurs gardes du corps peuvent porter notre gilet de protection discret et respirant sous une veste ou en guise de gilet discret sur une chemise ou un pull sans que cela ne les fasse transpirer. Les contr\u00f4leurs et les videurs ne souffriront pas du poids de notre gilet antiperforations m\u00eame apr\u00e8s des heures, car il est extr\u00eamement l\u00e9ger. Les secouristes et les ambulanciers peuvent s&rsquo;adapter aux circonstances et aux menaces pr\u00e9sentes dans chaque situation, bien prot\u00e9g\u00e9s par les \u00e9cailles composites mobiles.<\/p>\n<p>Le gilet antiperforations \u00ab Security Ambassador \u00bb est un gilet polyvalent qui peut \u00eatre port\u00e9 sous ou sur les v\u00eatements.<\/p>\n<p><b>Informations sur le produit:<span class=\"Apple-converted-space\">&nbsp;<\/span><\/b><\/p>\n<ul>\n<li>D\u00e9signation: Armadillo SECURITY Embassador<span class=\"Apple-converted-space\">&nbsp;<\/span><\/li>\n<li>Mod\u00e8le n\u00ba LBV-V8<\/li>\n<li>Protection contre les coups de couteau NIJ Std 0115.00 Niveau 1<\/li>\n<li>Couleur: Noir<\/li>\n<li>Poids : 1,7 kg<\/li>\n<li>\u00c9paisseur : 2,2 cm<span class=\"Apple-converted-space\">&nbsp;<\/span><\/li>\n<li>Protection int\u00e9grale du dos et de l&rsquo;avant ainsi que sous la fermeture \u00e0 glissi\u00e8re<\/li>\n<li>Insert r\u00e9sistant aux perforations en aramide avec composite carbone \/ fibre de verre<\/li>\n<li>2 grandes poches int\u00e9rieures \u00e0 gauche et \u00e0 droite<\/li>\n<li>2 grandes poches ext\u00e9rieures<\/li>\n<li>2 porte-stylos ext\u00e9rieurs sur la poitrine \u00e0 gauche<\/li>\n<li>Ceinture \u00e9lastique 5 cm<span class=\"Apple-converted-space\">&nbsp;<\/span><\/li>\n<li>Col rabattu de 7 cm tendance<span class=\"Apple-converted-space\">&nbsp;<\/span><\/li>\n<li>Fermeture \u00e9clair YKK<span class=\"Apple-converted-space\">&nbsp;<\/span><\/li>\n<li>Tailles: S, M, L, XL, autres tailles disponibles sur demande<span class=\"Apple-converted-space\">&nbsp;<\/span><\/li>\n<\/ul>\n<p><i>Un suppl\u00e9ment de 50.- sera factur\u00e9 pour les tailles sup\u00e9rieures \u00e0 2XL et 3XL.<\/i><\/p>\n","protected":false},"excerpt":{"rendered":"<p><img decoding=\"async\" class=\"alignnone size-medium wp-image-134311\" src=\"https:\/\/metal-badge.ch\/wp-content\/uploads\/2023\/11\/Armadillo-300x136.png\" alt=\"\" width=\"300\" height=\"136\" srcset=\"https:\/\/metal-badge.ch\/wp-content\/uploads\/2023\/11\/Armadillo-300x136.png 300w, https:\/\/metal-badge.ch\/wp-content\/uploads\/2023\/11\/Armadillo-150x68.png 150w, https:\/\/metal-badge.ch\/wp-content\/uploads\/2023\/11\/Armadillo-64x29.png 64w, https:\/\/metal-badge.ch\/wp-content\/uploads\/2023\/11\/Armadillo.png 400w\" sizes=\"(max-width: 300px) 100vw, 300px\" \/><\/p>\n<p>La solution pour votre s\u00e9curit\u00e9. Les gilets antiperforations offrent une protection efficace contre les blessures et les risques de mort. Jusqu&rsquo;\u00e0 pr\u00e9sent, ils \u00e9taient cependant souvent lourds et peu confortables. Ce n&rsquo;est pas le cas de ces gilets antiperforations innovants d&rsquo;Armadillo. Ce gilet antiperforations est particuli\u00e8rement s\u00fbr gr\u00e2ce \u00e0 son tissu aramide haute r\u00e9sistance \u00e0 structure composite, et exceptionnellement flexible gr\u00e2ce \u00e0 sa structure en \u00e9cailles, et respirant et confortable gr\u00e2ce \u00e0 son tissu ext\u00e9rieur en maille sp\u00e9ciale. Ce gilet est \u00e9quip\u00e9 de deux grandes poches \u00e0 l&rsquo;avant. Il offre \u00e9galement des porte-stylos \u00e0 l&rsquo;avant gauche, \u00e0 la hauteur de la poitrine. Il y a deux grandes poches int\u00e9rieures \u00e0 droite et \u00e0 gauche. Un col rabattu de 7 cm de haut et une ceinture \u00e9lastique de 5 cm rendent ce gilet plus esth\u00e9tique.<span class=\"Apple-converted-space\">&nbsp;<\/span><\/p>\n","protected":false},"featured_media":133472,"comment_status":"closed","ping_status":"closed","template":"","meta":{"inline_featured_image":false},"product_brand":[],"product_cat":[2215,1590,1946,1634,2521],"product_tag":[1785],"class_list":{"0":"post-133499","1":"product","2":"type-product","3":"status-publish","4":"has-post-thumbnail","6":"product_cat-vestes_tactiques","7":"product_cat-combinaisons-de-protection","8":"product_cat-organisations-lumiere-bleue-securite","9":"product_cat-vestes-and-vetements-tactiques-couleurs-de-camouflage","10":"product_cat-vetements-de-protection-protection-contre-les-coupures-et-les-blessures","11":"product_tag-premiers-secours-sauvetage","13":"first","14":"instock","15":"taxable","16":"shipping-taxable","17":"purchasable","18":"product-type-simple"},"_links":{"self":[{"href":"https:\/\/metal-badge.ch\/fr\/wp-json\/wp\/v2\/product\/133499","targetHints":{"allow":["GET"]}}],"collection":[{"href":"https:\/\/metal-badge.ch\/fr\/wp-json\/wp\/v2\/product"}],"about":[{"href":"https:\/\/metal-badge.ch\/fr\/wp-json\/wp\/v2\/types\/product"}],"replies":[{"embeddable":true,"href":"https:\/\/metal-badge.ch\/fr\/wp-json\/wp\/v2\/comments?post=133499"}],"wp:featuredmedia":[{"embeddable":true,"href":"https:\/\/metal-badge.ch\/fr\/wp-json\/wp\/v2\/media\/133472"}],"wp:attachment":[{"href":"https:\/\/metal-badge.ch\/fr\/wp-json\/wp\/v2\/media?parent=133499"}],"wp:term":[{"taxonomy":"product_brand","embeddable":true,"href":"https:\/\/metal-badge.ch\/fr\/wp-json\/wp\/v2\/product_brand?post=133499"},{"taxonomy":"product_cat","embeddable":true,"href":"https:\/\/metal-badge.ch\/fr\/wp-json\/wp\/v2\/product_cat?post=133499"},{"taxonomy":"product_tag","embeddable":true,"href":"https:\/\/metal-badge.ch\/fr\/wp-json\/wp\/v2\/product_tag?post=133499"}],"curies":[{"name":"wp","href":"https:\/\/api.w.org\/{rel}","templated":true}]}}