{"id":133429,"date":"2023-11-04T00:55:09","date_gmt":"2023-11-03T23:55:09","guid":{"rendered":"https:\/\/metal-badge.ch\/product\/133429\/t-shirt-a-manches-longues-de-protection-contre-les-coupures-et-a-col-rond-niveau-5\/"},"modified":"2025-04-29T21:40:11","modified_gmt":"2025-04-29T19:40:11","slug":"t-shirt-a-manches-longues-de-protection-contre-les-coupures-et-a-col-rond-niveau-5","status":"publish","type":"product","link":"https:\/\/metal-badge.ch\/fr\/product\/133429\/t-shirt-a-manches-longues-de-protection-contre-les-coupures-et-a-col-rond-niveau-5\/","title":{"rendered":"T-shirt \u00e0 manches longues de protection contre les coupures et \u00e0 col rond niveau 5"},"content":{"rendered":"<p>Bien que ces v\u00eatements de protection CP-Tex soient bas\u00e9s sur le niveau de protection contre les coupures le plus \u00e9lev\u00e9, ils doivent \u00eatre consid\u00e9r\u00e9s comme un compl\u00e9ment de protection et non comme une garantie contre les blessures. En fonction de l&rsquo;utilisation et des conditions d&rsquo;intervention, il peut donc \u00eatre n\u00e9cessaire de combiner le tissu r\u00e9sistant aux coupures avec d&rsquo;autres mesures de s\u00e9curit\u00e9 et de prendre d&rsquo;autres mesures de protection. CP-Tex sert cependant de base fiable et confortable \u00e0 porter, particuli\u00e8rement discr\u00e8te et confortable gr\u00e2ce au poly\u00e9thyl\u00e8ne \u00e0 poids mol\u00e9culaire tr\u00e8s \u00e9lev\u00e9. CP-Tex : la protection contre les coupures au plus haut niveau.<\/p>\n<p>Cette chemise de protection anti-coupures \u00e0 manches longues grise et l\u00e9g\u00e8re et \u00e0 encolure ronde est compos\u00e9e de deux couches. La couche ext\u00e9rieure est faite en poly\u00e9thyl\u00e8ne gris typique de niveau 5 r\u00e9sistant aux coupures et de haute densit\u00e9, et \u00e0 l&rsquo;int\u00e9rieur, le t-shirt en CP-Tex est dot\u00e9 d&rsquo;un rev\u00eatement int\u00e9rieur doux et tr\u00e8s fin. Les t-shirts de protection contre les coupures s&rsquo;adaptent donc agr\u00e9ablement au corps comme une seconde peau et ne se font pas remarquer, m\u00eame sous les v\u00eatements de service. Les t-shirts CP-Tex : un confort \u00e9lev\u00e9 et design discret. Ce t-shirt n&rsquo;entrave en rien la libert\u00e9 de mouvement.<span class=\"Apple-converted-space\">&nbsp;<\/span><\/p>\n<p>Il r\u00e9duit consid\u00e9rablement le risque de blessure en cas d&rsquo;agression. Vous \u00eates ainsi id\u00e9alement prot\u00e9g\u00e9 contre les coupures \u00e9t\u00e9 comme hiver, ou bien sous vos v\u00eatements de service.<\/p>\n<p><b>Informations sur le produit :<span class=\"Apple-converted-space\">&nbsp;<\/span><\/b><\/p>\n<ul>\n<li>D\u00e9signation : T-shirt \u00e0 manches longues de protection contre les coupures niveau 5<\/li>\n<li>Id\u00e9al pour&nbsp;: Police, justice, s\u00e9curit\u00e9, militaires, personnel de s\u00e9curit\u00e9<span class=\"Apple-converted-space\">&nbsp;<\/span><\/li>\n<li>Encolure ronde<span class=\"Apple-converted-space\">&nbsp;<\/span><\/li>\n<li>Il est frais par temps chaud et tient chaud quand il fait froid.<\/li>\n<li>Durablement hydrophile &#8211; absorbe la transpiration<\/li>\n<li>Antibact\u00e9rien<\/li>\n<li>Lavage \u00e0 la main uniquement ou lavage en machine \u00e0 30 degr\u00e9s maximum<\/li>\n<li>S\u00e9chage rapide<\/li>\n<li>Respirant<\/li>\n<li>Mat\u00e9riau du tissu : Fibre de verre, polyamide et poly\u00e9thyl\u00e8ne \u00e0 poids mol\u00e9culaire tr\u00e8s \u00e9lev\u00e9, ainsi que d&rsquo;autres fibres techniques combin\u00e9es entre elles \u00e0 densit\u00e9 \u00e9lev\u00e9e.<\/li>\n<li>Protection maximale contre les coupures de niveau 5 selon la norme EN388<\/li>\n<li>Couleur : noir \/ gris \/ bleu <span class=\"Apple-converted-space\">&nbsp;<\/span><\/li>\n<li>Tailles : S, M, L, XL, 2XL, 3XL<span class=\"Apple-converted-space\">&nbsp;<\/span><\/li>\n<li>Tissu&nbsp;: 330 g\/m\u00b2<\/li>\n<\/ul>\n","protected":false},"excerpt":{"rendered":"<p>Bien que ces v\u00eatements de protection CP-Tex soient bas\u00e9s sur le niveau de protection contre les coupures le plus \u00e9lev\u00e9, ils doivent \u00eatre consid\u00e9r\u00e9s comme un compl\u00e9ment de protection et non comme une garantie contre les blessures. En fonction de l&rsquo;utilisation et des conditions d&rsquo;intervention, il peut donc \u00eatre n\u00e9cessaire de combiner le tissu r\u00e9sistant aux coupures avec d&rsquo;autres mesures de s\u00e9curit\u00e9 et de prendre d&rsquo;autres mesures de protection. CP-Tex sert cependant de base fiable et confortable \u00e0 porter, particuli\u00e8rement discr\u00e8te et confortable gr\u00e2ce au poly\u00e9thyl\u00e8ne \u00e0 poids mol\u00e9culaire tr\u00e8s \u00e9lev\u00e9. CP-Tex : la protection contre les coupures au plus haut niveau.<\/p>\n","protected":false},"featured_media":133414,"comment_status":"closed","ping_status":"closed","template":"","meta":{"inline_featured_image":false},"product_brand":[],"product_cat":[2189,1946,1574,1570,2521],"product_tag":[1781],"class_list":{"0":"post-133429","1":"product","2":"type-product","3":"status-publish","4":"has-post-thumbnail","6":"product_cat-vetementsdeloisirs","7":"product_cat-organisations-lumiere-bleue-securite","8":"product_cat-pull","9":"product_cat-t-shirts-polo-shirts-fr","10":"product_cat-vetements-de-protection-protection-contre-les-coupures-et-les-blessures","11":"product_tag-police-securite","13":"first","14":"instock","15":"taxable","16":"shipping-taxable","17":"purchasable","18":"product-type-simple"},"_links":{"self":[{"href":"https:\/\/metal-badge.ch\/fr\/wp-json\/wp\/v2\/product\/133429","targetHints":{"allow":["GET"]}}],"collection":[{"href":"https:\/\/metal-badge.ch\/fr\/wp-json\/wp\/v2\/product"}],"about":[{"href":"https:\/\/metal-badge.ch\/fr\/wp-json\/wp\/v2\/types\/product"}],"replies":[{"embeddable":true,"href":"https:\/\/metal-badge.ch\/fr\/wp-json\/wp\/v2\/comments?post=133429"}],"wp:featuredmedia":[{"embeddable":true,"href":"https:\/\/metal-badge.ch\/fr\/wp-json\/wp\/v2\/media\/133414"}],"wp:attachment":[{"href":"https:\/\/metal-badge.ch\/fr\/wp-json\/wp\/v2\/media?parent=133429"}],"wp:term":[{"taxonomy":"product_brand","embeddable":true,"href":"https:\/\/metal-badge.ch\/fr\/wp-json\/wp\/v2\/product_brand?post=133429"},{"taxonomy":"product_cat","embeddable":true,"href":"https:\/\/metal-badge.ch\/fr\/wp-json\/wp\/v2\/product_cat?post=133429"},{"taxonomy":"product_tag","embeddable":true,"href":"https:\/\/metal-badge.ch\/fr\/wp-json\/wp\/v2\/product_tag?post=133429"}],"curies":[{"name":"wp","href":"https:\/\/api.w.org\/{rel}","templated":true}]}}