{"id":133400,"date":"2023-11-04T00:34:21","date_gmt":"2023-11-03T23:34:22","guid":{"rendered":"https:\/\/metal-badge.ch\/?post_type=product&#038;p=133400"},"modified":"2023-11-04T00:42:02","modified_gmt":"2023-11-03T23:42:02","slug":"t-shirt-sicurezza","status":"publish","type":"product","link":"https:\/\/metal-badge.ch\/fr\/product\/133400\/t-shirt-sicurezza\/","title":{"rendered":"T-shirt SICUREZZA"},"content":{"rendered":"<ul>\n<li>Le t-shirt classique \u00e0 encolure ronde. Extensible et tr\u00e8s confortable. Agr\u00e9able \u00e0 porter et tr\u00e8s facile d&rsquo;entretien.<br \/>\n100 % coton.<\/li>\n<li>Imprim\u00e9 devant et derri\u00e8re : SICUREZZA.<\/li>\n<li>Disponible dans diff\u00e9rentes tailles.<\/li>\n<li>Disponible sur demande dans de grandes tailles comme le 2XL ; autres tailles disponibles.<span class=\"Apple-converted-space\">&nbsp;<\/span><\/li>\n<\/ul>\n","protected":false},"excerpt":{"rendered":"<ul>\n<li>Le t-shirt classique \u00e0 encolure ronde. Extensible et tr\u00e8s confortable. Agr\u00e9able \u00e0 porter et tr\u00e8s facile d&rsquo;entretien.<br \/>\n100 % coton.<\/li>\n<li>Imprim\u00e9 devant et derri\u00e8re : SICUREZZA.<\/li>\n<li>Disponible dans diff\u00e9rentes tailles.<\/li>\n<li>Disponible sur demande dans de grandes tailles comme le 2XL ; autres tailles disponibles.<span class=\"Apple-converted-space\">&nbsp;<\/span><\/li>\n<\/ul>\n","protected":false},"featured_media":133404,"comment_status":"open","ping_status":"closed","template":"","meta":{"inline_featured_image":false},"product_brand":[],"product_cat":[1570,1103],"product_tag":[1765],"class_list":{"0":"post-133400","1":"product","2":"type-product","3":"status-publish","4":"has-post-thumbnail","6":"product_cat-t-shirts-polo-shirts-fr","7":"product_cat-vetements","8":"product_tag-sport-outdoor-fr","10":"first","11":"instock","12":"taxable","13":"shipping-taxable","14":"purchasable","15":"product-type-simple"},"_links":{"self":[{"href":"https:\/\/metal-badge.ch\/fr\/wp-json\/wp\/v2\/product\/133400","targetHints":{"allow":["GET"]}}],"collection":[{"href":"https:\/\/metal-badge.ch\/fr\/wp-json\/wp\/v2\/product"}],"about":[{"href":"https:\/\/metal-badge.ch\/fr\/wp-json\/wp\/v2\/types\/product"}],"replies":[{"embeddable":true,"href":"https:\/\/metal-badge.ch\/fr\/wp-json\/wp\/v2\/comments?post=133400"}],"wp:featuredmedia":[{"embeddable":true,"href":"https:\/\/metal-badge.ch\/fr\/wp-json\/wp\/v2\/media\/133404"}],"wp:attachment":[{"href":"https:\/\/metal-badge.ch\/fr\/wp-json\/wp\/v2\/media?parent=133400"}],"wp:term":[{"taxonomy":"product_brand","embeddable":true,"href":"https:\/\/metal-badge.ch\/fr\/wp-json\/wp\/v2\/product_brand?post=133400"},{"taxonomy":"product_cat","embeddable":true,"href":"https:\/\/metal-badge.ch\/fr\/wp-json\/wp\/v2\/product_cat?post=133400"},{"taxonomy":"product_tag","embeddable":true,"href":"https:\/\/metal-badge.ch\/fr\/wp-json\/wp\/v2\/product_tag?post=133400"}],"curies":[{"name":"wp","href":"https:\/\/api.w.org\/{rel}","templated":true}]}}