{"id":133348,"date":"2023-11-03T23:30:55","date_gmt":"2023-11-03T22:30:55","guid":{"rendered":"https:\/\/metal-badge.ch\/?post_type=product&#038;p=133348"},"modified":"2023-11-03T23:41:07","modified_gmt":"2023-11-03T22:41:07","slug":"chaussures-de-trekking-et-de-randonnee-pour-hommes-et-femmes-gris","status":"publish","type":"product","link":"https:\/\/metal-badge.ch\/fr\/product\/133348\/chaussures-de-trekking-et-de-randonnee-pour-hommes-et-femmes-gris\/","title":{"rendered":"Chaussures de trekking et de randonn\u00e9e pour hommes et femmes \u2013 gris"},"content":{"rendered":"<p>Chaussure de trekking mi-haute au design classique et moderne.<\/p>\n<p>Ces chaussures de randonn\u00e9e robustes pour femmes et hommes avec une tige en cuir souple s\u00e9duisent par leur excellent confort et leur joli aspect&nbsp;: un compagnon de marche fiable pour des randonn\u00e9es tout confort.<span class=\"Apple-converted-space\">&nbsp;<\/span><\/p>\n<p>Chaussures de randonn\u00e9e souples avec un bon d\u00e9roul\u00e9 du pied, sa semelle Trail caoutchout\u00e9e assure une bonne tenue pendant vos randonn\u00e9es. Les chaussures de randonn\u00e9e id\u00e9ales pour les sorties en montagne.<span class=\"Apple-converted-space\">&nbsp;<\/span><\/p>\n<p><strong>Informations sur le produit&nbsp;:<span class=\"Apple-converted-space\">&nbsp;<\/span><\/strong><\/p>\n<ul>\n<li>Sport&nbsp;: trekking et randonn\u00e9e<\/li>\n<li>Mod\u00e8le&nbsp;: JFD2091<\/li>\n<li>Couleur&nbsp;: cuir sup\u00e9rieur gris avec mesh marron<\/li>\n<li>Pour hommes et femmes<\/li>\n<li>Embouts caoutchout\u00e9s<\/li>\n<li>Avec des propri\u00e9t\u00e9s respirantes pour un meilleur confort de port<\/li>\n<li>Mat\u00e9riau ext\u00e9rieur&nbsp;: daim, nylon<span class=\"Apple-converted-space\">&nbsp;<\/span><\/li>\n<li>La\u00e7age&nbsp;: fermeture \u00e0 lacet<\/li>\n<li>Bon amortissement<\/li>\n<li>Tenue s\u00fbre<\/li>\n<li>Semelle&nbsp;: caoutchouc<span class=\"Apple-converted-space\">&nbsp;<\/span><\/li>\n<li>Mat\u00e9riau int\u00e9rieur&nbsp;: mesh respirant<\/li>\n<li>Semelle int\u00e9rieure amovible<\/li>\n<li>Poids&nbsp;: env. 610&nbsp;g. \/paire<\/li>\n<li>Tailles&nbsp;: 35, 36, 37, 38, 39, 40, 41, 42, 43, 44<\/li>\n<li>Tailles&nbsp;: femmes 35 \u00e0 40<span class=\"Apple-converted-space\">&nbsp;<\/span><\/li>\n<li>Tailles&nbsp;: hommes 39 \u00e0 44<\/li>\n<\/ul>\n","protected":false},"excerpt":{"rendered":"<p>Chaussure de trekking mi-haute au design classique et moderne.<\/p>\n<p>Ces chaussures de randonn\u00e9e robustes pour femmes et hommes avec une tige en cuir souple s\u00e9duisent par leur excellent confort et leur joli aspect&nbsp;: un compagnon de marche fiable pour des randonn\u00e9es tout confort.<span class=\"Apple-converted-space\">&nbsp;<\/span><\/p>\n<p>Chaussures de randonn\u00e9e souples avec un bon d\u00e9roul\u00e9 du pied, sa semelle Trail caoutchout\u00e9e assure une bonne tenue pendant vos randonn\u00e9es. Les chaussures de randonn\u00e9e id\u00e9ales pour les sorties en montagne.<span class=\"Apple-converted-space\">&nbsp;<\/span><\/p>\n","protected":false},"featured_media":133372,"comment_status":"closed","ping_status":"closed","template":"","meta":{"inline_featured_image":false},"product_brand":[],"product_cat":[2197,887],"product_tag":[1765],"class_list":{"0":"post-133348","1":"product","2":"type-product","3":"status-publish","4":"has-post-thumbnail","6":"product_cat-chaussuresetbottes","7":"product_cat-accessoires","8":"product_tag-sport-outdoor-fr","10":"first","11":"instock","12":"taxable","13":"shipping-taxable","14":"purchasable","15":"product-type-simple"},"_links":{"self":[{"href":"https:\/\/metal-badge.ch\/fr\/wp-json\/wp\/v2\/product\/133348","targetHints":{"allow":["GET"]}}],"collection":[{"href":"https:\/\/metal-badge.ch\/fr\/wp-json\/wp\/v2\/product"}],"about":[{"href":"https:\/\/metal-badge.ch\/fr\/wp-json\/wp\/v2\/types\/product"}],"replies":[{"embeddable":true,"href":"https:\/\/metal-badge.ch\/fr\/wp-json\/wp\/v2\/comments?post=133348"}],"wp:featuredmedia":[{"embeddable":true,"href":"https:\/\/metal-badge.ch\/fr\/wp-json\/wp\/v2\/media\/133372"}],"wp:attachment":[{"href":"https:\/\/metal-badge.ch\/fr\/wp-json\/wp\/v2\/media?parent=133348"}],"wp:term":[{"taxonomy":"product_brand","embeddable":true,"href":"https:\/\/metal-badge.ch\/fr\/wp-json\/wp\/v2\/product_brand?post=133348"},{"taxonomy":"product_cat","embeddable":true,"href":"https:\/\/metal-badge.ch\/fr\/wp-json\/wp\/v2\/product_cat?post=133348"},{"taxonomy":"product_tag","embeddable":true,"href":"https:\/\/metal-badge.ch\/fr\/wp-json\/wp\/v2\/product_tag?post=133348"}],"curies":[{"name":"wp","href":"https:\/\/api.w.org\/{rel}","templated":true}]}}