{"id":133248,"date":"2023-11-03T04:14:36","date_gmt":"2023-11-03T03:14:37","guid":{"rendered":"https:\/\/metal-badge.ch\/?post_type=product&#038;p=133248"},"modified":"2024-12-04T02:06:06","modified_gmt":"2024-12-04T01:06:06","slug":"sac-a-dos-tactique-systeme-molle-30-litres-noir","status":"publish","type":"product","link":"https:\/\/metal-badge.ch\/fr\/product\/133248\/sac-a-dos-tactique-systeme-molle-30-litres-noir\/","title":{"rendered":"Sac \u00e0 dos tactique syst\u00e8me Molle 30\u00a0litres noir"},"content":{"rendered":"<p>Ce sac \u00e0 dos est \u00e9quip\u00e9 d\u2019un grand compartiment \u00e0 double fermeture \u00e9clair circulaire et d\u2019un compartiment int\u00e9rieur s\u00e9par\u00e9 et rembourr\u00e9 avec fermeture autoagrippante pour ordinateur portable. En outre, deux grandes poches ext\u00e9rieures s\u00e9par\u00e9es et superpos\u00e9es sont munies d\u2019une fermeture \u00e9clair. \u00c0 l\u2019ext\u00e9rieur des deux c\u00f4t\u00e9s, le sac \u00e0 dos est \u00e9quip\u00e9 d\u2019un support de bouteille et de sangles. Le syst\u00e8me Molle avec velcro permet d\u2019ajouter des poches ou des patchs suppl\u00e9mentaires au sac \u00e0 dos. Ce sac \u00e0 dos est tr\u00e8s robuste, hydrofuge et offre un grand confort de port avec ses bretelles r\u00e9glables et rembourr\u00e9es. Pour \u00e9viter les points de pression, le sac \u00e0 dos est \u00e9galement \u00e9quip\u00e9 d\u2019un rembourrage respirant sur le dos. La ceinture ventrale r\u00e9glable et une ceinture pectorale suppl\u00e9mentaire permettent d\u2019ajuster le sac \u00e0 dos au porteur et de le porter confortablement m\u00eame lorsqu\u2019il est lourdement charg\u00e9. Les deux sangles sont \u00e9quip\u00e9es d\u2019une fermeture rapide. De plus, une poign\u00e9e de transport robuste est fix\u00e9e au sac \u00e0 dos.<\/p>\n<p><b>Description du produit&nbsp;:<\/b><\/p>\n<ul>\n<li>Mod\u00e8le&nbsp;: sac \u00e0 dos tactique syst\u00e8me Molle YM-BL075<\/li>\n<li>Couleur: noir<\/li>\n<li>Poids&nbsp;: 800&nbsp;g<\/li>\n<li>Mati\u00e8re: 900D Oxford<\/li>\n<li>Volume: 30&nbsp;litres<\/li>\n<li>Tr\u00e8s durable, robuste et hydrofuge<\/li>\n<li>Avec poign\u00e9e de transport<\/li>\n<li>Bandes r\u00e9fl\u00e9chissantes \u00e0 l\u2019ext\u00e9rieur<span class=\"Apple-converted-space\">&nbsp;<\/span><\/li>\n<li>2&nbsp;caoutchoucs \u00e9lastiques \u00e0 l\u2019ext\u00e9rieur pour diff. fixations, veste, etc.<\/li>\n<li>Sortie de c\u00e2ble pour USB, etc.<\/li>\n<li>Poitrine et sangles abdominales avec attaches rapides<\/li>\n<li>Repose-dos et sangles rembourr\u00e9es<\/li>\n<li>Grand compartiment principal spacieux avec double fermeture \u00e9clair circulaire avec compartiment de s\u00e9paration pour ordinateur portable<\/li>\n<li>Deux grandes poches ext\u00e9rieures suppl\u00e9mentaires avec fermeture \u00e9clair<\/li>\n<li>Syst\u00e8me molle avec velcro \u00e0 l\u2019ext\u00e9rieur<\/li>\n<li>Dimensions du compartiment principal: hauteur 50&nbsp;cm\/largeur 30&nbsp;cm\/profondeur 18&nbsp;cm<\/li>\n<li>Dimensions deux compartiments ext\u00e9rieurs avec fermeture \u00e9clair: hauteur 33&nbsp;cm\/largeur 23&nbsp;cm\/profondeur 12&nbsp;cm<\/li>\n<\/ul>\n","protected":false},"excerpt":{"rendered":"<p>Ce sac \u00e0 dos est \u00e9quip\u00e9 d\u2019un grand compartiment \u00e0 double fermeture \u00e9clair circulaire et d\u2019un compartiment int\u00e9rieur s\u00e9par\u00e9 et rembourr\u00e9 avec fermeture autoagrippante pour ordinateur portable. En outre, deux grandes poches ext\u00e9rieures s\u00e9par\u00e9es et superpos\u00e9es sont munies d\u2019une fermeture \u00e9clair. \u00c0 l\u2019ext\u00e9rieur des deux c\u00f4t\u00e9s, le sac \u00e0 dos est \u00e9quip\u00e9 d\u2019un support de bouteille et de sangles.<\/p>\n","protected":false},"featured_media":133252,"comment_status":"closed","ping_status":"closed","template":"","meta":{"inline_featured_image":false},"product_brand":[],"product_cat":[1347,1435,1255],"product_tag":[1769,1773,1765],"class_list":{"0":"post-133248","1":"product","2":"type-product","3":"status-publish","4":"has-post-thumbnail","6":"product_cat-accessoires-militaires-de-chasse","7":"product_cat-camping-voyage","8":"product_cat-sacs-a-dos-et-systemes-de-boisson","9":"product_tag-army-survival-fr","10":"product_tag-chasse-peche","11":"product_tag-sport-outdoor-fr","13":"first","14":"instock","15":"taxable","16":"shipping-taxable","17":"purchasable","18":"product-type-simple"},"_links":{"self":[{"href":"https:\/\/metal-badge.ch\/fr\/wp-json\/wp\/v2\/product\/133248","targetHints":{"allow":["GET"]}}],"collection":[{"href":"https:\/\/metal-badge.ch\/fr\/wp-json\/wp\/v2\/product"}],"about":[{"href":"https:\/\/metal-badge.ch\/fr\/wp-json\/wp\/v2\/types\/product"}],"replies":[{"embeddable":true,"href":"https:\/\/metal-badge.ch\/fr\/wp-json\/wp\/v2\/comments?post=133248"}],"wp:featuredmedia":[{"embeddable":true,"href":"https:\/\/metal-badge.ch\/fr\/wp-json\/wp\/v2\/media\/133252"}],"wp:attachment":[{"href":"https:\/\/metal-badge.ch\/fr\/wp-json\/wp\/v2\/media?parent=133248"}],"wp:term":[{"taxonomy":"product_brand","embeddable":true,"href":"https:\/\/metal-badge.ch\/fr\/wp-json\/wp\/v2\/product_brand?post=133248"},{"taxonomy":"product_cat","embeddable":true,"href":"https:\/\/metal-badge.ch\/fr\/wp-json\/wp\/v2\/product_cat?post=133248"},{"taxonomy":"product_tag","embeddable":true,"href":"https:\/\/metal-badge.ch\/fr\/wp-json\/wp\/v2\/product_tag?post=133248"}],"curies":[{"name":"wp","href":"https:\/\/api.w.org\/{rel}","templated":true}]}}