{"id":133119,"date":"2023-11-03T01:36:39","date_gmt":"2023-11-03T00:36:39","guid":{"rendered":"https:\/\/metal-badge.ch\/product\/133119\/sac-a-dos-tactique-brun-systeme-molle-27-litres\/"},"modified":"2024-12-04T01:50:54","modified_gmt":"2024-12-04T00:50:54","slug":"sac-a-dos-tactique-brun-systeme-molle-27-litres","status":"publish","type":"product","link":"https:\/\/metal-badge.ch\/fr\/product\/133119\/sac-a-dos-tactique-brun-systeme-molle-27-litres\/","title":{"rendered":"Sac \u00e0 dos tactique brun syst\u00e8me Molle 27\u00a0litres"},"content":{"rendered":"<p>Ce sac \u00e0 dos est \u00e9quip\u00e9 d\u2019un grand compartiment \u00e0 double fermeture \u00e9clair circulaire et d\u2019un compartiment int\u00e9rieur s\u00e9par\u00e9 et rembourr\u00e9 avec fermeture autoagrippante pour ordinateur portable. En compl\u00e9ment, un deuxi\u00e8me grand compartiment ext\u00e9rieur avec beaucoup d\u2019espace de rangement et fermeture \u00e9clair se trouve \u00e0 l\u2019int\u00e9rieur avec une autre poche zipp\u00e9e. Un troisi\u00e8me grand compartiment zipp\u00e9 pour pullover\/coupe-vent est cach\u00e9 sous le syst\u00e8me Molle Rig et est facilement accessible. Dans la partie inf\u00e9rieure du sac \u00e0 dos se trouve un quatri\u00e8me petit compartiment \u00e0 fermeture \u00e9clair avec bloc d\u2019alimentation, id\u00e9al pour les gants et les petits objets. \u00c0 l\u2019ext\u00e9rieur des deux c\u00f4t\u00e9s, le sac \u00e0 dos est \u00e9quip\u00e9 d\u2019un support de bouteille en filet et de sangles. Le syst\u00e8me Molle avec velcro permet d\u2019ajouter des poches ou des patchs suppl\u00e9mentaires au sac \u00e0 dos. De plus, d\u2019autres boucles avec fermeture rapide sont plac\u00e9es \u00e0 l\u2019ext\u00e9rieur et permettent par exemple de fixer une veste de pluie ou une polaire \u00e0 l\u2019ext\u00e9rieur.<span class=\"Apple-converted-space\">&nbsp;<\/span><\/p>\n<p>Ce sac \u00e0 dos est tr\u00e8s robuste, hydrofuge et offre un grand confort de port avec ses bretelles r\u00e9glables et rembourr\u00e9es. Pour \u00e9viter les points de pression, le sac \u00e0 dos est \u00e9galement \u00e9quip\u00e9 d\u2019un rembourrage respirant sur le dos. La ceinture ventrale r\u00e9glable et une ceinture pectorale suppl\u00e9mentaire permettent d\u2019ajuster le sac \u00e0 dos au porteur et de le porter confortablement m\u00eame lorsqu\u2019il est lourdement charg\u00e9. Les deux sangles sont \u00e9quip\u00e9es d\u2019une fermeture rapide. De plus, une poign\u00e9e de transport robuste est fix\u00e9e au sac \u00e0 dos.<\/p>\n<p><b>Description du produit:<\/b><\/p>\n<ul>\n<li>Mod\u00e8le: sac \u00e0 dos tactique syst\u00e8me Molle YM-BL080<\/li>\n<li>Couleur: marron<\/li>\n<li>Poids: 800&nbsp;g<\/li>\n<li>Mati\u00e8re: 900D Oxford<\/li>\n<li>Volume: 27&nbsp;litres<\/li>\n<li>Tr\u00e8s durable, robuste et hydrofuge<\/li>\n<li>Avec poign\u00e9e de transport<\/li>\n<li>Sortie de c\u00e2ble pour USB, etc.<\/li>\n<li>Poitrine et sangles abdominales avec attaches rapides<\/li>\n<li>Repose-dos et sangles rembourr\u00e9es<\/li>\n<li>2&nbsp;porte-bouteilles sur le c\u00f4t\u00e9 \u00e0 l\u2019ext\u00e9rieur avec filet<\/li>\n<li>Grand compartiment principal spacieux avec double fermeture \u00e9clair circulaire avec compartiment de s\u00e9paration pour ordinateur portable<\/li>\n<li>3&nbsp;autres compartiments \u00e0 fermeture \u00e9clair de diff\u00e9rentes tailles.<span class=\"Apple-converted-space\">&nbsp;<\/span><\/li>\n<li>Deux grandes poches ext\u00e9rieures suppl\u00e9mentaires avec fermeture \u00e9clair<\/li>\n<li>Syst\u00e8me Molle avec velcro \u00e0 l\u2019ext\u00e9rieur<\/li>\n<li>Boucles avec fermeture rapide pour la fixation de v\u00eatements suppl\u00e9mentaires, etc.<\/li>\n<li>Dimensions du compartiment principal: hauteur 50&nbsp;cm\/largeur 30&nbsp;cm\/profondeur 18&nbsp;cm<br \/>\nDimensions du compartiment ext\u00e9rieur: hauteur 34&nbsp;cm\/largeur 26&nbsp;cm\/profondeur 9&nbsp;cm avec compartiment int\u00e9rieur zipp\u00e9<\/li>\n<li>Dimensions compartiment ext\u00e9rieur: hauteur 34&nbsp;cm\/largeur 26&nbsp;cm\/profondeur 7&nbsp;cm<span class=\"Apple-converted-space\">&nbsp;<\/span><\/li>\n<li>Dimensions compartiment ext\u00e9rieur avec bloc d\u2019alimentation: hauteur 15&nbsp;cm\/largeur 30&nbsp;cm\/profondeur 10&nbsp;cm<span class=\"Apple-converted-space\">&nbsp;<\/span><\/li>\n<\/ul>\n","protected":false},"excerpt":{"rendered":"<p>Ce sac \u00e0 dos est \u00e9quip\u00e9 d\u2019un grand compartiment \u00e0 double fermeture \u00e9clair circulaire et d\u2019un compartiment int\u00e9rieur s\u00e9par\u00e9 et rembourr\u00e9 avec fermeture autoagrippante pour ordinateur portable. En compl\u00e9ment, un deuxi\u00e8me grand compartiment ext\u00e9rieur avec beaucoup d\u2019espace de rangement et fermeture \u00e9clair se trouve \u00e0 l\u2019int\u00e9rieur avec une autre poche zipp\u00e9e. Un troisi\u00e8me grand compartiment zipp\u00e9 pour pullover\/coupe-vent est cach\u00e9 sous le syst\u00e8me Molle Rig et est facilement accessible.<\/p>\n","protected":false},"featured_media":133088,"comment_status":"closed","ping_status":"closed","template":"","meta":{"inline_featured_image":false},"product_brand":[],"product_cat":[1347,1435,1255],"product_tag":[1769,1773,1765],"class_list":{"0":"post-133119","1":"product","2":"type-product","3":"status-publish","4":"has-post-thumbnail","6":"product_cat-accessoires-militaires-de-chasse","7":"product_cat-camping-voyage","8":"product_cat-sacs-a-dos-et-systemes-de-boisson","9":"product_tag-army-survival-fr","10":"product_tag-chasse-peche","11":"product_tag-sport-outdoor-fr","13":"first","14":"instock","15":"taxable","16":"shipping-taxable","17":"purchasable","18":"product-type-simple"},"_links":{"self":[{"href":"https:\/\/metal-badge.ch\/fr\/wp-json\/wp\/v2\/product\/133119","targetHints":{"allow":["GET"]}}],"collection":[{"href":"https:\/\/metal-badge.ch\/fr\/wp-json\/wp\/v2\/product"}],"about":[{"href":"https:\/\/metal-badge.ch\/fr\/wp-json\/wp\/v2\/types\/product"}],"replies":[{"embeddable":true,"href":"https:\/\/metal-badge.ch\/fr\/wp-json\/wp\/v2\/comments?post=133119"}],"wp:featuredmedia":[{"embeddable":true,"href":"https:\/\/metal-badge.ch\/fr\/wp-json\/wp\/v2\/media\/133088"}],"wp:attachment":[{"href":"https:\/\/metal-badge.ch\/fr\/wp-json\/wp\/v2\/media?parent=133119"}],"wp:term":[{"taxonomy":"product_brand","embeddable":true,"href":"https:\/\/metal-badge.ch\/fr\/wp-json\/wp\/v2\/product_brand?post=133119"},{"taxonomy":"product_cat","embeddable":true,"href":"https:\/\/metal-badge.ch\/fr\/wp-json\/wp\/v2\/product_cat?post=133119"},{"taxonomy":"product_tag","embeddable":true,"href":"https:\/\/metal-badge.ch\/fr\/wp-json\/wp\/v2\/product_tag?post=133119"}],"curies":[{"name":"wp","href":"https:\/\/api.w.org\/{rel}","templated":true}]}}